{"id":758041,"date":"2025-08-28T07:54:06","date_gmt":"2025-08-28T04:54:06","guid":{"rendered":"https:\/\/roveyayinevi.com.tr\/index.php\/urun\/firka-i-islahiye-2\/"},"modified":"2026-04-16T03:11:15","modified_gmt":"2026-04-16T00:11:15","slug":"firka-i-islahiye-2","status":"publish","type":"product","link":"https:\/\/roveyayinevi.com.tr\/index.php\/urun\/firka-i-islahiye-2\/","title":{"rendered":"F\u0131rka-i Islahiye"},"content":{"rendered":"<p>Ahmed Cevdet Pa\u015fa, Osmanl\u0131 Devleti&#8217;nin son d\u00f6nemlerinde ya\u015fam\u0131\u015f, \u00f6nemli g\u00f6revlerde bulunmu\u015f ve bir\u00e7ok alanda eserler kaleme alm\u0131\u015ft\u0131r. Kendisi, \u00f6nemli bir devlet adam\u0131 ve Osmanl\u0131 tarih\u00e7isi olarak tan\u0131nmaktad\u0131r.\u00c7al\u0131\u015fmada, Ahmed Cevdet Pa\u015fa&#8217;n\u0131n, kendisinin de g\u00f6revli olarak ba\u015f\u0131nda bulundu\u011fu F\u0131rka-i Isl\u00e2hiye&#8217;nin 1864 &#8211; 1867 tarihleri aras\u0131nda ger\u00e7ekle\u015ftirdi\u011fi faaliyetleri hakk\u0131ndaki l\u00e2yihas\u0131n\u0131n tan\u0131t\u0131m\u0131 ve de\u011ferlendirmesi yap\u0131lm\u0131\u015ft\u0131r. L\u00e2yihada F\u0131rka-i Isl\u00e2hiye&#8217;nin, g\u00fcn\u00fcm\u00fcz Hatay, Gaziantep, Osmaniye, Kahramanmara\u015f ve Adana il s\u0131n\u0131rlar\u0131 i\u00e7erisinde yer alan, Kozan ve G\u00e2vur Da\u011flar\u0131 b\u00f6lgesinde yapt\u0131\u011f\u0131 faaliyetlere dair bilgiler yer almaktad\u0131r. \u015eimdiye kadar varl\u0131\u011f\u0131ndan bahsedilmeyen s\u00f6z konusu l\u00e2yihan\u0131n tan\u0131t\u0131m\u0131n\u0131n yap\u0131lmas\u0131 yan\u0131nda l\u00e2yihaya g\u00f6re F\u0131rka-i Isl\u00e2hiye&#8217;nin Kozan ve G\u00e2vur Da\u011flar\u0131 b\u00f6lgesinde yapt\u0131\u011f\u0131 faaliyetler de k\u0131saca ele al\u0131nm\u0131\u015ft\u0131r.Bu \u00e7al\u0131\u015fma ile l\u00e2yihan\u0131n m\u00fcellif n\u00fcshas\u0131 incelenmi\u015f, Ahmed Cevdet Pa\u015fa&#8217;n\u0131n bir eseri ilk kez g\u00fcn y\u00fcz\u00fcne \u00e7\u0131kar\u0131lm\u0131\u015f ve birinci elden tarihi bir kaynak bilim d\u00fcnyas\u0131n\u0131n hizmetine sunulmu\u015ftur. K\u0131sacas\u0131, bu l\u00e2yihan\u0131n mahiyeti, tetk\u00eeki, tahl\u00eeli ve Osmanl\u0131 tarihi i\u00e7in \u00f6nemi \u00e7al\u0131\u015fman\u0131n konusunu te\u015fkil etmi\u015ftir.<\/p>\n","protected":false},"excerpt":{"rendered":"<p>Ahmed Cevdet Pa\u015fa, Osmanl\u0131 Devleti&#8217;nin son d\u00f6nemlerinde ya\u015fam\u0131\u015f, \u00f6nemli g\u00f6revlerde bulunmu\u015f ve bir\u00e7ok alanda eserler kaleme alm\u0131\u015ft\u0131r. Kendisi, \u00f6nemli bir devlet adam\u0131 ve Osmanl\u0131 tarih\u00e7isi olarak<span class=\"excerpt-hellip\"> [\u2026]<\/span><\/p>\n","protected":false},"featured_media":0,"template":"","meta":{"_monsterinsights_skip_tracking":false,"_monsterinsights_sitenote_active":false,"_monsterinsights_sitenote_note":"","_monsterinsights_sitenote_category":0},"product_brand":[],"product_cat":[12370,12304],"product_tag":[],"class_list":{"0":"post-758041","1":"product","2":"type-product","3":"status-publish","5":"product_cat-arastirma-inceleme","6":"product_cat-tarih","7":"pa_cilt-ciltsiz","8":"pa_tur-kitap","9":"pa_yayinevi-ideal-kultur-yayincilik","10":"pa_yazar-saim-yoruk","12":"first","13":"instock","14":"sale","15":"shipping-taxable","16":"purchasable","17":"product-type-simple"},"_links":{"self":[{"href":"https:\/\/roveyayinevi.com.tr\/index.php\/wp-json\/wp\/v2\/product\/758041","targetHints":{"allow":["GET"]}}],"collection":[{"href":"https:\/\/roveyayinevi.com.tr\/index.php\/wp-json\/wp\/v2\/product"}],"about":[{"href":"https:\/\/roveyayinevi.com.tr\/index.php\/wp-json\/wp\/v2\/types\/product"}],"wp:attachment":[{"href":"https:\/\/roveyayinevi.com.tr\/index.php\/wp-json\/wp\/v2\/media?parent=758041"}],"wp:term":[{"taxonomy":"product_brand","embeddable":true,"href":"https:\/\/roveyayinevi.com.tr\/index.php\/wp-json\/wp\/v2\/product_brand?post=758041"},{"taxonomy":"product_cat","embeddable":true,"href":"https:\/\/roveyayinevi.com.tr\/index.php\/wp-json\/wp\/v2\/product_cat?post=758041"},{"taxonomy":"product_tag","embeddable":true,"href":"https:\/\/roveyayinevi.com.tr\/index.php\/wp-json\/wp\/v2\/product_tag?post=758041"}],"curies":[{"name":"wp","href":"https:\/\/api.w.org\/{rel}","templated":true}]}}