{"id":758040,"date":"2025-08-28T07:54:04","date_gmt":"2025-08-28T04:54:04","guid":{"rendered":"https:\/\/roveyayinevi.com.tr\/index.php\/urun\/gelisim-psikolojisi\/"},"modified":"2026-04-16T03:11:15","modified_gmt":"2026-04-16T00:11:15","slug":"gelisim-psikolojisi","status":"publish","type":"product","link":"https:\/\/roveyayinevi.com.tr\/index.php\/urun\/gelisim-psikolojisi\/","title":{"rendered":"Geli\u015fim Psikolojisi"},"content":{"rendered":"<p>Elinizdeki bu kitap e\u011fitim bilimleri kapsam\u0131nda GEL\u0130\u015e\u0130M PS\u0130KOLOJ\u0130S\u0130NE ili\u015fkin terimler ve \u00f6\u011frenme kuramlar\u0131 kapsam\u0131nda ele al\u0131nan konular\u0131 i\u00e7ermektedir. Buna g\u00f6re kitap olabildi\u011fince akademik i\u00e7erikten uzak bir \u015fekilde olabildi\u011fince konular\u0131n sadele\u015ftirilmesiyle kpss s\u0131nav\u0131 i\u00e7in temel te\u015fkil edecek konu ba\u015fl\u0131klar\u0131n\u0131n anla\u015f\u0131l\u0131r ve a\u00e7\u0131k bir \u015fekilde sunumuna d\u00f6n\u00fck d\u00fczenlenmi\u015ftir. Kitab\u0131n i\u00e7eri\u011finde geli\u015fimin evreleri ve bu ba\u011flamda bu d\u00f6nemlere ili\u015fkin konu ba\u015fl\u0131klar\u0131 kuramsal y\u00f6nleriyle ele al\u0131nm\u0131\u015f sonras\u0131nda ise geli\u015fimle ilgili temel kavramlar bile\u015feninde bili\u015fsel, ahlaki, sosyal geli\u015fme gibi kuramlar \u0131\u015f\u0131\u011f\u0131nda ele al\u0131nm\u0131\u015ft\u0131r. \u00d6\u011frenmenin verimli\u011fi\u011fi kayg\u0131s\u0131yla soyut konular\u0131n birbirine kar\u0131\u015ft\u0131r\u0131lmamas\u0131 i\u00e7in tekrar ve peki\u015ftirme ama\u00e7l\u0131 konulara kas\u0131tl\u0131 olarak m\u00fckerrer \u015fekilde yer verilmi\u015ftir. Bu \u015fekilde \u00f6\u011frenmede ay\u0131rdedicili\u011fe ve fark\u0131ndal\u0131\u011fa vurgu yap\u0131lmas\u0131 ama\u00e7lanm\u0131\u015ft\u0131r. Bu nedenle her hangi bir yanl\u0131\u015fl\u0131k s\u00f6z konusu de\u011fildir. Farkl\u0131 \u015fekillerde ele al\u0131nan ayn\u0131 ba\u015fl\u0131klar\u0131n \u00f6\u011frencilerimizde kal\u0131c\u0131l\u0131\u011f\u0131 art\u0131rmak i\u00e7in\u00f6nemli bir olumlu transfer arac\u0131 olarak g\u00f6r\u00fclm\u00fc\u015ft\u00fcrt\u00fcr. Di\u011fer taraftan her konu i\u00e7erisinde konuyla ilgili daha \u00f6nceden \u00e7\u0131km\u0131\u015f sorulara yer vilerek kpss de nas\u0131l soru tarz\u0131 olarak nas\u0131l ele al\u0131nd\u0131\u011f\u0131, ilgili kavramlar\u0131n nas\u0131l soru i\u00e7erisine yans\u0131d\u0131\u011f\u0131na vurgu yap\u0131lm\u0131\u015ft\u0131r. Bununla beraber \u00f6rnek soru tarzlar\u0131 hem konu i\u00e7erisinde hemde konu sonlar\u0131nda kendimizi deneyelim \u015feklinde \u00f6\u011frenmelerimize ili\u015fkin ara de\u011ferlendirme d\u00fczey \u00e7al\u0131\u015fmalar\u0131 ve d\u00f6n\u00fct sa\u011flanmas\u0131 ama\u00e7lanm\u0131\u015ft\u0131r. Bu ba\u011flamda kitab\u0131m\u0131z bir ders arac\u0131 olarak bilimsellikten ziyada \u00f6\u011fretmen aday\u0131 arkada\u015flar\u0131m\u0131za KPSS mant\u0131\u011f\u0131nda konular\u0131 ele alarak hem mevcut ba\u015fl\u0131klara ili\u015fkin kuramsal yakla\u015f\u0131mlar\u0131 teorik anlamda daha pratikle\u015ftirirken, di\u011fer taraftanda \u00f6\u011frenciyi s\u0131kmadan g\u00fcncel \u00f6rneklerle disipline d\u00f6n\u00fck konular i\u015flenmi\u015ftir. \u0130\u015fte bu nedenle gerek ders i\u00e7i anla\u015f\u0131l\u0131rl\u0131\u011f\u0131 maksimize etmesi gerekse s\u0131nav mant\u0131\u011f\u0131yla d\u00fczenlenmesinden dolay\u0131 bir bilimsel kitap olmay\u0131p, ders i\u00e7i notlar\u0131n pratik \u015fekilde derlendi\u011fi bilgilerin birle\u015ftirldi\u011fi ders notu niteli\u011findedir. Kitab\u0131n ders i\u00e7i ve KPSS s\u0131nav\u0131nda ba\u015far\u0131 getirmesi dilegiyle t\u00fcm payla\u015f\u0131mc\u0131lara atfolunur&#8230;<\/p>\n","protected":false},"excerpt":{"rendered":"<p>Elinizdeki bu kitap e\u011fitim bilimleri kapsam\u0131nda GEL\u0130\u015e\u0130M PS\u0130KOLOJ\u0130S\u0130NE ili\u015fkin terimler ve \u00f6\u011frenme kuramlar\u0131 kapsam\u0131nda ele al\u0131nan konular\u0131 i\u00e7ermektedir. Buna g\u00f6re kitap olabildi\u011fince akademik i\u00e7erikten uzak bir<span class=\"excerpt-hellip\"> [\u2026]<\/span><\/p>\n","protected":false},"featured_media":0,"template":"","meta":{"_monsterinsights_skip_tracking":false,"_monsterinsights_sitenote_active":false,"_monsterinsights_sitenote_note":"","_monsterinsights_sitenote_category":0},"product_brand":[],"product_cat":[12357],"product_tag":[],"class_list":{"0":"post-758040","1":"product","2":"type-product","3":"status-publish","5":"product_cat-psikoloji","6":"pa_cilt-ciltsiz","7":"pa_tur-kitap","8":"pa_yayinevi-ideal-kultur-akademik","9":"pa_yazar-tuncay-dilci","11":"first","12":"instock","13":"sale","14":"shipping-taxable","15":"purchasable","16":"product-type-simple"},"_links":{"self":[{"href":"https:\/\/roveyayinevi.com.tr\/index.php\/wp-json\/wp\/v2\/product\/758040","targetHints":{"allow":["GET"]}}],"collection":[{"href":"https:\/\/roveyayinevi.com.tr\/index.php\/wp-json\/wp\/v2\/product"}],"about":[{"href":"https:\/\/roveyayinevi.com.tr\/index.php\/wp-json\/wp\/v2\/types\/product"}],"wp:attachment":[{"href":"https:\/\/roveyayinevi.com.tr\/index.php\/wp-json\/wp\/v2\/media?parent=758040"}],"wp:term":[{"taxonomy":"product_brand","embeddable":true,"href":"https:\/\/roveyayinevi.com.tr\/index.php\/wp-json\/wp\/v2\/product_brand?post=758040"},{"taxonomy":"product_cat","embeddable":true,"href":"https:\/\/roveyayinevi.com.tr\/index.php\/wp-json\/wp\/v2\/product_cat?post=758040"},{"taxonomy":"product_tag","embeddable":true,"href":"https:\/\/roveyayinevi.com.tr\/index.php\/wp-json\/wp\/v2\/product_tag?post=758040"}],"curies":[{"name":"wp","href":"https:\/\/api.w.org\/{rel}","templated":true}]}}