{"id":758035,"date":"2025-08-28T07:53:57","date_gmt":"2025-08-28T04:53:57","guid":{"rendered":"https:\/\/roveyayinevi.com.tr\/index.php\/urun\/ben-elvis-riboldi-ciltli\/"},"modified":"2026-04-16T03:11:15","modified_gmt":"2026-04-16T00:11:15","slug":"ben-elvis-riboldi-ciltli","status":"publish","type":"product","link":"https:\/\/roveyayinevi.com.tr\/index.php\/urun\/ben-elvis-riboldi-ciltli\/","title":{"rendered":"Ben, Elvis Riboldi (Ciltli)"},"content":{"rendered":"<p>Elvis Riboldi \u00e7ok \u00f6zel bir \u00e7ocuk. Kimileri onun tam bir haylaz oldu\u011funu s\u00f6yl\u00fcyor. Derslerde kahkahalara neden olan felaketleriyle Elvis ilk kitab\u0131nda en sevdi\u011fi k\u00fc\u00e7\u00fckl\u00fck an\u0131lar\u0131n\u0131 hat\u0131rl\u0131yor. \u00dc\u00e7 sayfa s\u00fcren g\u00fczel an\u0131lar\u0131ndan sonra en sevmedi\u011fi an\u0131lar\u0131 ba\u015fl\u0131yor ve sizi her sayfada daha \u00e7ok g\u00fcld\u00fcr\u00fcyor.Elvis Riboldi kar\u0131ncay\u0131 bile incitemeyen harika bir \u00e7ocuk. Bu kitapta da hi\u00e7bir kar\u0131ncaya zarar verilmemi\u015ftir. Zarar verilen \u015feyler \u015funlarla s\u0131n\u0131rl\u0131d\u0131r:-Bir evin tamam\u0131-Birka\u00e7 y\u00fcz araba-82 motor-16 pencere-12 renkli kalem-Okula ait 8 te\u00e7hizat ve makine-5 yumurta-1 adet pahal\u0131 saat-1 yol levhas\u0131, alarm, g\u00f6zl\u00fck ve do\u011fum g\u00fcn\u00fc pastas\u0131 gibi \u015feyler.Abartt\u0131\u011f\u0131m\u0131z\u0131 d\u00fc\u015f\u00fcn\u00fcyorsan, Elvis&#8217;i tan\u0131m\u0131yorsun demektir.Daha ne bekliyorsun?<\/p>\n","protected":false},"excerpt":{"rendered":"<p>Elvis Riboldi \u00e7ok \u00f6zel bir \u00e7ocuk. Kimileri onun tam bir haylaz oldu\u011funu s\u00f6yl\u00fcyor. Derslerde kahkahalara neden olan felaketleriyle Elvis ilk kitab\u0131nda en sevdi\u011fi k\u00fc\u00e7\u00fckl\u00fck an\u0131lar\u0131n\u0131 hat\u0131rl\u0131yor.<span class=\"excerpt-hellip\"> [\u2026]<\/span><\/p>\n","protected":false},"featured_media":0,"template":"","meta":{"_monsterinsights_skip_tracking":false,"_monsterinsights_sitenote_active":false,"_monsterinsights_sitenote_note":"","_monsterinsights_sitenote_category":0},"product_brand":[],"product_cat":[12274,12284],"product_tag":[],"class_list":{"0":"post-758035","1":"product","2":"type-product","3":"status-publish","5":"product_cat-cocuk-ve-genclik-kitaplari","6":"product_cat-hikayeler","7":"pa_cilt-ciltli","8":"pa_tur-kitap","9":"pa_yayinevi-ideal-kultur-yayincilik","10":"pa_yazar-bono-bidari","12":"first","13":"instock","14":"sale","15":"shipping-taxable","16":"purchasable","17":"product-type-simple"},"_links":{"self":[{"href":"https:\/\/roveyayinevi.com.tr\/index.php\/wp-json\/wp\/v2\/product\/758035","targetHints":{"allow":["GET"]}}],"collection":[{"href":"https:\/\/roveyayinevi.com.tr\/index.php\/wp-json\/wp\/v2\/product"}],"about":[{"href":"https:\/\/roveyayinevi.com.tr\/index.php\/wp-json\/wp\/v2\/types\/product"}],"wp:attachment":[{"href":"https:\/\/roveyayinevi.com.tr\/index.php\/wp-json\/wp\/v2\/media?parent=758035"}],"wp:term":[{"taxonomy":"product_brand","embeddable":true,"href":"https:\/\/roveyayinevi.com.tr\/index.php\/wp-json\/wp\/v2\/product_brand?post=758035"},{"taxonomy":"product_cat","embeddable":true,"href":"https:\/\/roveyayinevi.com.tr\/index.php\/wp-json\/wp\/v2\/product_cat?post=758035"},{"taxonomy":"product_tag","embeddable":true,"href":"https:\/\/roveyayinevi.com.tr\/index.php\/wp-json\/wp\/v2\/product_tag?post=758035"}],"curies":[{"name":"wp","href":"https:\/\/api.w.org\/{rel}","templated":true}]}}