{"id":758021,"date":"2025-08-28T07:52:35","date_gmt":"2025-08-28T04:52:35","guid":{"rendered":"https:\/\/roveyayinevi.com.tr\/index.php\/urun\/ab-ciftlik-muhasebe-veri-agi-sistemi\/"},"modified":"2026-04-16T03:11:15","modified_gmt":"2026-04-16T00:11:15","slug":"ab-ciftlik-muhasebe-veri-agi-sistemi","status":"publish","type":"product","link":"https:\/\/roveyayinevi.com.tr\/index.php\/urun\/ab-ciftlik-muhasebe-veri-agi-sistemi\/","title":{"rendered":"AB \u00c7iftlik Muhasebe Veri A\u011f\u0131 Sistemi"},"content":{"rendered":"<p>D\u00fcnya kaynaklar\u0131n\u0131n artan n\u00fcfusun ihtiya\u00e7lar\u0131n\u0131 kar\u015f\u0131lamada yeterlilik d\u00fczeyinin azalmas\u0131, bireylerin, i\u015fletmelerin ve \u00fclkelerin t\u00fcm sekt\u00f6rlerde kaynaklar\u0131 daha etkin kullanmalar\u0131n\u0131 zorunlu k\u0131lmaktad\u0131r. Di\u011fer taraftan d\u00fcnya genelinde tart\u0131\u015f\u0131lan liberalle\u015fme politikalar\u0131, i\u015fletmeleri k\u00fcresel rekabetle kar\u015f\u0131 kar\u015f\u0131ya getirmektedir. \u0130\u015fletmelerin rekabet stratejilerinde 1980&#8217;li y\u0131llara kadar ucuz i\u015f\u00e7ilik ve hammadde tedari\u011fi \u00f6ncelikli iken, 1980&#8217;li y\u0131llardan sonra Ar-Ge&#8217;ye dayal\u0131 rekabet stratejileri \u00f6nem kazanm\u0131\u015ft\u0131r. Nitekim \u00e7a\u011f\u0131m\u0131z\u0131n bilgi \u00e7a\u011f\u0131 olarak adland\u0131r\u0131lmas\u0131n\u0131n temelinde de bu yakla\u015f\u0131m yatmaktad\u0131r. Ar-Ge&#8217;nin temelinde ise do\u011fru verilere dayal\u0131 karar alma s\u00fcre\u00e7leri yer almaktad\u0131r.Do\u011fru verilere dayal\u0131 karar alma modelleri ile i\u015fletmecilik kararlar\u0131n\u0131n al\u0131nmas\u0131n\u0131n kaynak kullan\u0131m\u0131nda sa\u011flad\u0131\u011f\u0131 etkinlik, bug\u00fcn geli\u015fmi\u015f \u00fclkelerde gerek i\u015fletme d\u00fczeyinde ve gerekse \u00fclke d\u00fczeyinde veri sa\u011flayacak kurumsal yap\u0131lar\u0131n olu\u015fturulmas\u0131n\u0131 beraberinde getirmi\u015ftir. Bunun en \u00f6nemli \u00f6rneklerinden birisi AB \u201c\u00c7iftlik Muhasebe Veri A\u011f\u0131\u201d (\u00c7MVA)\u201dsistemidir.AB ortak tar\u0131m politikas\u0131 kapsam\u0131nda, tar\u0131m sekt\u00f6r\u00fcne tahsis edilen kaynaklar\u0131n ama\u00e7lar do\u011frultusunda etkin kullan\u0131m\u0131n\u0131 sa\u011flamak, uygulanan politikalar\u0131n sonu\u00e7lar\u0131n\u0131 de\u011ferlendirmek ve ileriye d\u00f6n\u00fck politikalar\u0131 belirlemek amac\u0131yla, \u00fcye \u00fclkelerde standart \u015fekilde uygulanan muhasebe kay\u0131tlar\u0131 ile elde edilen verilere olan gereksinim, 1965 y\u0131l\u0131nda bu muhasebe sisteminin olu\u015fturulmas\u0131n\u0131 g\u00fcndeme getirmi\u015ftir. 2009 y\u0131l\u0131ndan itibaren \u00fclkemizde de pilot uygulamalar\u0131 ba\u015flat\u0131lan bu muhasebe sistemi, bug\u00fcn 54 ilde uygulanmaktad\u0131r. Di\u011fer taraftan s\u00f6z konusu muhasebe sistemi, \u00fclkemizde \u00fcniversitelerde ders olarak okutulmaya da ba\u015flanm\u0131\u015f bulunmaktad\u0131r. Ayr\u0131ca, \u00c7MVA muhasebe sistemine g\u00f6re tar\u0131m i\u015fletmelerinden kay\u0131t toplama ve veri analizi, yeni bir istihdam alan\u0131 olarak da ortaya \u00e7\u0131km\u0131\u015f bulunmaktad\u0131r. Fakat, farkl\u0131 kay\u0131t ve veri analiz y\u00f6ntemine sahip olan bu muhasebe sistemi ile ilgili olarak, yeterli bilimsel \u00e7al\u0131\u015fma bulunmamaktad\u0131r. Dolay\u0131s\u0131yla bu kitab\u0131n, ba\u015fta ara\u015ft\u0131rmac\u0131lar olmak \u00fczere, G\u0131da Tar\u0131m ve Hayvanc\u0131l\u0131k Bakanl\u0131\u011f\u0131 ilgili personeline, \u00f6\u011frencilere, muhasebecilere ve \u00e7ift\u00e7ilere faydal\u0131 olaca\u011f\u0131 kanaatindeyim.<\/p>\n","protected":false},"excerpt":{"rendered":"<p>D\u00fcnya kaynaklar\u0131n\u0131n artan n\u00fcfusun ihtiya\u00e7lar\u0131n\u0131 kar\u015f\u0131lamada yeterlilik d\u00fczeyinin azalmas\u0131, bireylerin, i\u015fletmelerin ve \u00fclkelerin t\u00fcm sekt\u00f6rlerde kaynaklar\u0131 daha etkin kullanmalar\u0131n\u0131 zorunlu k\u0131lmaktad\u0131r. Di\u011fer taraftan d\u00fcnya genelinde tart\u0131\u015f\u0131lan<span class=\"excerpt-hellip\"> [\u2026]<\/span><\/p>\n","protected":false},"featured_media":0,"template":"","meta":{"_monsterinsights_skip_tracking":false,"_monsterinsights_sitenote_active":false,"_monsterinsights_sitenote_note":"","_monsterinsights_sitenote_category":0},"product_brand":[],"product_cat":[12567,12566],"product_tag":[],"class_list":{"0":"post-758021","1":"product","2":"type-product","3":"status-publish","5":"product_cat-diger-egitim","6":"product_cat-egitim","7":"pa_cilt-ciltsiz","8":"pa_tur-kitap","9":"pa_yayinevi-ideal-kultur-akademik","10":"pa_yazar-yusuf-celik","12":"first","13":"instock","14":"sale","15":"shipping-taxable","16":"purchasable","17":"product-type-simple"},"_links":{"self":[{"href":"https:\/\/roveyayinevi.com.tr\/index.php\/wp-json\/wp\/v2\/product\/758021","targetHints":{"allow":["GET"]}}],"collection":[{"href":"https:\/\/roveyayinevi.com.tr\/index.php\/wp-json\/wp\/v2\/product"}],"about":[{"href":"https:\/\/roveyayinevi.com.tr\/index.php\/wp-json\/wp\/v2\/types\/product"}],"wp:attachment":[{"href":"https:\/\/roveyayinevi.com.tr\/index.php\/wp-json\/wp\/v2\/media?parent=758021"}],"wp:term":[{"taxonomy":"product_brand","embeddable":true,"href":"https:\/\/roveyayinevi.com.tr\/index.php\/wp-json\/wp\/v2\/product_brand?post=758021"},{"taxonomy":"product_cat","embeddable":true,"href":"https:\/\/roveyayinevi.com.tr\/index.php\/wp-json\/wp\/v2\/product_cat?post=758021"},{"taxonomy":"product_tag","embeddable":true,"href":"https:\/\/roveyayinevi.com.tr\/index.php\/wp-json\/wp\/v2\/product_tag?post=758021"}],"curies":[{"name":"wp","href":"https:\/\/api.w.org\/{rel}","templated":true}]}}