{"id":758020,"date":"2025-08-28T07:52:34","date_gmt":"2025-08-28T04:52:34","guid":{"rendered":"https:\/\/roveyayinevi.com.tr\/index.php\/urun\/musteri-benim-maasimi-kim-oduyor\/"},"modified":"2026-04-16T03:11:15","modified_gmt":"2026-04-16T00:11:15","slug":"musteri-benim-maasimi-kim-oduyor","status":"publish","type":"product","link":"https:\/\/roveyayinevi.com.tr\/index.php\/urun\/musteri-benim-maasimi-kim-oduyor\/","title":{"rendered":"M\u00fc\u015fteri &#8211; Benim Maa\u015f\u0131m\u0131 Kim \u00d6d\u00fcyor ?"},"content":{"rendered":"<p>\u00d6zellikle ya\u015fanan global krizle ne kadar \u00f6nemli oldu\u011funu bir kez daha i\u015fletmelere hat\u0131rlatan:Ger\u00e7ekten B\u0130Z\u0130M MAA\u015eIMIZI \u00d6DEYEN:\u0130stek, gereksinim, deneyimleriyle i\u015fletmeye FIRSATLAR PENCERES\u0130 A\u00c7AN:Kendinin &#8216;DE\u011eERL\u0130\/\u00d6NEML\u0130&#8217; oldu\u011funun hat\u0131rlanmas\u0131n\u0131:VER\u0130LEN S\u00d6ZLER\u0130N tutulmas\u0131n\u0131, kazand\u0131r\u0131rken kazanmay\u0131 isteyen:G\u00dcC\u00dcN GER\u00c7EK SAH\u0130B\u0130 M\u00dc\u015eTER\u0130&#8230;Ba\u015far\u0131ya giden yolun temel ta\u015f\u0131 olan m\u00fc\u015fteriye bak\u0131\u015f a\u00e7\u0131s\u0131 asl\u0131nda bir &#8216;k\u00fclt\u00fcr&#8217;d\u00fcr. Bu k\u00fclt\u00fcr\u00fcn yarat\u0131lmas\u0131 ve ya\u015famas\u0131 i\u015fletmenin ilk g\u00fcnden ba\u015flayarak yarataca\u011f\u0131 maddi ve manevi de\u011ferleri benimsemesi, yayg\u0131nla\u015ft\u0131rmas\u0131 ve gelece\u011fe ta\u015f\u0131mas\u0131yla olas\u0131d\u0131r. M\u00fc\u015fteri Odakl\u0131l\u0131k\/Merkezlilik; M\u00fc\u015fterinin \u00d6\u011frenilmesiyle ortaya konan davran\u0131\u015f modelleridir.<\/p>\n","protected":false},"excerpt":{"rendered":"<p>\u00d6zellikle ya\u015fanan global krizle ne kadar \u00f6nemli oldu\u011funu bir kez daha i\u015fletmelere hat\u0131rlatan:Ger\u00e7ekten B\u0130Z\u0130M MAA\u015eIMIZI \u00d6DEYEN:\u0130stek, gereksinim, deneyimleriyle i\u015fletmeye FIRSATLAR PENCERES\u0130 A\u00c7AN:Kendinin &#8216;DE\u011eERL\u0130\/\u00d6NEML\u0130&#8217; oldu\u011funun hat\u0131rlanmas\u0131n\u0131:VER\u0130LEN S\u00d6ZLER\u0130N<span class=\"excerpt-hellip\"> [\u2026]<\/span><\/p>\n","protected":false},"featured_media":0,"template":"","meta":{"_monsterinsights_skip_tracking":false,"_monsterinsights_sitenote_active":false,"_monsterinsights_sitenote_note":"","_monsterinsights_sitenote_category":0},"product_brand":[],"product_cat":[13043,14381],"product_tag":[],"class_list":{"0":"post-758020","1":"product","2":"type-product","3":"status-publish","5":"product_cat-ekonomi","6":"product_cat-isletme-muhasebe-maliye","7":"pa_cilt-ciltsiz","8":"pa_tur-kitap","9":"pa_yayinevi-ideal-kultur-yayincilik","10":"pa_yazar-ideal-kultur-kolektif","12":"first","13":"instock","14":"sale","15":"shipping-taxable","16":"purchasable","17":"product-type-simple"},"_links":{"self":[{"href":"https:\/\/roveyayinevi.com.tr\/index.php\/wp-json\/wp\/v2\/product\/758020","targetHints":{"allow":["GET"]}}],"collection":[{"href":"https:\/\/roveyayinevi.com.tr\/index.php\/wp-json\/wp\/v2\/product"}],"about":[{"href":"https:\/\/roveyayinevi.com.tr\/index.php\/wp-json\/wp\/v2\/types\/product"}],"wp:attachment":[{"href":"https:\/\/roveyayinevi.com.tr\/index.php\/wp-json\/wp\/v2\/media?parent=758020"}],"wp:term":[{"taxonomy":"product_brand","embeddable":true,"href":"https:\/\/roveyayinevi.com.tr\/index.php\/wp-json\/wp\/v2\/product_brand?post=758020"},{"taxonomy":"product_cat","embeddable":true,"href":"https:\/\/roveyayinevi.com.tr\/index.php\/wp-json\/wp\/v2\/product_cat?post=758020"},{"taxonomy":"product_tag","embeddable":true,"href":"https:\/\/roveyayinevi.com.tr\/index.php\/wp-json\/wp\/v2\/product_tag?post=758020"}],"curies":[{"name":"wp","href":"https:\/\/api.w.org\/{rel}","templated":true}]}}