{"id":758018,"date":"2025-08-28T07:52:31","date_gmt":"2025-08-28T04:52:31","guid":{"rendered":"https:\/\/roveyayinevi.com.tr\/index.php\/urun\/tarim-ekonomisi-ve-isletmeciligi\/"},"modified":"2026-04-16T03:11:15","modified_gmt":"2026-04-16T00:11:15","slug":"tarim-ekonomisi-ve-isletmeciligi","status":"publish","type":"product","link":"https:\/\/roveyayinevi.com.tr\/index.php\/urun\/tarim-ekonomisi-ve-isletmeciligi\/","title":{"rendered":"Tar\u0131m Ekonomisi ve \u0130\u015fletmecili\u011fi"},"content":{"rendered":"<p>Bu kitab\u0131n amac\u0131, Ziraat Fak\u00fcltelerinde \u201cTar\u0131m Ekonomisi ve \u0130\u015fletmecili\u011fi\u201d dersini alan lisans \u00f6\u011frencilerine temel bilgiler vermektedir. Bununla birlikte; kitapta tar\u0131m ekonomistleri, ziraat m\u00fchendisleri, \u00e7ift\u00e7iler, k\u0131saca ekonomi biliminin temel ilke ve kavramlar\u0131n\u0131 kullanarak tar\u0131msal problemlere \u00e7\u00f6z\u00fcm arayanlara yararl\u0131 olabilecek bilgiler de bulunmaktad\u0131r.Kitapta yer verilen bilgilerin \u00f6\u011frencilere ve konuya ilgi duyanlara \u0131\u015f\u0131k tutacak nitelikte ve uygulamal\u0131 olmas\u0131na dikkat edilmi\u015ftir. Konular\u0131 daha iyi anlayabilmek ve kitaptan daha iyi yararlanabilmek i\u00e7in ekonominin temel ilke ve kavramlar\u0131n\u0131 bilmek gerekir. Bu nedenle \u00f6\u011frencilerin bu derste \u00f6nce \u201cEkonomi\u201d dersini almalar\u0131 iyi olur.Kitapta i\u015flenen ba\u015fl\u0131ca konular; Tar\u0131m Ekonomisinin tan\u0131m\u0131, k\u0131sa tarihi, tar\u0131msal ekonomik problemlere yakla\u015f\u0131m y\u00f6ntemleri, tar\u0131msal \u00fcretim sekt\u00f6r\u00fcn\u00fcn \u00f6zellikleri, tar\u0131m\u0131n T\u00fcrkiye ekonomisine katk\u0131s\u0131, tar\u0131msal \u00fcretim ekonomisi, do\u011fal kaynaklar ekonomisi ve de\u011fer bi\u00e7me, tar\u0131m ve uluslar aras\u0131 tar\u0131m politikas\u0131, tar\u0131msal \u00fcretim fakt\u00f6rleri, tar\u0131msal finansman ve sermaye, tar\u0131msal i\u015fletme y\u00f6netimi ve analizi, tar\u0131msal pazarlama ve tar\u0131msal kooperatif\u00e7iliktir. Bu kitap 13 b\u00f6l\u00fcmden olu\u015fmaktad\u0131r.<\/p>\n","protected":false},"excerpt":{"rendered":"<p>Bu kitab\u0131n amac\u0131, Ziraat Fak\u00fcltelerinde \u201cTar\u0131m Ekonomisi ve \u0130\u015fletmecili\u011fi\u201d dersini alan lisans \u00f6\u011frencilerine temel bilgiler vermektedir. Bununla birlikte; kitapta tar\u0131m ekonomistleri, ziraat m\u00fchendisleri, \u00e7ift\u00e7iler, k\u0131saca ekonomi<span class=\"excerpt-hellip\"> [\u2026]<\/span><\/p>\n","protected":false},"featured_media":0,"template":"","meta":{"_monsterinsights_skip_tracking":false,"_monsterinsights_sitenote_active":false,"_monsterinsights_sitenote_note":"","_monsterinsights_sitenote_category":0},"product_brand":[],"product_cat":[13043,14381],"product_tag":[],"class_list":{"0":"post-758018","1":"product","2":"type-product","3":"status-publish","5":"product_cat-ekonomi","6":"product_cat-isletme-muhasebe-maliye","7":"pa_cilt-ciltsiz","8":"pa_tur-kitap","9":"pa_yayinevi-ideal-kultur-akademik","10":"pa_yazar-i-hakki-inan","12":"first","13":"instock","14":"sale","15":"shipping-taxable","16":"purchasable","17":"product-type-simple"},"_links":{"self":[{"href":"https:\/\/roveyayinevi.com.tr\/index.php\/wp-json\/wp\/v2\/product\/758018","targetHints":{"allow":["GET"]}}],"collection":[{"href":"https:\/\/roveyayinevi.com.tr\/index.php\/wp-json\/wp\/v2\/product"}],"about":[{"href":"https:\/\/roveyayinevi.com.tr\/index.php\/wp-json\/wp\/v2\/types\/product"}],"wp:attachment":[{"href":"https:\/\/roveyayinevi.com.tr\/index.php\/wp-json\/wp\/v2\/media?parent=758018"}],"wp:term":[{"taxonomy":"product_brand","embeddable":true,"href":"https:\/\/roveyayinevi.com.tr\/index.php\/wp-json\/wp\/v2\/product_brand?post=758018"},{"taxonomy":"product_cat","embeddable":true,"href":"https:\/\/roveyayinevi.com.tr\/index.php\/wp-json\/wp\/v2\/product_cat?post=758018"},{"taxonomy":"product_tag","embeddable":true,"href":"https:\/\/roveyayinevi.com.tr\/index.php\/wp-json\/wp\/v2\/product_tag?post=758018"}],"curies":[{"name":"wp","href":"https:\/\/api.w.org\/{rel}","templated":true}]}}