{"id":758014,"date":"2025-08-28T07:52:27","date_gmt":"2025-08-28T04:52:27","guid":{"rendered":"https:\/\/roveyayinevi.com.tr\/index.php\/urun\/uluslararasi-alanda-insan-haklarinin-korunmasi\/"},"modified":"2026-03-16T03:09:41","modified_gmt":"2026-03-16T00:09:41","slug":"uluslararasi-alanda-insan-haklarinin-korunmasi","status":"publish","type":"product","link":"https:\/\/roveyayinevi.com.tr\/index.php\/urun\/uluslararasi-alanda-insan-haklarinin-korunmasi\/","title":{"rendered":"Uluslararas\u0131 Alanda \u0130nsan Haklar\u0131n\u0131n Korunmas\u0131"},"content":{"rendered":"<p>\u0130nsano\u011flu yaz\u0131l\u0131 tarihin ba\u015f\u0131ndan beri her d\u00f6nemde insan haklar\u0131na \u00f6nem vermeye \u00e7al\u0131\u015fm\u0131\u015ft\u0131r. Hangi \u00f6l\u00e7\u00fcde ba\u015far\u0131l\u0131 oldu\u011funu g\u00fcn\u00fcm\u00fczdeki geli\u015fmelere bakarak s\u00f6ylemek g\u00fc\u00e7t\u00fcr. Ancak \u015fu da bir ger\u00e7ektir ki her y\u00fczy\u0131l umut verici geli\u015fmeler ya\u015fanm\u0131\u015f ve ya\u015fanmaya da devam etmektedir.G\u00fcn\u00fcm\u00fczde ge\u00e7erlili\u011fini s\u00fcrd\u00fcren uluslararas\u0131 s\u00f6zle\u015fmeler ve b\u00f6lgesel giri\u015fimler de toplumlar\u0131n insan haklar\u0131 konusunda artan duyarl\u0131l\u0131klar\u0131n\u0131 yans\u0131tmaktad\u0131r. Detaylara girmeden ak\u0131c\u0131 bir \u00fcslubun hakim oldu\u011fu bu eser, insan haklar\u0131 kavram\u0131n\u0131 gerek tan\u0131m olarak gerek ise temel belgeler ve uluslararas\u0131 s\u00f6zle\u015fmeler ekseninde ele alarak bir b\u00fct\u00fcn olarak ele almaktad\u0131r.<\/p>\n","protected":false},"excerpt":{"rendered":"<p>\u0130nsano\u011flu yaz\u0131l\u0131 tarihin ba\u015f\u0131ndan beri her d\u00f6nemde insan haklar\u0131na \u00f6nem vermeye \u00e7al\u0131\u015fm\u0131\u015ft\u0131r. Hangi \u00f6l\u00e7\u00fcde ba\u015far\u0131l\u0131 oldu\u011funu g\u00fcn\u00fcm\u00fczdeki geli\u015fmelere bakarak s\u00f6ylemek g\u00fc\u00e7t\u00fcr. Ancak \u015fu da bir ger\u00e7ektir<span class=\"excerpt-hellip\"> [\u2026]<\/span><\/p>\n","protected":false},"featured_media":0,"template":"","meta":{"_monsterinsights_skip_tracking":false,"_monsterinsights_sitenote_active":false,"_monsterinsights_sitenote_note":"","_monsterinsights_sitenote_category":0},"product_brand":[],"product_cat":[12365,12364],"product_tag":[],"class_list":{"0":"post-758014","1":"product","2":"type-product","3":"status-publish","5":"product_cat-diger-genel-konular","6":"product_cat-genel-konular","7":"pa_cilt-ciltsiz","8":"pa_tur-kitap","9":"pa_yayinevi-ideal-kultur-akademik","10":"pa_yazar-nesrin-demir","12":"first","13":"instock","14":"sale","15":"shipping-taxable","16":"purchasable","17":"product-type-simple"},"_links":{"self":[{"href":"https:\/\/roveyayinevi.com.tr\/index.php\/wp-json\/wp\/v2\/product\/758014","targetHints":{"allow":["GET"]}}],"collection":[{"href":"https:\/\/roveyayinevi.com.tr\/index.php\/wp-json\/wp\/v2\/product"}],"about":[{"href":"https:\/\/roveyayinevi.com.tr\/index.php\/wp-json\/wp\/v2\/types\/product"}],"wp:attachment":[{"href":"https:\/\/roveyayinevi.com.tr\/index.php\/wp-json\/wp\/v2\/media?parent=758014"}],"wp:term":[{"taxonomy":"product_brand","embeddable":true,"href":"https:\/\/roveyayinevi.com.tr\/index.php\/wp-json\/wp\/v2\/product_brand?post=758014"},{"taxonomy":"product_cat","embeddable":true,"href":"https:\/\/roveyayinevi.com.tr\/index.php\/wp-json\/wp\/v2\/product_cat?post=758014"},{"taxonomy":"product_tag","embeddable":true,"href":"https:\/\/roveyayinevi.com.tr\/index.php\/wp-json\/wp\/v2\/product_tag?post=758014"}],"curies":[{"name":"wp","href":"https:\/\/api.w.org\/{rel}","templated":true}]}}