{"id":758013,"date":"2025-08-28T07:52:26","date_gmt":"2025-08-28T04:52:26","guid":{"rendered":"https:\/\/roveyayinevi.com.tr\/index.php\/urun\/alparslan-3\/"},"modified":"2026-04-16T03:11:15","modified_gmt":"2026-04-16T00:11:15","slug":"alparslan-3","status":"publish","type":"product","link":"https:\/\/roveyayinevi.com.tr\/index.php\/urun\/alparslan-3\/","title":{"rendered":"Alparslan"},"content":{"rendered":"<p>ALP SULTAN, ALPARSLAN\u2026 B\u00fcy\u00fck Sel\u00e7uklu \u0130mparatorlu\u011fu\u2019nun \u015fanl\u0131 imparatoru. T\u00fcrklere anayurdun, Anadolu\u2019nun kap\u0131lar\u0131n\u0131 a\u00e7an Malazgirt\u2019in komutan\u0131 o. Malazgirt\u2019te sadece bir sava\u015f kazanmad\u0131. Tarihe ge\u00e7en d\u00f6n\u00fcm noktas\u0131yd\u0131 onun uygulad\u0131\u011f\u0131 Turan takti\u011fi. Anadolu\u2019nun kap\u0131lar\u0131n\u0131 a\u00e7t\u0131ktan bir y\u0131l sonra Karahanl\u0131 topraklar\u0131n\u0131 ku\u015fatm\u0131\u015fken sava\u015f meydan\u0131nda bir hain taraf\u0131ndan han\u00e7erlenmi\u015fti. \u00c7ok de\u011fil d\u00f6rt g\u00fcn sonra ise herkesle helalle\u015ferek ayr\u0131ld\u0131 d\u00fcnyadan. \u015eehit d\u00fc\u015ft\u00fc Amuderya Nehri \u00fczerindeki kalede. Ard\u0131ndan nice sultanlar onun sava\u015f zek\u00e2s\u0131yla b\u00fcy\u00fck zaferlere imza att\u0131. <\/p>\n","protected":false},"excerpt":{"rendered":"<p>ALP SULTAN, ALPARSLAN\u2026 B\u00fcy\u00fck Sel\u00e7uklu \u0130mparatorlu\u011fu\u2019nun \u015fanl\u0131 imparatoru. T\u00fcrklere anayurdun, Anadolu\u2019nun kap\u0131lar\u0131n\u0131 a\u00e7an Malazgirt\u2019in komutan\u0131 o. Malazgirt\u2019te sadece bir sava\u015f kazanmad\u0131. Tarihe ge\u00e7en d\u00f6n\u00fcm noktas\u0131yd\u0131 onun<span class=\"excerpt-hellip\"> [\u2026]<\/span><\/p>\n","protected":false},"featured_media":0,"template":"","meta":{"_monsterinsights_skip_tracking":false,"_monsterinsights_sitenote_active":false,"_monsterinsights_sitenote_note":"","_monsterinsights_sitenote_category":0},"product_brand":[],"product_cat":[13946,12304],"product_tag":[],"class_list":{"0":"post-758013","1":"product","2":"type-product","3":"status-publish","5":"product_cat-biyografi-otobiyografi","6":"product_cat-tarih","7":"pa_cilt-ciltsiz","8":"pa_tur-kitap","9":"pa_yayinevi-genc-hayat","10":"pa_yazar-yusuf-guldur","12":"first","13":"instock","14":"sale","15":"shipping-taxable","16":"purchasable","17":"product-type-simple"},"_links":{"self":[{"href":"https:\/\/roveyayinevi.com.tr\/index.php\/wp-json\/wp\/v2\/product\/758013","targetHints":{"allow":["GET"]}}],"collection":[{"href":"https:\/\/roveyayinevi.com.tr\/index.php\/wp-json\/wp\/v2\/product"}],"about":[{"href":"https:\/\/roveyayinevi.com.tr\/index.php\/wp-json\/wp\/v2\/types\/product"}],"wp:attachment":[{"href":"https:\/\/roveyayinevi.com.tr\/index.php\/wp-json\/wp\/v2\/media?parent=758013"}],"wp:term":[{"taxonomy":"product_brand","embeddable":true,"href":"https:\/\/roveyayinevi.com.tr\/index.php\/wp-json\/wp\/v2\/product_brand?post=758013"},{"taxonomy":"product_cat","embeddable":true,"href":"https:\/\/roveyayinevi.com.tr\/index.php\/wp-json\/wp\/v2\/product_cat?post=758013"},{"taxonomy":"product_tag","embeddable":true,"href":"https:\/\/roveyayinevi.com.tr\/index.php\/wp-json\/wp\/v2\/product_tag?post=758013"}],"curies":[{"name":"wp","href":"https:\/\/api.w.org\/{rel}","templated":true}]}}