{"id":758012,"date":"2025-08-28T07:52:24","date_gmt":"2025-08-28T04:52:24","guid":{"rendered":"https:\/\/roveyayinevi.com.tr\/index.php\/urun\/barbaros-hayrettin-pasa-2\/"},"modified":"2026-04-16T03:11:15","modified_gmt":"2026-04-16T00:11:15","slug":"barbaros-hayrettin-pasa-2","status":"publish","type":"product","link":"https:\/\/roveyayinevi.com.tr\/index.php\/urun\/barbaros-hayrettin-pasa-2\/","title":{"rendered":"Barbaros Hayrettin Pa\u015fa"},"content":{"rendered":"<p>DEN\u0130ZLER\u0130N FAT\u0130H\u0130 Barbaros Hayrettin Pa\u015fa\u2026 N\u00e2m-\u0131 di\u011fer K\u0131z\u0131l Sakal H\u0131z\u0131r Reis\u2026 Denizlerin fatihi Barbaros, mavilikler \u00fczerine b\u0131rakt\u0131\u011f\u0131 izlerle as\u0131rlar \u00f6tesine m\u00fchr\u00fcn\u00fc vurmu\u015ftu. \u0130mk\u00e2ns\u0131z san\u0131lan nice sava\u015flardan galibiyetle d\u00f6nen Barbaros, nice T\u00fcrk bahad\u0131r\u0131na ilham vermeye devam ediyor. Zira Barbaros\u2019un g\u00f6z\u00fc karayd\u0131. Her sava\u015fta korkusuzca hayk\u0131r\u0131rd\u0131: \u201cG\u00fcn bug\u00fcnd\u00fcr leventlerim. Unutmay\u0131n! Destanlar sadece karada yaz\u0131lmaz. Baz\u0131 destanlar vard\u0131r ki; su \u00fczerine yaz\u0131lsalar da k\u0131yamete kadar unutulmaz.\u201d <\/p>\n","protected":false},"excerpt":{"rendered":"<p>DEN\u0130ZLER\u0130N FAT\u0130H\u0130 Barbaros Hayrettin Pa\u015fa\u2026 N\u00e2m-\u0131 di\u011fer K\u0131z\u0131l Sakal H\u0131z\u0131r Reis\u2026 Denizlerin fatihi Barbaros, mavilikler \u00fczerine b\u0131rakt\u0131\u011f\u0131 izlerle as\u0131rlar \u00f6tesine m\u00fchr\u00fcn\u00fc vurmu\u015ftu. \u0130mk\u00e2ns\u0131z san\u0131lan nice sava\u015flardan<span class=\"excerpt-hellip\"> [\u2026]<\/span><\/p>\n","protected":false},"featured_media":0,"template":"","meta":{"_monsterinsights_skip_tracking":false,"_monsterinsights_sitenote_active":false,"_monsterinsights_sitenote_note":"","_monsterinsights_sitenote_category":0},"product_brand":[],"product_cat":[13946,12304],"product_tag":[],"class_list":{"0":"post-758012","1":"product","2":"type-product","3":"status-publish","5":"product_cat-biyografi-otobiyografi","6":"product_cat-tarih","7":"pa_cilt-ciltsiz","8":"pa_tur-kitap","9":"pa_yayinevi-genc-hayat","10":"pa_yazar-yusuf-guldur","12":"first","13":"instock","14":"sale","15":"shipping-taxable","16":"purchasable","17":"product-type-simple"},"_links":{"self":[{"href":"https:\/\/roveyayinevi.com.tr\/index.php\/wp-json\/wp\/v2\/product\/758012","targetHints":{"allow":["GET"]}}],"collection":[{"href":"https:\/\/roveyayinevi.com.tr\/index.php\/wp-json\/wp\/v2\/product"}],"about":[{"href":"https:\/\/roveyayinevi.com.tr\/index.php\/wp-json\/wp\/v2\/types\/product"}],"wp:attachment":[{"href":"https:\/\/roveyayinevi.com.tr\/index.php\/wp-json\/wp\/v2\/media?parent=758012"}],"wp:term":[{"taxonomy":"product_brand","embeddable":true,"href":"https:\/\/roveyayinevi.com.tr\/index.php\/wp-json\/wp\/v2\/product_brand?post=758012"},{"taxonomy":"product_cat","embeddable":true,"href":"https:\/\/roveyayinevi.com.tr\/index.php\/wp-json\/wp\/v2\/product_cat?post=758012"},{"taxonomy":"product_tag","embeddable":true,"href":"https:\/\/roveyayinevi.com.tr\/index.php\/wp-json\/wp\/v2\/product_tag?post=758012"}],"curies":[{"name":"wp","href":"https:\/\/api.w.org\/{rel}","templated":true}]}}