{"id":758011,"date":"2025-08-28T07:52:23","date_gmt":"2025-08-28T04:52:23","guid":{"rendered":"https:\/\/roveyayinevi.com.tr\/index.php\/urun\/ben-elvis-riboldi-ve-sen-emma-foster-muzikal\/"},"modified":"2026-04-16T03:11:15","modified_gmt":"2026-04-16T00:11:15","slug":"ben-elvis-riboldi-ve-sen-emma-foster-muzikal","status":"publish","type":"product","link":"https:\/\/roveyayinevi.com.tr\/index.php\/urun\/ben-elvis-riboldi-ve-sen-emma-foster-muzikal\/","title":{"rendered":"Ben, Elvis Riboldi ve Sen, Emma Foster: M\u00fczikal"},"content":{"rendered":"<p>Elvis ve arkada\u015flar\u0131 bu maceralar\u0131nda talihsiz bir olay y\u00fcz\u00fcnden kapat\u0131lan okullar\u0131n\u0131 kurtarmaya \u00e7al\u0131\u015f\u0131yorlar. Evet yanl\u0131\u015f okumad\u0131n\u0131z, okullar\u0131 kapand\u0131. Elbette onlar da e\u011fitimsiz bir hayat\u0131n kabul edilemez oldu\u011funa inan\u0131yorlard\u0131. Ve okullar\u0131n\u0131n yeniden a\u00e7\u0131lmas\u0131 i\u00e7in bir araya gelerek hayatta g\u00f6rebilece\u011finiz en orijinal fikri buldular: bir m\u00fczikal haz\u0131rlayarak elde edilen geliri okula ba\u011f\u0131\u015flamak. Oyuncular\u0131n kim oldu\u011funu ya da m\u00fczikalin konusunu merak ediyorsan\u0131z sizi Ben, Elvis Riboldi ve Sen, Emma Foster: M\u00fczikal kitab\u0131n\u0131n renkli sayfalar\u0131na davet ediyoruz.<\/p>\n","protected":false},"excerpt":{"rendered":"<p>Elvis ve arkada\u015flar\u0131 bu maceralar\u0131nda talihsiz bir olay y\u00fcz\u00fcnden kapat\u0131lan okullar\u0131n\u0131 kurtarmaya \u00e7al\u0131\u015f\u0131yorlar. Evet yanl\u0131\u015f okumad\u0131n\u0131z, okullar\u0131 kapand\u0131. Elbette onlar da e\u011fitimsiz bir hayat\u0131n kabul edilemez<span class=\"excerpt-hellip\"> [\u2026]<\/span><\/p>\n","protected":false},"featured_media":0,"template":"","meta":{"_monsterinsights_skip_tracking":false,"_monsterinsights_sitenote_active":false,"_monsterinsights_sitenote_note":"","_monsterinsights_sitenote_category":0},"product_brand":[],"product_cat":[12274,12284],"product_tag":[],"class_list":{"0":"post-758011","1":"product","2":"type-product","3":"status-publish","5":"product_cat-cocuk-ve-genclik-kitaplari","6":"product_cat-hikayeler","7":"pa_cilt-ciltsiz","8":"pa_tur-kitap","9":"pa_yayinevi-durbun-kitap","10":"pa_yazar-bono-bidari","12":"first","13":"instock","14":"sale","15":"shipping-taxable","16":"purchasable","17":"product-type-simple"},"_links":{"self":[{"href":"https:\/\/roveyayinevi.com.tr\/index.php\/wp-json\/wp\/v2\/product\/758011","targetHints":{"allow":["GET"]}}],"collection":[{"href":"https:\/\/roveyayinevi.com.tr\/index.php\/wp-json\/wp\/v2\/product"}],"about":[{"href":"https:\/\/roveyayinevi.com.tr\/index.php\/wp-json\/wp\/v2\/types\/product"}],"wp:attachment":[{"href":"https:\/\/roveyayinevi.com.tr\/index.php\/wp-json\/wp\/v2\/media?parent=758011"}],"wp:term":[{"taxonomy":"product_brand","embeddable":true,"href":"https:\/\/roveyayinevi.com.tr\/index.php\/wp-json\/wp\/v2\/product_brand?post=758011"},{"taxonomy":"product_cat","embeddable":true,"href":"https:\/\/roveyayinevi.com.tr\/index.php\/wp-json\/wp\/v2\/product_cat?post=758011"},{"taxonomy":"product_tag","embeddable":true,"href":"https:\/\/roveyayinevi.com.tr\/index.php\/wp-json\/wp\/v2\/product_tag?post=758011"}],"curies":[{"name":"wp","href":"https:\/\/api.w.org\/{rel}","templated":true}]}}