{"id":758008,"date":"2025-08-28T07:52:18","date_gmt":"2025-08-28T04:52:18","guid":{"rendered":"https:\/\/roveyayinevi.com.tr\/index.php\/urun\/genc-kasifler-3-gokyuzundeki-esrarengiz-isik\/"},"modified":"2026-04-16T03:11:15","modified_gmt":"2026-04-16T00:11:15","slug":"genc-kasifler-3-gokyuzundeki-esrarengiz-isik","status":"publish","type":"product","link":"https:\/\/roveyayinevi.com.tr\/index.php\/urun\/genc-kasifler-3-gokyuzundeki-esrarengiz-isik\/","title":{"rendered":"Gen\u00e7 Ka\u015fifler &#8211; 3 G\u00f6ky\u00fcz\u00fcndeki Esrarengiz I\u015f\u0131k"},"content":{"rendered":"<p>\u0130\u015fte! Orada!\u201d\u201cOras\u0131 neresi?\u201d Lisbeth sinirlenmi\u015fti.\u201cTam orada. Dikkatli bak.\u201dLisbeth karde\u015finin g\u00f6sterdi\u011fi y\u00f6ne bakmak i\u00e7in e\u011fildi.\u201cG\u00f6rd\u00fcm.\u201d Hayal k\u0131r\u0131kl\u0131\u011f\u0131na u\u011frad\u0131\u011f\u0131 belli oluyordu.\u201c\u00c7ok k\u00fc\u00e7\u00fckm\u00fc\u015f! S\u0131radan bir y\u0131ld\u0131z olmad\u0131\u011f\u0131na emin misin?\u201d\u201cTabii ki eminim\u201d diye cevaplad\u0131 Matt. \u201cBiraz daha izle, sen de g\u00f6receksin.\u201d G\u00f6ky\u00fcz\u00fcndeki Esrarengiz I\u015f\u0131k\u2019ta Matt ve Lisbeth, y\u0131ld\u0131zlar\u0131n aras\u0131nda tuhaf bir \u0131\u015f\u0131k g\u00f6r\u00fcyorlar. Bu da yetmezmi\u015f gibi bah\u00e7elerindegizemli ta\u015flar buluyorlar. Ta\u015flar\u0131n ve \u0131\u015f\u0131\u011f\u0131n birbiriyle ba\u011flant\u0131s\u0131 varm\u0131? Nereden ve nas\u0131l geldiler? Matt ve Lisbeth bu gizemi \u00e7\u00f6zebilecekler mi?<\/p>\n","protected":false},"excerpt":{"rendered":"<p>\u0130\u015fte! Orada!\u201d\u201cOras\u0131 neresi?\u201d Lisbeth sinirlenmi\u015fti.\u201cTam orada. Dikkatli bak.\u201dLisbeth karde\u015finin g\u00f6sterdi\u011fi y\u00f6ne bakmak i\u00e7in e\u011fildi.\u201cG\u00f6rd\u00fcm.\u201d Hayal k\u0131r\u0131kl\u0131\u011f\u0131na u\u011frad\u0131\u011f\u0131 belli oluyordu.\u201c\u00c7ok k\u00fc\u00e7\u00fckm\u00fc\u015f! S\u0131radan bir y\u0131ld\u0131z olmad\u0131\u011f\u0131na emin misin?\u201d\u201cTabii<span class=\"excerpt-hellip\"> [\u2026]<\/span><\/p>\n","protected":false},"featured_media":0,"template":"","meta":{"_monsterinsights_skip_tracking":false,"_monsterinsights_sitenote_active":false,"_monsterinsights_sitenote_note":"","_monsterinsights_sitenote_category":0},"product_brand":[],"product_cat":[12274,12284],"product_tag":[],"class_list":{"0":"post-758008","1":"product","2":"type-product","3":"status-publish","5":"product_cat-cocuk-ve-genclik-kitaplari","6":"product_cat-hikayeler","7":"pa_cilt-ciltsiz","8":"pa_tur-kitap","9":"pa_yayinevi-durbun-kitap","10":"pa_yazar-helene-montardre","12":"first","13":"instock","14":"sale","15":"shipping-taxable","16":"purchasable","17":"product-type-simple"},"_links":{"self":[{"href":"https:\/\/roveyayinevi.com.tr\/index.php\/wp-json\/wp\/v2\/product\/758008","targetHints":{"allow":["GET"]}}],"collection":[{"href":"https:\/\/roveyayinevi.com.tr\/index.php\/wp-json\/wp\/v2\/product"}],"about":[{"href":"https:\/\/roveyayinevi.com.tr\/index.php\/wp-json\/wp\/v2\/types\/product"}],"wp:attachment":[{"href":"https:\/\/roveyayinevi.com.tr\/index.php\/wp-json\/wp\/v2\/media?parent=758008"}],"wp:term":[{"taxonomy":"product_brand","embeddable":true,"href":"https:\/\/roveyayinevi.com.tr\/index.php\/wp-json\/wp\/v2\/product_brand?post=758008"},{"taxonomy":"product_cat","embeddable":true,"href":"https:\/\/roveyayinevi.com.tr\/index.php\/wp-json\/wp\/v2\/product_cat?post=758008"},{"taxonomy":"product_tag","embeddable":true,"href":"https:\/\/roveyayinevi.com.tr\/index.php\/wp-json\/wp\/v2\/product_tag?post=758008"}],"curies":[{"name":"wp","href":"https:\/\/api.w.org\/{rel}","templated":true}]}}