{"id":758007,"date":"2025-08-28T07:52:16","date_gmt":"2025-08-28T04:52:16","guid":{"rendered":"https:\/\/roveyayinevi.com.tr\/index.php\/urun\/genc-kasifler-2-tastaki-ayak-izleri\/"},"modified":"2026-04-16T03:11:15","modified_gmt":"2026-04-16T00:11:15","slug":"genc-kasifler-2-tastaki-ayak-izleri","status":"publish","type":"product","link":"https:\/\/roveyayinevi.com.tr\/index.php\/urun\/genc-kasifler-2-tastaki-ayak-izleri\/","title":{"rendered":"Gen\u00e7 Ka\u015fifler &#8211; 2 Ta\u015ftaki Ayak \u0130zleri"},"content":{"rendered":"<p>Orman gittik\u00e7e derinle\u015fiyor, \u00f6l\u00fc a\u011fa\u00e7 dallar\u0131 yolu t\u0131k\u0131yordu. Matt dallar\u0131n \u00fczerinden ge\u00e7erek ilerledi. Art\u0131k nereye gitti\u011fini bilmeden y\u00fcr\u00fcyordu. Birden durdu ve ba\u015f\u0131n\u0131 yukar\u0131 kald\u0131rd\u0131. Di\u011ferleri nerede olabilirdi? A\u011fa\u00e7lar\u0131n \u00f6tesine bakmak, bu sorusuna cevap veremiyordu. Yeniden yere bakt\u0131 ve \u015fa\u015fk\u0131nl\u0131kla g\u00f6zlerini k\u0131rpt\u0131. Tam \u00f6n\u00fcnde, derinlere kaz\u0131nm\u0131\u015f ayak izleri duruyordu.Ta\u015ftaki Ayak \u0130zleri\u2019nde Matt ve Lisbeth, ailece daha \u00f6nce hi\u00e7 gitmedikleri bir yere, evlerinden kilometrelerce uzaklara giderler. Gezileri sakin ba\u015flasa da Matt\u2019in orman\u0131n derinliklerinde buldu\u011fu ayak iziyle iki karde\u015fin tatili adeta bir maceraya d\u00f6n\u00fc\u015f\u00fcr. Ta\u015ftaki ayak izleri neye ait olabilir? Korkun\u00e7 bir canavara m\u0131, nesli t\u00fckenen bir hayvana m\u0131?<\/p>\n","protected":false},"excerpt":{"rendered":"<p>Orman gittik\u00e7e derinle\u015fiyor, \u00f6l\u00fc a\u011fa\u00e7 dallar\u0131 yolu t\u0131k\u0131yordu. Matt dallar\u0131n \u00fczerinden ge\u00e7erek ilerledi. Art\u0131k nereye gitti\u011fini bilmeden y\u00fcr\u00fcyordu. Birden durdu ve ba\u015f\u0131n\u0131 yukar\u0131 kald\u0131rd\u0131. Di\u011ferleri nerede<span class=\"excerpt-hellip\"> [\u2026]<\/span><\/p>\n","protected":false},"featured_media":0,"template":"","meta":{"_monsterinsights_skip_tracking":false,"_monsterinsights_sitenote_active":false,"_monsterinsights_sitenote_note":"","_monsterinsights_sitenote_category":0},"product_brand":[],"product_cat":[12274,12284],"product_tag":[],"class_list":{"0":"post-758007","1":"product","2":"type-product","3":"status-publish","5":"product_cat-cocuk-ve-genclik-kitaplari","6":"product_cat-hikayeler","7":"pa_cilt-ciltsiz","8":"pa_tur-kitap","9":"pa_yayinevi-durbun-kitap","10":"pa_yazar-helene-montardre","12":"first","13":"instock","14":"sale","15":"shipping-taxable","16":"purchasable","17":"product-type-simple"},"_links":{"self":[{"href":"https:\/\/roveyayinevi.com.tr\/index.php\/wp-json\/wp\/v2\/product\/758007","targetHints":{"allow":["GET"]}}],"collection":[{"href":"https:\/\/roveyayinevi.com.tr\/index.php\/wp-json\/wp\/v2\/product"}],"about":[{"href":"https:\/\/roveyayinevi.com.tr\/index.php\/wp-json\/wp\/v2\/types\/product"}],"wp:attachment":[{"href":"https:\/\/roveyayinevi.com.tr\/index.php\/wp-json\/wp\/v2\/media?parent=758007"}],"wp:term":[{"taxonomy":"product_brand","embeddable":true,"href":"https:\/\/roveyayinevi.com.tr\/index.php\/wp-json\/wp\/v2\/product_brand?post=758007"},{"taxonomy":"product_cat","embeddable":true,"href":"https:\/\/roveyayinevi.com.tr\/index.php\/wp-json\/wp\/v2\/product_cat?post=758007"},{"taxonomy":"product_tag","embeddable":true,"href":"https:\/\/roveyayinevi.com.tr\/index.php\/wp-json\/wp\/v2\/product_tag?post=758007"}],"curies":[{"name":"wp","href":"https:\/\/api.w.org\/{rel}","templated":true}]}}