{"id":758006,"date":"2025-08-28T07:52:15","date_gmt":"2025-08-28T04:52:15","guid":{"rendered":"https:\/\/roveyayinevi.com.tr\/index.php\/urun\/genc-kasifler-1-okyanustaki-gizem\/"},"modified":"2026-04-16T03:11:15","modified_gmt":"2026-04-16T00:11:15","slug":"genc-kasifler-1-okyanustaki-gizem","status":"publish","type":"product","link":"https:\/\/roveyayinevi.com.tr\/index.php\/urun\/genc-kasifler-1-okyanustaki-gizem\/","title":{"rendered":"Gen\u00e7 Ka\u015fifler &#8211; 1 Okyanustaki Gizem"},"content":{"rendered":"<p>\u201cNeler oluyor?\u201d diye m\u0131r\u0131ldand\u0131 Lisbeth, bo\u011faz\u0131 d\u00fc\u011f\u00fcmlenmi\u015fti.\u201cHi\u00e7bir \u015fey bilmiyorum\u201d diye cevap verdi Matt. O da ablas\u0131 gibi donakalm\u0131\u015ft\u0131.K\u0131y\u0131ya yakla\u015ft\u0131lar. Lisbeth suyun \u00fczerindeki kahverengi baloncuklar\u0131 g\u00f6r\u00fcnce fark\u0131nda olmadan kendini geri \u00e7ekti. Suyun rengi sadece \u00e7amur gibi de\u011fildi, \u00fcstelik k\u00f6p\u00fcr\u00fcyordu da!Okyanustaki Gizem\u2019de Matt ve Lisbeth, al\u0131\u015f\u0131lmad\u0131k bir renge b\u00fcr\u00fcnen ve kokusu olduk\u00e7a k\u00f6t\u00fcle\u015fen okyanustaki gizemi \u00e7\u00f6zmeye \u00e7al\u0131\u015f\u0131yorlar. Okyanusu bu hale getiren ne olabilir? Korkun\u00e7 bir canavar m\u0131, yoksa bir do\u011fa olay\u0131 m\u0131?<\/p>\n","protected":false},"excerpt":{"rendered":"<p>\u201cNeler oluyor?\u201d diye m\u0131r\u0131ldand\u0131 Lisbeth, bo\u011faz\u0131 d\u00fc\u011f\u00fcmlenmi\u015fti.\u201cHi\u00e7bir \u015fey bilmiyorum\u201d diye cevap verdi Matt. O da ablas\u0131 gibi donakalm\u0131\u015ft\u0131.K\u0131y\u0131ya yakla\u015ft\u0131lar. Lisbeth suyun \u00fczerindeki kahverengi baloncuklar\u0131 g\u00f6r\u00fcnce fark\u0131nda<span class=\"excerpt-hellip\"> [\u2026]<\/span><\/p>\n","protected":false},"featured_media":0,"template":"","meta":{"_monsterinsights_skip_tracking":false,"_monsterinsights_sitenote_active":false,"_monsterinsights_sitenote_note":"","_monsterinsights_sitenote_category":0},"product_brand":[],"product_cat":[12274,12284],"product_tag":[],"class_list":{"0":"post-758006","1":"product","2":"type-product","3":"status-publish","5":"product_cat-cocuk-ve-genclik-kitaplari","6":"product_cat-hikayeler","7":"pa_cilt-ciltsiz","8":"pa_tur-kitap","9":"pa_yayinevi-durbun-kitap","10":"pa_yazar-helene-montardre","12":"first","13":"instock","14":"sale","15":"shipping-taxable","16":"purchasable","17":"product-type-simple"},"_links":{"self":[{"href":"https:\/\/roveyayinevi.com.tr\/index.php\/wp-json\/wp\/v2\/product\/758006","targetHints":{"allow":["GET"]}}],"collection":[{"href":"https:\/\/roveyayinevi.com.tr\/index.php\/wp-json\/wp\/v2\/product"}],"about":[{"href":"https:\/\/roveyayinevi.com.tr\/index.php\/wp-json\/wp\/v2\/types\/product"}],"wp:attachment":[{"href":"https:\/\/roveyayinevi.com.tr\/index.php\/wp-json\/wp\/v2\/media?parent=758006"}],"wp:term":[{"taxonomy":"product_brand","embeddable":true,"href":"https:\/\/roveyayinevi.com.tr\/index.php\/wp-json\/wp\/v2\/product_brand?post=758006"},{"taxonomy":"product_cat","embeddable":true,"href":"https:\/\/roveyayinevi.com.tr\/index.php\/wp-json\/wp\/v2\/product_cat?post=758006"},{"taxonomy":"product_tag","embeddable":true,"href":"https:\/\/roveyayinevi.com.tr\/index.php\/wp-json\/wp\/v2\/product_tag?post=758006"}],"curies":[{"name":"wp","href":"https:\/\/api.w.org\/{rel}","templated":true}]}}