{"id":758002,"date":"2025-08-28T07:52:08","date_gmt":"2025-08-28T04:52:08","guid":{"rendered":"https:\/\/roveyayinevi.com.tr\/index.php\/urun\/ekranlar-olmadan-10-gun\/"},"modified":"2026-04-16T03:11:15","modified_gmt":"2026-04-16T00:11:15","slug":"ekranlar-olmadan-10-gun","status":"publish","type":"product","link":"https:\/\/roveyayinevi.com.tr\/index.php\/urun\/ekranlar-olmadan-10-gun\/","title":{"rendered":"Ekranlar Olmadan 10 G\u00fcn"},"content":{"rendered":"<p>Tek bir ekran bile olmadan on g\u00fcn! \u00d6\u011fretmen ve \u00f6\u011frenciler aras\u0131nda yeni bir iddia: Televizyon yok, tablet yok, bilgisayar yok, cep telefonu yok, oyun konsolu yok, hatta psp bile yok\u2026 Peki bu iddiay\u0131 kim kazanacak? Ekrans\u0131z on g\u00fcn ge\u00e7irebilece\u011fini kabul edenler mi, yoksa etmeyenler mi?<\/p>\n","protected":false},"excerpt":{"rendered":"<p>Tek bir ekran bile olmadan on g\u00fcn! \u00d6\u011fretmen ve \u00f6\u011frenciler aras\u0131nda yeni bir iddia: Televizyon yok, tablet yok, bilgisayar yok, cep telefonu yok, oyun konsolu yok,<span class=\"excerpt-hellip\"> [\u2026]<\/span><\/p>\n","protected":false},"featured_media":0,"template":"","meta":{"_monsterinsights_skip_tracking":false,"_monsterinsights_sitenote_active":false,"_monsterinsights_sitenote_note":"","_monsterinsights_sitenote_category":0},"product_brand":[],"product_cat":[12274,12284],"product_tag":[],"class_list":{"0":"post-758002","1":"product","2":"type-product","3":"status-publish","5":"product_cat-cocuk-ve-genclik-kitaplari","6":"product_cat-hikayeler","7":"pa_cilt-ciltsiz","8":"pa_tur-kitap","9":"pa_yayinevi-durbun-kitap","10":"pa_yazar-sophie-rigal-goulard","12":"first","13":"instock","14":"sale","15":"shipping-taxable","16":"purchasable","17":"product-type-simple"},"_links":{"self":[{"href":"https:\/\/roveyayinevi.com.tr\/index.php\/wp-json\/wp\/v2\/product\/758002","targetHints":{"allow":["GET"]}}],"collection":[{"href":"https:\/\/roveyayinevi.com.tr\/index.php\/wp-json\/wp\/v2\/product"}],"about":[{"href":"https:\/\/roveyayinevi.com.tr\/index.php\/wp-json\/wp\/v2\/types\/product"}],"wp:attachment":[{"href":"https:\/\/roveyayinevi.com.tr\/index.php\/wp-json\/wp\/v2\/media?parent=758002"}],"wp:term":[{"taxonomy":"product_brand","embeddable":true,"href":"https:\/\/roveyayinevi.com.tr\/index.php\/wp-json\/wp\/v2\/product_brand?post=758002"},{"taxonomy":"product_cat","embeddable":true,"href":"https:\/\/roveyayinevi.com.tr\/index.php\/wp-json\/wp\/v2\/product_cat?post=758002"},{"taxonomy":"product_tag","embeddable":true,"href":"https:\/\/roveyayinevi.com.tr\/index.php\/wp-json\/wp\/v2\/product_tag?post=758002"}],"curies":[{"name":"wp","href":"https:\/\/api.w.org\/{rel}","templated":true}]}}