{"id":758000,"date":"2025-08-28T07:52:04","date_gmt":"2025-08-28T04:52:04","guid":{"rendered":"https:\/\/roveyayinevi.com.tr\/index.php\/urun\/ben-elvis-riboldi-ve-zaman-makinesi\/"},"modified":"2026-04-16T03:11:15","modified_gmt":"2026-04-16T00:11:15","slug":"ben-elvis-riboldi-ve-zaman-makinesi","status":"publish","type":"product","link":"https:\/\/roveyayinevi.com.tr\/index.php\/urun\/ben-elvis-riboldi-ve-zaman-makinesi\/","title":{"rendered":"Ben, Elvis Riboldi ve Zaman Makinesi"},"content":{"rendered":"<p>Elvis, zamanda yolculu\u011fa \u00e7\u0131k\u0131yor. \u00dcstelik yan\u0131nda bilgisayar oyunlar\u0131 ve internet olmadan. Hatta yan\u0131nda cep telefonu bile yok!Tavan aras\u0131nda buldu\u011fu bir mektup Elvisi Borisin zaman makinesi sayesinde 1977 y\u0131l\u0131na do\u011fru bir zaman yolculu\u011funa \u00e7\u0131kart\u0131r. Annesi ve babas\u0131n\u0131n nas\u0131l tan\u0131\u015ft\u0131\u011f\u0131n\u0131 \u00f6\u011frenmeye \u00e7al\u0131\u015f\u0131rken Profes\u00f6r Pinkertonun ak\u0131l almaz \u015fekilde benzedi\u011fi babas\u0131ndan ka\u00e7malar\u0131 ve ya\u015fad\u0131klar\u0131 y\u0131ldakine hi\u00e7 benzemeyen teknolojiyle ba\u015fa \u00e7\u0131kmaya u\u011fra\u015fmalar\u0131 aras\u0131nda macera \u00fcst\u00fcne macera ya\u015fat\u0131yorlar. Acaba tablet, cep telefonu, CD hatta internetin bile olmad\u0131\u011f\u0131 70li y\u0131llarda hayat nas\u0131ld\u0131? En \u00f6nemlisi ge\u00e7mi\u015fi de\u011fi\u015ftirmeden annesi ve babas\u0131n\u0131 bir araya getirebilecekler mi?<\/p>\n","protected":false},"excerpt":{"rendered":"<p>Elvis, zamanda yolculu\u011fa \u00e7\u0131k\u0131yor. \u00dcstelik yan\u0131nda bilgisayar oyunlar\u0131 ve internet olmadan. Hatta yan\u0131nda cep telefonu bile yok!Tavan aras\u0131nda buldu\u011fu bir mektup Elvisi Borisin zaman makinesi sayesinde<span class=\"excerpt-hellip\"> [\u2026]<\/span><\/p>\n","protected":false},"featured_media":0,"template":"","meta":{"_monsterinsights_skip_tracking":false,"_monsterinsights_sitenote_active":false,"_monsterinsights_sitenote_note":"","_monsterinsights_sitenote_category":0},"product_brand":[],"product_cat":[12274],"product_tag":[],"class_list":{"0":"post-758000","1":"product","2":"type-product","3":"status-publish","5":"product_cat-cocuk-ve-genclik-kitaplari","6":"pa_cilt-ciltsiz","7":"pa_tur-kitap","8":"pa_yayinevi-durbun-kitap","9":"pa_yazar-bono-bidari","11":"first","12":"instock","13":"sale","14":"shipping-taxable","15":"purchasable","16":"product-type-simple"},"_links":{"self":[{"href":"https:\/\/roveyayinevi.com.tr\/index.php\/wp-json\/wp\/v2\/product\/758000","targetHints":{"allow":["GET"]}}],"collection":[{"href":"https:\/\/roveyayinevi.com.tr\/index.php\/wp-json\/wp\/v2\/product"}],"about":[{"href":"https:\/\/roveyayinevi.com.tr\/index.php\/wp-json\/wp\/v2\/types\/product"}],"wp:attachment":[{"href":"https:\/\/roveyayinevi.com.tr\/index.php\/wp-json\/wp\/v2\/media?parent=758000"}],"wp:term":[{"taxonomy":"product_brand","embeddable":true,"href":"https:\/\/roveyayinevi.com.tr\/index.php\/wp-json\/wp\/v2\/product_brand?post=758000"},{"taxonomy":"product_cat","embeddable":true,"href":"https:\/\/roveyayinevi.com.tr\/index.php\/wp-json\/wp\/v2\/product_cat?post=758000"},{"taxonomy":"product_tag","embeddable":true,"href":"https:\/\/roveyayinevi.com.tr\/index.php\/wp-json\/wp\/v2\/product_tag?post=758000"}],"curies":[{"name":"wp","href":"https:\/\/api.w.org\/{rel}","templated":true}]}}