{"id":757999,"date":"2025-08-28T07:52:03","date_gmt":"2025-08-28T04:52:03","guid":{"rendered":"https:\/\/roveyayinevi.com.tr\/index.php\/urun\/ben-elvis-riboldi-ve-uzayli-morfi\/"},"modified":"2026-04-16T03:11:15","modified_gmt":"2026-04-16T00:11:15","slug":"ben-elvis-riboldi-ve-uzayli-morfi","status":"publish","type":"product","link":"https:\/\/roveyayinevi.com.tr\/index.php\/urun\/ben-elvis-riboldi-ve-uzayli-morfi\/","title":{"rendered":"Ben, Elvis Riboldi ve Uzayl\u0131 M\u00f6rfi"},"content":{"rendered":"<p>Ben, Elvis Riboldinin en ilgin\u00e7 maceras\u0131 bu kitab\u0131n sayfalar\u0131nda.Bir uzay gemisi, kocaman evrende olabilecek en ilgin\u00e7 yere d\u00fc\u015fer: Elvis Riboldinin evinin bah\u00e7esine! Bu da yetmezmi\u015f gibi Elvis ve Boris, uzay gemisinden \u00e7\u0131kan kay\u0131p uzayl\u0131ya M\u00f6rfi ad\u0131n\u0131 vererek arkada\u015f olurlar.Elvis ve Boris, t\u00fcm \u0130karya sakinleri ile birlikte M\u00f6rfinin gezegenine geri d\u00f6nmesine yard\u0131m etmeliler. Ama s\u00f6z konusu Elvis olunca hi\u00e7bir \u015fey bu kadar kolay olmuyor! Acaba referandum kelimesini de biliyor mu? Bilmiyorsa o zaman \u015fimdi \u00f6\u011frenme zaman\u0131.<\/p>\n","protected":false},"excerpt":{"rendered":"<p>Ben, Elvis Riboldinin en ilgin\u00e7 maceras\u0131 bu kitab\u0131n sayfalar\u0131nda.Bir uzay gemisi, kocaman evrende olabilecek en ilgin\u00e7 yere d\u00fc\u015fer: Elvis Riboldinin evinin bah\u00e7esine! Bu da yetmezmi\u015f gibi<span class=\"excerpt-hellip\"> [\u2026]<\/span><\/p>\n","protected":false},"featured_media":0,"template":"","meta":{"_monsterinsights_skip_tracking":false,"_monsterinsights_sitenote_active":false,"_monsterinsights_sitenote_note":"","_monsterinsights_sitenote_category":0},"product_brand":[],"product_cat":[12274,12284],"product_tag":[],"class_list":{"0":"post-757999","1":"product","2":"type-product","3":"status-publish","5":"product_cat-cocuk-ve-genclik-kitaplari","6":"product_cat-hikayeler","7":"pa_cilt-ciltsiz","8":"pa_tur-kitap","9":"pa_yayinevi-durbun-kitap","10":"pa_yazar-bono-bidari","12":"first","13":"instock","14":"sale","15":"shipping-taxable","16":"purchasable","17":"product-type-simple"},"_links":{"self":[{"href":"https:\/\/roveyayinevi.com.tr\/index.php\/wp-json\/wp\/v2\/product\/757999","targetHints":{"allow":["GET"]}}],"collection":[{"href":"https:\/\/roveyayinevi.com.tr\/index.php\/wp-json\/wp\/v2\/product"}],"about":[{"href":"https:\/\/roveyayinevi.com.tr\/index.php\/wp-json\/wp\/v2\/types\/product"}],"wp:attachment":[{"href":"https:\/\/roveyayinevi.com.tr\/index.php\/wp-json\/wp\/v2\/media?parent=757999"}],"wp:term":[{"taxonomy":"product_brand","embeddable":true,"href":"https:\/\/roveyayinevi.com.tr\/index.php\/wp-json\/wp\/v2\/product_brand?post=757999"},{"taxonomy":"product_cat","embeddable":true,"href":"https:\/\/roveyayinevi.com.tr\/index.php\/wp-json\/wp\/v2\/product_cat?post=757999"},{"taxonomy":"product_tag","embeddable":true,"href":"https:\/\/roveyayinevi.com.tr\/index.php\/wp-json\/wp\/v2\/product_tag?post=757999"}],"curies":[{"name":"wp","href":"https:\/\/api.w.org\/{rel}","templated":true}]}}