{"id":757996,"date":"2025-08-28T07:51:58","date_gmt":"2025-08-28T04:51:58","guid":{"rendered":"https:\/\/roveyayinevi.com.tr\/index.php\/urun\/emir-timur\/"},"modified":"2026-04-16T03:11:15","modified_gmt":"2026-04-16T00:11:15","slug":"emir-timur","status":"publish","type":"product","link":"https:\/\/roveyayinevi.com.tr\/index.php\/urun\/emir-timur\/","title":{"rendered":"Emir Timur"},"content":{"rendered":"<p>N\u0130ZAM G\u00dcNE\u015e\u0130 C\u0130HANG\u0130R Barlas A\u015fireti denilen o k\u00fc\u00e7\u00fcc\u00fck obay\u0131, s\u0131n\u0131rlar\u0131 Hindistan\u2019dan Anadolu\u2019ya, Kafkasya\u2019dan \u015eam\u2019a kadar uzanan devasa bir imparatorlu\u011fa \u00e7eviren b\u00fcy\u00fck kumandan Emir Timur. 35 y\u0131ll\u0131k saltanat\u0131 boyunca nice sava\u015fa at s\u00fcrd\u00fc ve Hak Teal\u00e2\u2019n\u0131n izniyle neredeyse hi\u00e7 yenilgi g\u00f6rmedi. Sultan Beyaz\u0131t\u2019\u0131 sava\u015f meydan\u0131nda yenen komutan Emir Timur. \u201cCihangir\u201d dediler ard\u0131ndan. Fethetti\u011fi yerleri imar ederken ilim adamlar\u0131n\u0131 da ba\u015f tac\u0131 k\u0131ld\u0131. Nizam-\u0131 \u00e2lem u\u011fruna \u00c7in \u00fczerine at s\u00fcren Emir Timur\u2019un ard\u0131ndan nice eserler de kaleme al\u0131nd\u0131. <\/p>\n","protected":false},"excerpt":{"rendered":"<p>N\u0130ZAM G\u00dcNE\u015e\u0130 C\u0130HANG\u0130R Barlas A\u015fireti denilen o k\u00fc\u00e7\u00fcc\u00fck obay\u0131, s\u0131n\u0131rlar\u0131 Hindistan\u2019dan Anadolu\u2019ya, Kafkasya\u2019dan \u015eam\u2019a kadar uzanan devasa bir imparatorlu\u011fa \u00e7eviren b\u00fcy\u00fck kumandan Emir Timur. 35 y\u0131ll\u0131k<span class=\"excerpt-hellip\"> [\u2026]<\/span><\/p>\n","protected":false},"featured_media":0,"template":"","meta":{"_monsterinsights_skip_tracking":false,"_monsterinsights_sitenote_active":false,"_monsterinsights_sitenote_note":"","_monsterinsights_sitenote_category":0},"product_brand":[],"product_cat":[13946,12304],"product_tag":[],"class_list":{"0":"post-757996","1":"product","2":"type-product","3":"status-publish","5":"product_cat-biyografi-otobiyografi","6":"product_cat-tarih","7":"pa_cilt-ciltsiz","8":"pa_tur-kitap","9":"pa_yayinevi-genc-hayat","10":"pa_yazar-yusuf-guldur","12":"first","13":"instock","14":"sale","15":"shipping-taxable","16":"purchasable","17":"product-type-simple"},"_links":{"self":[{"href":"https:\/\/roveyayinevi.com.tr\/index.php\/wp-json\/wp\/v2\/product\/757996","targetHints":{"allow":["GET"]}}],"collection":[{"href":"https:\/\/roveyayinevi.com.tr\/index.php\/wp-json\/wp\/v2\/product"}],"about":[{"href":"https:\/\/roveyayinevi.com.tr\/index.php\/wp-json\/wp\/v2\/types\/product"}],"wp:attachment":[{"href":"https:\/\/roveyayinevi.com.tr\/index.php\/wp-json\/wp\/v2\/media?parent=757996"}],"wp:term":[{"taxonomy":"product_brand","embeddable":true,"href":"https:\/\/roveyayinevi.com.tr\/index.php\/wp-json\/wp\/v2\/product_brand?post=757996"},{"taxonomy":"product_cat","embeddable":true,"href":"https:\/\/roveyayinevi.com.tr\/index.php\/wp-json\/wp\/v2\/product_cat?post=757996"},{"taxonomy":"product_tag","embeddable":true,"href":"https:\/\/roveyayinevi.com.tr\/index.php\/wp-json\/wp\/v2\/product_tag?post=757996"}],"curies":[{"name":"wp","href":"https:\/\/api.w.org\/{rel}","templated":true}]}}