{"id":757994,"date":"2025-08-28T07:51:55","date_gmt":"2025-08-28T04:51:55","guid":{"rendered":"https:\/\/roveyayinevi.com.tr\/index.php\/urun\/guzel-kelimelerimi-seviyorum\/"},"modified":"2026-04-16T03:11:14","modified_gmt":"2026-04-16T00:11:14","slug":"guzel-kelimelerimi-seviyorum","status":"publish","type":"product","link":"https:\/\/roveyayinevi.com.tr\/index.php\/urun\/guzel-kelimelerimi-seviyorum\/","title":{"rendered":"G\u00fczel Kelimelerimi Seviyorum"},"content":{"rendered":"<p>\u201cBiliyor musun?Arkada\u015flar\u0131m bana \u2018G\u00fczel Kelimeler Ba\u015fkan\u0131\u2019 derler.Neden mi? K\u00f6t\u00fc s\u00f6zleri hi\u00e7 sevmem de ondan&#8230;G\u00fczel kelimelereyse bay\u0131l\u0131r\u0131m. \u00d6zellikle de baz\u0131lar\u0131na&#8230;\u201dPeki sen de hik\u00e2yemizin kahraman\u0131 gibi bu g\u00fczel kelimeleri \u00f6\u011frenip arkada\u015flar\u0131na \u00f6\u011fretmek ister misin?Merve G\u00fclcemal\u2019in s\u0131cac\u0131k kaleminden \u00e7\u0131karak senin i\u00e7in bir araya gelen bu kelimelerle bamba\u015fka bir maceraya ad\u0131m atacaks\u0131n. \u015eimdi g\u00fczel kelimelerden olu\u015fan hik\u00e2ye kitab\u0131n\u0131n kapa\u011f\u0131n\u0131 usulca a\u00e7 ve muhte\u015fem kelimelerle maceraya ba\u015fla!<\/p>\n","protected":false},"excerpt":{"rendered":"<p>\u201cBiliyor musun?Arkada\u015flar\u0131m bana \u2018G\u00fczel Kelimeler Ba\u015fkan\u0131\u2019 derler.Neden mi? K\u00f6t\u00fc s\u00f6zleri hi\u00e7 sevmem de ondan&#8230;G\u00fczel kelimelereyse bay\u0131l\u0131r\u0131m. \u00d6zellikle de baz\u0131lar\u0131na&#8230;\u201dPeki sen de hik\u00e2yemizin kahraman\u0131 gibi bu g\u00fczel<span class=\"excerpt-hellip\"> [\u2026]<\/span><\/p>\n","protected":false},"featured_media":0,"template":"","meta":{"_monsterinsights_skip_tracking":false,"_monsterinsights_sitenote_active":false,"_monsterinsights_sitenote_note":"","_monsterinsights_sitenote_category":0},"product_brand":[],"product_cat":[12274,12284],"product_tag":[],"class_list":{"0":"post-757994","1":"product","2":"type-product","3":"status-publish","5":"product_cat-cocuk-ve-genclik-kitaplari","6":"product_cat-hikayeler","7":"pa_cilt-ciltsiz","8":"pa_tur-kitap","9":"pa_yayinevi-turkuvaz-kitap","10":"pa_yazar-merve-gulcemal","12":"first","13":"instock","14":"sale","15":"shipping-taxable","16":"purchasable","17":"product-type-simple"},"_links":{"self":[{"href":"https:\/\/roveyayinevi.com.tr\/index.php\/wp-json\/wp\/v2\/product\/757994","targetHints":{"allow":["GET"]}}],"collection":[{"href":"https:\/\/roveyayinevi.com.tr\/index.php\/wp-json\/wp\/v2\/product"}],"about":[{"href":"https:\/\/roveyayinevi.com.tr\/index.php\/wp-json\/wp\/v2\/types\/product"}],"wp:attachment":[{"href":"https:\/\/roveyayinevi.com.tr\/index.php\/wp-json\/wp\/v2\/media?parent=757994"}],"wp:term":[{"taxonomy":"product_brand","embeddable":true,"href":"https:\/\/roveyayinevi.com.tr\/index.php\/wp-json\/wp\/v2\/product_brand?post=757994"},{"taxonomy":"product_cat","embeddable":true,"href":"https:\/\/roveyayinevi.com.tr\/index.php\/wp-json\/wp\/v2\/product_cat?post=757994"},{"taxonomy":"product_tag","embeddable":true,"href":"https:\/\/roveyayinevi.com.tr\/index.php\/wp-json\/wp\/v2\/product_tag?post=757994"}],"curies":[{"name":"wp","href":"https:\/\/api.w.org\/{rel}","templated":true}]}}