{"id":757989,"date":"2025-08-28T07:51:47","date_gmt":"2025-08-28T04:51:47","guid":{"rendered":"https:\/\/roveyayinevi.com.tr\/index.php\/urun\/hayvan-ciftligi-32\/"},"modified":"2026-01-20T03:49:37","modified_gmt":"2026-01-20T00:49:37","slug":"hayvan-ciftligi-32","status":"publish","type":"product","link":"https:\/\/roveyayinevi.com.tr\/index.php\/urun\/hayvan-ciftligi-32\/","title":{"rendered":"Hayvan \u00c7iftli\u011fi"},"content":{"rendered":"<p>Manor \u00c7iftli\u011fi\u2019nin sahibi Bay Jones, her gece yapt\u0131\u011f\u0131 gibi k\u00fcmesin kap\u0131s\u0131n\u0131 kapatm\u0131\u015f, fakat \u00e7ok sarho\u015f oldu\u011fu i\u00e7in tavuklar\u0131n girip \u00e7\u0131kt\u0131\u011f\u0131 delikleri \u00f6rtmeyi unutmu\u015ftu. Elindeki fenerin \u0131\u015f\u0131\u011f\u0131 iki yana do\u011fru sallan\u0131rken avluda sendeleyerek y\u00fcr\u00fcd\u00fc, \u00e7izmelerini \u00e7\u0131kar\u0131p arka kap\u0131ya do\u011fru f\u0131rlatt\u0131. Kilerdeki f\u0131\u00e7\u0131dan son bir bardak bira doldurarak tek seferde i\u00e7tikten sonra Bayan Jones\u2019un \u00e7oktan horlamaya ba\u015flad\u0131\u011f\u0131 yata\u011fa do\u011fru ilerledi.<\/p>\n","protected":false},"excerpt":{"rendered":"<p>Manor \u00c7iftli\u011fi\u2019nin sahibi Bay Jones, her gece yapt\u0131\u011f\u0131 gibi k\u00fcmesin kap\u0131s\u0131n\u0131 kapatm\u0131\u015f, fakat \u00e7ok sarho\u015f oldu\u011fu i\u00e7in tavuklar\u0131n girip \u00e7\u0131kt\u0131\u011f\u0131 delikleri \u00f6rtmeyi unutmu\u015ftu. Elindeki fenerin \u0131\u015f\u0131\u011f\u0131<span class=\"excerpt-hellip\"> [\u2026]<\/span><\/p>\n","protected":false},"featured_media":0,"template":"","meta":{"_monsterinsights_skip_tracking":false,"_monsterinsights_sitenote_active":false,"_monsterinsights_sitenote_note":"","_monsterinsights_sitenote_category":0},"product_brand":[],"product_cat":[12291,12711],"product_tag":[],"class_list":{"0":"post-757989","1":"product","2":"type-product","3":"status-publish","5":"product_cat-edebiyat","6":"product_cat-roman-oyku","7":"pa_cilt-ciltsiz","8":"pa_tur-kitap","9":"pa_yayinevi-dekalog-yayinlari","10":"pa_yazar-george-orwell","12":"first","13":"instock","14":"sale","15":"shipping-taxable","16":"purchasable","17":"product-type-simple"},"_links":{"self":[{"href":"https:\/\/roveyayinevi.com.tr\/index.php\/wp-json\/wp\/v2\/product\/757989","targetHints":{"allow":["GET"]}}],"collection":[{"href":"https:\/\/roveyayinevi.com.tr\/index.php\/wp-json\/wp\/v2\/product"}],"about":[{"href":"https:\/\/roveyayinevi.com.tr\/index.php\/wp-json\/wp\/v2\/types\/product"}],"wp:attachment":[{"href":"https:\/\/roveyayinevi.com.tr\/index.php\/wp-json\/wp\/v2\/media?parent=757989"}],"wp:term":[{"taxonomy":"product_brand","embeddable":true,"href":"https:\/\/roveyayinevi.com.tr\/index.php\/wp-json\/wp\/v2\/product_brand?post=757989"},{"taxonomy":"product_cat","embeddable":true,"href":"https:\/\/roveyayinevi.com.tr\/index.php\/wp-json\/wp\/v2\/product_cat?post=757989"},{"taxonomy":"product_tag","embeddable":true,"href":"https:\/\/roveyayinevi.com.tr\/index.php\/wp-json\/wp\/v2\/product_tag?post=757989"}],"curies":[{"name":"wp","href":"https:\/\/api.w.org\/{rel}","templated":true}]}}