{"id":757988,"date":"2025-08-28T07:51:46","date_gmt":"2025-08-28T04:51:46","guid":{"rendered":"https:\/\/roveyayinevi.com.tr\/index.php\/urun\/deli-dumrul-3\/"},"modified":"2026-04-16T03:11:14","modified_gmt":"2026-04-16T00:11:14","slug":"deli-dumrul-3","status":"publish","type":"product","link":"https:\/\/roveyayinevi.com.tr\/index.php\/urun\/deli-dumrul-3\/","title":{"rendered":"Deli Dumrul"},"content":{"rendered":"<p>Bir zamanlar O\u011fuz kavmi i\u00e7inde \u201cDeli Dumrul\u201d nam\u0131nda bir kahraman varm\u0131\u015f. \u00c7ocukken dokuz vah\u015fi bo\u011fay\u0131 \u00f6ld\u00fcr\u00fcp ve daha nice b\u00fcy\u00fck i\u015fler yapt\u0131\u011f\u0131ndan ona deli derlermi\u015f.Bu Deli Dumrul \u015fimdi de kurumu\u015f \u00e7ay\u0131n \u00fczerine k\u00f6pr\u00fc yapm\u0131\u015f ve t\u00fcm kervanlar\u0131 ve yayalar\u0131 bu k\u00f6pr\u00fcden ge\u00e7meye zorlam\u0131\u015ft\u0131. Her ge\u00e7enden otuz ak\u00e7e al\u0131yor ve vazge\u00e7ip ba\u015fka bir yoldan ge\u00e7mek isteyeni ise bir g\u00fczel d\u00f6v\u00fcyor, k\u0131rk ak\u00e7esini al\u0131p \u00f6yle ge\u00e7iriyordu.Deli Dumrul\u2019un ni\u00e7in b\u00f6yle yapt\u0131\u011f\u0131n\u0131 hi\u00e7 sormuyorsunuz?O kendi kendine \u015f\u00f6yle diyordu: \u201c\u015e\u00f6yle g\u00fc\u00e7l\u00fc bir pehlivan \u00e7\u0131k\u0131p, emrime kar\u015f\u0131 gelse de benimle sava\u015fsa. Ben de onu al\u0131p yere \u00e7alsam da nam\u0131m t\u00fcm d\u00fcnyaya yay\u0131lsa!\u201d<\/p>\n","protected":false},"excerpt":{"rendered":"<p>Bir zamanlar O\u011fuz kavmi i\u00e7inde \u201cDeli Dumrul\u201d nam\u0131nda bir kahraman varm\u0131\u015f. \u00c7ocukken dokuz vah\u015fi bo\u011fay\u0131 \u00f6ld\u00fcr\u00fcp ve daha nice b\u00fcy\u00fck i\u015fler yapt\u0131\u011f\u0131ndan ona deli derlermi\u015f.Bu Deli<span class=\"excerpt-hellip\"> [\u2026]<\/span><\/p>\n","protected":false},"featured_media":0,"template":"","meta":{"_monsterinsights_skip_tracking":false,"_monsterinsights_sitenote_active":false,"_monsterinsights_sitenote_note":"","_monsterinsights_sitenote_category":0},"product_brand":[],"product_cat":[12274,12284],"product_tag":[],"class_list":{"0":"post-757988","1":"product","2":"type-product","3":"status-publish","5":"product_cat-cocuk-ve-genclik-kitaplari","6":"product_cat-hikayeler","7":"pa_cilt-ciltsiz","8":"pa_tur-kitap","9":"pa_yayinevi-dekalog-yayinlari","10":"pa_yazar-samed-behrengi","12":"first","13":"instock","14":"sale","15":"shipping-taxable","16":"purchasable","17":"product-type-simple"},"_links":{"self":[{"href":"https:\/\/roveyayinevi.com.tr\/index.php\/wp-json\/wp\/v2\/product\/757988","targetHints":{"allow":["GET"]}}],"collection":[{"href":"https:\/\/roveyayinevi.com.tr\/index.php\/wp-json\/wp\/v2\/product"}],"about":[{"href":"https:\/\/roveyayinevi.com.tr\/index.php\/wp-json\/wp\/v2\/types\/product"}],"wp:attachment":[{"href":"https:\/\/roveyayinevi.com.tr\/index.php\/wp-json\/wp\/v2\/media?parent=757988"}],"wp:term":[{"taxonomy":"product_brand","embeddable":true,"href":"https:\/\/roveyayinevi.com.tr\/index.php\/wp-json\/wp\/v2\/product_brand?post=757988"},{"taxonomy":"product_cat","embeddable":true,"href":"https:\/\/roveyayinevi.com.tr\/index.php\/wp-json\/wp\/v2\/product_cat?post=757988"},{"taxonomy":"product_tag","embeddable":true,"href":"https:\/\/roveyayinevi.com.tr\/index.php\/wp-json\/wp\/v2\/product_tag?post=757988"}],"curies":[{"name":"wp","href":"https:\/\/api.w.org\/{rel}","templated":true}]}}