{"id":757985,"date":"2025-08-28T07:51:39","date_gmt":"2025-08-28T04:51:39","guid":{"rendered":"https:\/\/roveyayinevi.com.tr\/index.php\/urun\/korku-cep-boy\/"},"modified":"2026-04-16T03:11:14","modified_gmt":"2026-04-16T00:11:14","slug":"korku-cep-boy","status":"publish","type":"product","link":"https:\/\/roveyayinevi.com.tr\/index.php\/urun\/korku-cep-boy\/","title":{"rendered":"Korku (CEP BOY)"},"content":{"rendered":"<p>Irene, sevgilisinin evinden \u00e7\u0131k\u0131p merdivenlerden a\u015fa\u011f\u0131 indi. Daha \u00f6nce de bir\u00e7ok kez oldu\u011fu gibi tats\u0131z bir korku \u00e7\u00f6kt\u00fc i\u00e7ine. G\u00f6zleri titredi, dizleri gev\u015fedi ve d\u00fc\u015fmemek i\u00e7in sa\u011flam bir \u015fekilde t\u0131rabzanlara tutunmas\u0131 gerekti. Bu duyguyu ne kadar da iyi biliyordu! Neredeyse sevgilisini g\u00f6rmeye gelme \u015fans\u0131 yaratmak i\u00e7in yapt\u0131\u011f\u0131 her ba\u015far\u0131l\u0131 giri\u015fimin sonunda, sevgilisinin yan\u0131ndan d\u00f6nerken, bu sebepsiz korku n\u00f6betlerine yenik d\u00fc\u015f\u00fcyordu.<\/p>\n","protected":false},"excerpt":{"rendered":"<p>Irene, sevgilisinin evinden \u00e7\u0131k\u0131p merdivenlerden a\u015fa\u011f\u0131 indi. Daha \u00f6nce de bir\u00e7ok kez oldu\u011fu gibi tats\u0131z bir korku \u00e7\u00f6kt\u00fc i\u00e7ine. G\u00f6zleri titredi, dizleri gev\u015fedi ve d\u00fc\u015fmemek i\u00e7in<span class=\"excerpt-hellip\"> [\u2026]<\/span><\/p>\n","protected":false},"featured_media":0,"template":"","meta":{"_monsterinsights_skip_tracking":false,"_monsterinsights_sitenote_active":false,"_monsterinsights_sitenote_note":"","_monsterinsights_sitenote_category":0},"product_brand":[],"product_cat":[12291,12711],"product_tag":[],"class_list":{"0":"post-757985","1":"product","2":"type-product","3":"status-publish","5":"product_cat-edebiyat","6":"product_cat-roman-oyku","7":"pa_cilt-ciltsiz","8":"pa_tur-kitap","9":"pa_yayinevi-dekalog-yayinlari","10":"pa_yazar-stefan-zweig","12":"first","13":"instock","14":"sale","15":"shipping-taxable","16":"purchasable","17":"product-type-simple"},"_links":{"self":[{"href":"https:\/\/roveyayinevi.com.tr\/index.php\/wp-json\/wp\/v2\/product\/757985","targetHints":{"allow":["GET"]}}],"collection":[{"href":"https:\/\/roveyayinevi.com.tr\/index.php\/wp-json\/wp\/v2\/product"}],"about":[{"href":"https:\/\/roveyayinevi.com.tr\/index.php\/wp-json\/wp\/v2\/types\/product"}],"wp:attachment":[{"href":"https:\/\/roveyayinevi.com.tr\/index.php\/wp-json\/wp\/v2\/media?parent=757985"}],"wp:term":[{"taxonomy":"product_brand","embeddable":true,"href":"https:\/\/roveyayinevi.com.tr\/index.php\/wp-json\/wp\/v2\/product_brand?post=757985"},{"taxonomy":"product_cat","embeddable":true,"href":"https:\/\/roveyayinevi.com.tr\/index.php\/wp-json\/wp\/v2\/product_cat?post=757985"},{"taxonomy":"product_tag","embeddable":true,"href":"https:\/\/roveyayinevi.com.tr\/index.php\/wp-json\/wp\/v2\/product_tag?post=757985"}],"curies":[{"name":"wp","href":"https:\/\/api.w.org\/{rel}","templated":true}]}}