{"id":757983,"date":"2025-08-28T07:51:35","date_gmt":"2025-08-28T04:51:35","guid":{"rendered":"https:\/\/roveyayinevi.com.tr\/index.php\/urun\/kleist-cep-boy\/"},"modified":"2026-04-16T03:11:14","modified_gmt":"2026-04-16T00:11:14","slug":"kleist-cep-boy","status":"publish","type":"product","link":"https:\/\/roveyayinevi.com.tr\/index.php\/urun\/kleist-cep-boy\/","title":{"rendered":"Kleist (CEP BOY)"},"content":{"rendered":"<p>Evsiz bir g\u00f6\u00e7ebe olan Kleist&#8217;\u0131n Almanya&#8217;da aya\u011f\u0131n\u0131 basmad\u0131\u011f\u0131 yer kalmam\u0131\u015ft\u0131 ve gezdi\u011fi \u015fehirlerden hi\u00e7birinde ikamet etmedi. Neredeyse hi\u00e7 durmadan yer de\u011fi\u015ftiriyordu. Berlin&#8217;den Dresden&#8217;e gitti, Erzgebirge&#8217;ye, Bayreuth&#8217;a Chemnitz&#8217;e; sonra tekrar W\u00fcrzburg&#8217;a ge\u00e7ti; sonras\u0131nda Napolyon seferlerinin tam tersi y\u00f6n\u00fcne Paris&#8217;e. Fransa&#8217;n\u0131n ba\u015fkentinde bir y\u0131l ge\u00e7irmeyi planlam\u0131\u015ft\u0131 ama birka\u00e7 hafta sonra \u0130svi\u00e7re&#8217;ye yola \u00e7\u0131kt\u0131; bir oraya bir buraya seken bir top gibi Bern&#8217;den Thun&#8217;a, Basel&#8217;e, sonra yine Bern&#8217;e gitti ve bir anda kendini Weimar yak\u0131n\u0131ndaki Osmanstedt&#8217;te Wieland&#8217;\u0131n evinde buldu. Orada k\u0131sa bir s\u00fcre kald\u0131ktan sonra aceleyle Milan&#8217;a gitti, \u0130talyan g\u00f6llerini ziyaret etti ve tekrardan Paris&#8217;in yolunu tuttu.<\/p>\n","protected":false},"excerpt":{"rendered":"<p>Evsiz bir g\u00f6\u00e7ebe olan Kleist&#8217;\u0131n Almanya&#8217;da aya\u011f\u0131n\u0131 basmad\u0131\u011f\u0131 yer kalmam\u0131\u015ft\u0131 ve gezdi\u011fi \u015fehirlerden hi\u00e7birinde ikamet etmedi. Neredeyse hi\u00e7 durmadan yer de\u011fi\u015ftiriyordu. Berlin&#8217;den Dresden&#8217;e gitti, Erzgebirge&#8217;ye, Bayreuth&#8217;a<span class=\"excerpt-hellip\"> [\u2026]<\/span><\/p>\n","protected":false},"featured_media":0,"template":"","meta":{"_monsterinsights_skip_tracking":false,"_monsterinsights_sitenote_active":false,"_monsterinsights_sitenote_note":"","_monsterinsights_sitenote_category":0},"product_brand":[],"product_cat":[12291,12711],"product_tag":[],"class_list":{"0":"post-757983","1":"product","2":"type-product","3":"status-publish","5":"product_cat-edebiyat","6":"product_cat-roman-oyku","7":"pa_cilt-ciltsiz","8":"pa_tur-kitap","9":"pa_yayinevi-dekalog-yayinlari","10":"pa_yazar-stefan-zweig","12":"first","13":"instock","14":"sale","15":"shipping-taxable","16":"purchasable","17":"product-type-simple"},"_links":{"self":[{"href":"https:\/\/roveyayinevi.com.tr\/index.php\/wp-json\/wp\/v2\/product\/757983","targetHints":{"allow":["GET"]}}],"collection":[{"href":"https:\/\/roveyayinevi.com.tr\/index.php\/wp-json\/wp\/v2\/product"}],"about":[{"href":"https:\/\/roveyayinevi.com.tr\/index.php\/wp-json\/wp\/v2\/types\/product"}],"wp:attachment":[{"href":"https:\/\/roveyayinevi.com.tr\/index.php\/wp-json\/wp\/v2\/media?parent=757983"}],"wp:term":[{"taxonomy":"product_brand","embeddable":true,"href":"https:\/\/roveyayinevi.com.tr\/index.php\/wp-json\/wp\/v2\/product_brand?post=757983"},{"taxonomy":"product_cat","embeddable":true,"href":"https:\/\/roveyayinevi.com.tr\/index.php\/wp-json\/wp\/v2\/product_cat?post=757983"},{"taxonomy":"product_tag","embeddable":true,"href":"https:\/\/roveyayinevi.com.tr\/index.php\/wp-json\/wp\/v2\/product_tag?post=757983"}],"curies":[{"name":"wp","href":"https:\/\/api.w.org\/{rel}","templated":true}]}}