{"id":757979,"date":"2025-08-28T07:51:27","date_gmt":"2025-08-28T04:51:27","guid":{"rendered":"https:\/\/roveyayinevi.com.tr\/index.php\/urun\/kendine-ait-bir-oda-cep-boy\/"},"modified":"2026-04-16T03:11:14","modified_gmt":"2026-04-16T00:11:14","slug":"kendine-ait-bir-oda-cep-boy","status":"publish","type":"product","link":"https:\/\/roveyayinevi.com.tr\/index.php\/urun\/kendine-ait-bir-oda-cep-boy\/","title":{"rendered":"Kendine Ait Bir Oda (CEP BOY)"},"content":{"rendered":"<p>Fakat diyebilirsiniz ki, biz sizden kad\u0131nlar ve kurgu \u00fczerine konu\u015fman\u0131z\u0131 istemi\u015ftik, bunun herhangi birisinin odas\u0131yla ne alakas\u0131 var? A\u00e7\u0131klamaya \u00e7al\u0131\u015faca\u011f\u0131m. Benden kad\u0131nlar ve kurgu \u00fczerine konu\u015fmam\u0131 istedi\u011finizde bir nehrin k\u0131y\u0131s\u0131na oturdum ve bu s\u00f6zc\u00fcklerin ne anlama geldi\u011fini merak etmeye ba\u015flad\u0131m. Fanny Burney hakk\u0131nda birka\u00e7 ifade, Jane Austen hakk\u0131nda birka\u00e7 ifade, Bronte karde\u015flere bir takdir, karlar alt\u0131ndaki Haworth papaz evinin bir tasla\u011f\u0131, m\u00fcmk\u00fcnse Bayan Mitford hakk\u0131nda bir ka\u00e7 n\u00fckte, George Eliot&#8217;a sayg\u0131l\u0131 bir kinaye, Bayan Gaskell&#8217;e bir ve bir kelimenin ifade edebilece\u011fi her \u015fey olabilirdi.<\/p>\n","protected":false},"excerpt":{"rendered":"<p>Fakat diyebilirsiniz ki, biz sizden kad\u0131nlar ve kurgu \u00fczerine konu\u015fman\u0131z\u0131 istemi\u015ftik, bunun herhangi birisinin odas\u0131yla ne alakas\u0131 var? A\u00e7\u0131klamaya \u00e7al\u0131\u015faca\u011f\u0131m. Benden kad\u0131nlar ve kurgu \u00fczerine konu\u015fmam\u0131<span class=\"excerpt-hellip\"> [\u2026]<\/span><\/p>\n","protected":false},"featured_media":0,"template":"","meta":{"_monsterinsights_skip_tracking":false,"_monsterinsights_sitenote_active":false,"_monsterinsights_sitenote_note":"","_monsterinsights_sitenote_category":0},"product_brand":[],"product_cat":[12777,12291],"product_tag":[],"class_list":{"0":"post-757979","1":"product","2":"type-product","3":"status-publish","5":"product_cat-deneme","6":"product_cat-edebiyat","7":"pa_cilt-ciltsiz","8":"pa_tur-kitap","9":"pa_yayinevi-dekalog-yayinlari","10":"pa_yazar-virginia-woolf","12":"first","13":"instock","14":"sale","15":"shipping-taxable","16":"purchasable","17":"product-type-simple"},"_links":{"self":[{"href":"https:\/\/roveyayinevi.com.tr\/index.php\/wp-json\/wp\/v2\/product\/757979","targetHints":{"allow":["GET"]}}],"collection":[{"href":"https:\/\/roveyayinevi.com.tr\/index.php\/wp-json\/wp\/v2\/product"}],"about":[{"href":"https:\/\/roveyayinevi.com.tr\/index.php\/wp-json\/wp\/v2\/types\/product"}],"wp:attachment":[{"href":"https:\/\/roveyayinevi.com.tr\/index.php\/wp-json\/wp\/v2\/media?parent=757979"}],"wp:term":[{"taxonomy":"product_brand","embeddable":true,"href":"https:\/\/roveyayinevi.com.tr\/index.php\/wp-json\/wp\/v2\/product_brand?post=757979"},{"taxonomy":"product_cat","embeddable":true,"href":"https:\/\/roveyayinevi.com.tr\/index.php\/wp-json\/wp\/v2\/product_cat?post=757979"},{"taxonomy":"product_tag","embeddable":true,"href":"https:\/\/roveyayinevi.com.tr\/index.php\/wp-json\/wp\/v2\/product_tag?post=757979"}],"curies":[{"name":"wp","href":"https:\/\/api.w.org\/{rel}","templated":true}]}}