{"id":757974,"date":"2025-08-28T07:51:17","date_gmt":"2025-08-28T04:51:17","guid":{"rendered":"https:\/\/roveyayinevi.com.tr\/index.php\/urun\/vatan-yahut-silistre-cep-boy\/"},"modified":"2026-04-16T03:11:14","modified_gmt":"2026-04-16T00:11:14","slug":"vatan-yahut-silistre-cep-boy","status":"publish","type":"product","link":"https:\/\/roveyayinevi.com.tr\/index.php\/urun\/vatan-yahut-silistre-cep-boy\/","title":{"rendered":"Vatan Yahut Silistre (CEP BOY)"},"content":{"rendered":"<p>Perde I(Perde a\u00e7\u0131l\u0131nca kenar\u0131 soka\u011fa bakan bir oda g\u00f6r\u00fcn\u00fcr. Zekiye, Arnavutluk&#8217;a \u00f6zg\u00fc d\u00fczg\u00fcn giysisiyle mindere uzanm\u0131\u015f, elinde bir kitap, \u00f6n\u00fcnde bir mum. \u0130sl\u00e2m Bey de sokakta gezinir.)<\/p>\n","protected":false},"excerpt":{"rendered":"<p>Perde I(Perde a\u00e7\u0131l\u0131nca kenar\u0131 soka\u011fa bakan bir oda g\u00f6r\u00fcn\u00fcr. Zekiye, Arnavutluk&#8217;a \u00f6zg\u00fc d\u00fczg\u00fcn giysisiyle mindere uzanm\u0131\u015f, elinde bir kitap, \u00f6n\u00fcnde bir mum. \u0130sl\u00e2m Bey de sokakta<span class=\"excerpt-hellip\"> [\u2026]<\/span><\/p>\n","protected":false},"featured_media":0,"template":"","meta":{"_monsterinsights_skip_tracking":false,"_monsterinsights_sitenote_active":false,"_monsterinsights_sitenote_note":"","_monsterinsights_sitenote_category":0},"product_brand":[],"product_cat":[12409,12408],"product_tag":[],"class_list":{"0":"post-757974","1":"product","2":"type-product","3":"status-publish","5":"product_cat-fotograf-sinema-tiyatro","6":"product_cat-sanat","7":"pa_cilt-ciltsiz","8":"pa_tur-kitap","9":"pa_yayinevi-dekalog-yayinlari","10":"pa_yazar-namik-kemal","12":"first","13":"instock","14":"sale","15":"shipping-taxable","16":"purchasable","17":"product-type-simple"},"_links":{"self":[{"href":"https:\/\/roveyayinevi.com.tr\/index.php\/wp-json\/wp\/v2\/product\/757974","targetHints":{"allow":["GET"]}}],"collection":[{"href":"https:\/\/roveyayinevi.com.tr\/index.php\/wp-json\/wp\/v2\/product"}],"about":[{"href":"https:\/\/roveyayinevi.com.tr\/index.php\/wp-json\/wp\/v2\/types\/product"}],"wp:attachment":[{"href":"https:\/\/roveyayinevi.com.tr\/index.php\/wp-json\/wp\/v2\/media?parent=757974"}],"wp:term":[{"taxonomy":"product_brand","embeddable":true,"href":"https:\/\/roveyayinevi.com.tr\/index.php\/wp-json\/wp\/v2\/product_brand?post=757974"},{"taxonomy":"product_cat","embeddable":true,"href":"https:\/\/roveyayinevi.com.tr\/index.php\/wp-json\/wp\/v2\/product_cat?post=757974"},{"taxonomy":"product_tag","embeddable":true,"href":"https:\/\/roveyayinevi.com.tr\/index.php\/wp-json\/wp\/v2\/product_tag?post=757974"}],"curies":[{"name":"wp","href":"https:\/\/api.w.org\/{rel}","templated":true}]}}