{"id":757973,"date":"2025-08-28T07:51:15","date_gmt":"2025-08-28T04:51:15","guid":{"rendered":"https:\/\/roveyayinevi.com.tr\/index.php\/urun\/katip-bartleby-cep-boy-2\/"},"modified":"2026-04-16T03:11:14","modified_gmt":"2026-04-16T00:11:14","slug":"katip-bartleby-cep-boy-2","status":"publish","type":"product","link":"https:\/\/roveyayinevi.com.tr\/index.php\/urun\/katip-bartleby-cep-boy-2\/","title":{"rendered":"Katip Bartleby (CEP BOY)"},"content":{"rendered":"<p>Ya\u015f\u0131n\u0131 Ba\u015f\u0131n\u0131 Alm\u0131\u015f Bir Adam\u0131m Ben. Son otuz y\u0131lda, yapt\u0131\u011f\u0131m i\u015fin tabiat\u0131 gere\u011fi bir grup s\u0131ra d\u0131\u015f\u0131 ve \u015fahs\u0131na m\u00fcnhas\u0131r insanla s\u0131radan\u0131n \u00f6tesinde ba\u011flant\u0131m oldu. Bildi\u011fim kadar\u0131yla bu insanlar hakk\u0131nda hen\u00fcz hi\u00e7bir \u015fey yaz\u0131l\u0131p \u00e7izilmedi: Hukuki metinleri yaz\u0131ya ge\u00e7irenlerden bahsediyorum yani k\u00e2tiplerden. Pek \u00e7o\u011fuyla i\u015f gere\u011fi veya \u00f6zel olarak tan\u0131\u015f\u0131kl\u0131\u011f\u0131m oldu. E\u011fer istersem iyi tabiatl\u0131 bir beyefendiyi g\u00fcl\u00fcmsetecek veya narin, hassas y\u00fcreklileri a\u011flatacak hik\u00e2yeler anlatabilirim.<\/p>\n","protected":false},"excerpt":{"rendered":"<p>Ya\u015f\u0131n\u0131 Ba\u015f\u0131n\u0131 Alm\u0131\u015f Bir Adam\u0131m Ben. Son otuz y\u0131lda, yapt\u0131\u011f\u0131m i\u015fin tabiat\u0131 gere\u011fi bir grup s\u0131ra d\u0131\u015f\u0131 ve \u015fahs\u0131na m\u00fcnhas\u0131r insanla s\u0131radan\u0131n \u00f6tesinde ba\u011flant\u0131m oldu. Bildi\u011fim<span class=\"excerpt-hellip\"> [\u2026]<\/span><\/p>\n","protected":false},"featured_media":0,"template":"","meta":{"_monsterinsights_skip_tracking":false,"_monsterinsights_sitenote_active":false,"_monsterinsights_sitenote_note":"","_monsterinsights_sitenote_category":0},"product_brand":[],"product_cat":[12291,12711],"product_tag":[],"class_list":{"0":"post-757973","1":"product","2":"type-product","3":"status-publish","5":"product_cat-edebiyat","6":"product_cat-roman-oyku","7":"pa_cilt-ciltsiz","8":"pa_tur-kitap","9":"pa_yayinevi-dekalog-yayinlari","10":"pa_yazar-herman-melville","12":"first","13":"instock","14":"sale","15":"shipping-taxable","16":"purchasable","17":"product-type-simple"},"_links":{"self":[{"href":"https:\/\/roveyayinevi.com.tr\/index.php\/wp-json\/wp\/v2\/product\/757973","targetHints":{"allow":["GET"]}}],"collection":[{"href":"https:\/\/roveyayinevi.com.tr\/index.php\/wp-json\/wp\/v2\/product"}],"about":[{"href":"https:\/\/roveyayinevi.com.tr\/index.php\/wp-json\/wp\/v2\/types\/product"}],"wp:attachment":[{"href":"https:\/\/roveyayinevi.com.tr\/index.php\/wp-json\/wp\/v2\/media?parent=757973"}],"wp:term":[{"taxonomy":"product_brand","embeddable":true,"href":"https:\/\/roveyayinevi.com.tr\/index.php\/wp-json\/wp\/v2\/product_brand?post=757973"},{"taxonomy":"product_cat","embeddable":true,"href":"https:\/\/roveyayinevi.com.tr\/index.php\/wp-json\/wp\/v2\/product_cat?post=757973"},{"taxonomy":"product_tag","embeddable":true,"href":"https:\/\/roveyayinevi.com.tr\/index.php\/wp-json\/wp\/v2\/product_tag?post=757973"}],"curies":[{"name":"wp","href":"https:\/\/api.w.org\/{rel}","templated":true}]}}