{"id":757969,"date":"2025-08-28T07:51:07","date_gmt":"2025-08-28T04:51:07","guid":{"rendered":"https:\/\/roveyayinevi.com.tr\/index.php\/urun\/isitin-ey-yarenler-yunus-emreden-secme-siirler-cep-boy\/"},"modified":"2026-04-16T03:11:14","modified_gmt":"2026-04-16T00:11:14","slug":"isitin-ey-yarenler-yunus-emreden-secme-siirler-cep-boy","status":"publish","type":"product","link":"https:\/\/roveyayinevi.com.tr\/index.php\/urun\/isitin-ey-yarenler-yunus-emreden-secme-siirler-cep-boy\/","title":{"rendered":"\u0130\u015fitin Ey Yarenler Yunus Emre&#8217;den Se\u00e7me \u015eiirler (CEP BOY)"},"content":{"rendered":"<p>A\u015fktan dava k\u0131lan ki\u015fi hi\u00e7 anmaya h\u0131rs u hev\u00e2A\u015fk evine girenlere ayruk ne meyl \u00fc ne vefaGer\u00e7ek \u00e2\u015f\u0131k olan ki\u015fi anmaya d\u00fcnya ahiret\u00c2\u015f\u0131k de\u011fildir ol ki\u015fi y\u00fcr\u00fcye izzeti kova<\/p>\n","protected":false},"excerpt":{"rendered":"<p>A\u015fktan dava k\u0131lan ki\u015fi hi\u00e7 anmaya h\u0131rs u hev\u00e2A\u015fk evine girenlere ayruk ne meyl \u00fc ne vefaGer\u00e7ek \u00e2\u015f\u0131k olan ki\u015fi anmaya d\u00fcnya ahiret\u00c2\u015f\u0131k de\u011fildir ol ki\u015fi<span class=\"excerpt-hellip\"> [\u2026]<\/span><\/p>\n","protected":false},"featured_media":0,"template":"","meta":{"_monsterinsights_skip_tracking":false,"_monsterinsights_sitenote_active":false,"_monsterinsights_sitenote_note":"","_monsterinsights_sitenote_category":0},"product_brand":[],"product_cat":[12291,12509],"product_tag":[],"class_list":{"0":"post-757969","1":"product","2":"type-product","3":"status-publish","5":"product_cat-edebiyat","6":"product_cat-siir","7":"pa_cilt-ciltsiz","8":"pa_tur-kitap","9":"pa_yayinevi-dekalog-yayinlari","10":"pa_yazar-dekalog-kollektif","12":"first","13":"instock","14":"sale","15":"shipping-taxable","16":"purchasable","17":"product-type-simple"},"_links":{"self":[{"href":"https:\/\/roveyayinevi.com.tr\/index.php\/wp-json\/wp\/v2\/product\/757969","targetHints":{"allow":["GET"]}}],"collection":[{"href":"https:\/\/roveyayinevi.com.tr\/index.php\/wp-json\/wp\/v2\/product"}],"about":[{"href":"https:\/\/roveyayinevi.com.tr\/index.php\/wp-json\/wp\/v2\/types\/product"}],"wp:attachment":[{"href":"https:\/\/roveyayinevi.com.tr\/index.php\/wp-json\/wp\/v2\/media?parent=757969"}],"wp:term":[{"taxonomy":"product_brand","embeddable":true,"href":"https:\/\/roveyayinevi.com.tr\/index.php\/wp-json\/wp\/v2\/product_brand?post=757969"},{"taxonomy":"product_cat","embeddable":true,"href":"https:\/\/roveyayinevi.com.tr\/index.php\/wp-json\/wp\/v2\/product_cat?post=757969"},{"taxonomy":"product_tag","embeddable":true,"href":"https:\/\/roveyayinevi.com.tr\/index.php\/wp-json\/wp\/v2\/product_tag?post=757969"}],"curies":[{"name":"wp","href":"https:\/\/api.w.org\/{rel}","templated":true}]}}