{"id":757966,"date":"2025-08-28T07:51:01","date_gmt":"2025-08-28T04:51:01","guid":{"rendered":"https:\/\/roveyayinevi.com.tr\/index.php\/urun\/intibah-cep-boy\/"},"modified":"2026-04-16T03:11:14","modified_gmt":"2026-04-16T00:11:14","slug":"intibah-cep-boy","status":"publish","type":"product","link":"https:\/\/roveyayinevi.com.tr\/index.php\/urun\/intibah-cep-boy\/","title":{"rendered":"\u0130ntibah (CEP BOY)"},"content":{"rendered":"<p>Bahar g\u00fcnleri, bu k\u00f6hne d\u00fcnyan\u0131n gen\u00e7lik ne\u015fesinin sabah\u0131d\u0131r. Ki bahar gelince topra\u011f\u0131n her taraf\u0131 ba\u015ftan a\u015fa\u011f\u0131 tazelenerek \u201cyuhyil arza ba\u2018de mevtihe\u201d s\u0131rr\u0131 ortaya \u00e7\u0131kar. O kuru kuru a\u011fa\u00e7lar, mah\u015fere tesad\u00fcf etmi\u015f, dirilen insanlar gibi, yeniden hayat bulmaya ba\u015flar. O zaman tazeliklerine dikkat edilse, ibret bak\u0131\u015f\u0131yla v\u00fccutlar\u0131na yay\u0131lan hayat\u0131 g\u00f6rmek m\u00fcmk\u00fcnd\u00fcr. \u00d6yle bir h\u00e2l ki, en k\u00fc\u00e7\u00fck nebat\u0131n geli\u015fmesine bak\u0131lsa d\u00fcnyan\u0131n her zerresinde bir ruh peyda oluyor zannedilir. K\u0131rlarda kendini g\u00f6steren ruhani zevk, ne\u015fenin v\u00fccut bulmu\u015f h\u00e2lidir denilse abart\u0131 olmu\u015f say\u0131lmaz.<\/p>\n","protected":false},"excerpt":{"rendered":"<p>Bahar g\u00fcnleri, bu k\u00f6hne d\u00fcnyan\u0131n gen\u00e7lik ne\u015fesinin sabah\u0131d\u0131r. Ki bahar gelince topra\u011f\u0131n her taraf\u0131 ba\u015ftan a\u015fa\u011f\u0131 tazelenerek \u201cyuhyil arza ba\u2018de mevtihe\u201d s\u0131rr\u0131 ortaya \u00e7\u0131kar. O kuru<span class=\"excerpt-hellip\"> [\u2026]<\/span><\/p>\n","protected":false},"featured_media":0,"template":"","meta":{"_monsterinsights_skip_tracking":false,"_monsterinsights_sitenote_active":false,"_monsterinsights_sitenote_note":"","_monsterinsights_sitenote_category":0},"product_brand":[],"product_cat":[12291,12711],"product_tag":[],"class_list":{"0":"post-757966","1":"product","2":"type-product","3":"status-publish","5":"product_cat-edebiyat","6":"product_cat-roman-oyku","7":"pa_cilt-ciltsiz","8":"pa_tur-kitap","9":"pa_yayinevi-dekalog-yayinlari","10":"pa_yazar-namik-kemal","12":"first","13":"instock","14":"sale","15":"shipping-taxable","16":"purchasable","17":"product-type-simple"},"_links":{"self":[{"href":"https:\/\/roveyayinevi.com.tr\/index.php\/wp-json\/wp\/v2\/product\/757966","targetHints":{"allow":["GET"]}}],"collection":[{"href":"https:\/\/roveyayinevi.com.tr\/index.php\/wp-json\/wp\/v2\/product"}],"about":[{"href":"https:\/\/roveyayinevi.com.tr\/index.php\/wp-json\/wp\/v2\/types\/product"}],"wp:attachment":[{"href":"https:\/\/roveyayinevi.com.tr\/index.php\/wp-json\/wp\/v2\/media?parent=757966"}],"wp:term":[{"taxonomy":"product_brand","embeddable":true,"href":"https:\/\/roveyayinevi.com.tr\/index.php\/wp-json\/wp\/v2\/product_brand?post=757966"},{"taxonomy":"product_cat","embeddable":true,"href":"https:\/\/roveyayinevi.com.tr\/index.php\/wp-json\/wp\/v2\/product_cat?post=757966"},{"taxonomy":"product_tag","embeddable":true,"href":"https:\/\/roveyayinevi.com.tr\/index.php\/wp-json\/wp\/v2\/product_tag?post=757966"}],"curies":[{"name":"wp","href":"https:\/\/api.w.org\/{rel}","templated":true}]}}