{"id":757964,"date":"2025-08-28T07:50:57","date_gmt":"2025-08-28T04:50:57","guid":{"rendered":"https:\/\/roveyayinevi.com.tr\/index.php\/urun\/tiryaki-sozleri-cep-boy\/"},"modified":"2026-04-16T03:11:14","modified_gmt":"2026-04-16T00:11:14","slug":"tiryaki-sozleri-cep-boy","status":"publish","type":"product","link":"https:\/\/roveyayinevi.com.tr\/index.php\/urun\/tiryaki-sozleri-cep-boy\/","title":{"rendered":"Tiryaki S\u00f6zleri (CEP BOY)"},"content":{"rendered":"<p>D\u00fc\u015fenlerin \u00e7evre, tabii d\u00fc\u015fman\u0131d\u0131r. Herkesi ancak ikbal devrinde g\u00f6r\u00fcn!\u201cNeleri bilmedi\u011fini bilen \u00e7oktur. G\u00fc\u00e7l\u00fck, neleri hi\u00e7bir zaman bilemeyece\u011fini bilmektir.\u201cCahil halk\u0131n her kusurundan toplumu \u00fcst tabakas\u0131 sorumludur!<\/p>\n","protected":false},"excerpt":{"rendered":"<p>D\u00fc\u015fenlerin \u00e7evre, tabii d\u00fc\u015fman\u0131d\u0131r. Herkesi ancak ikbal devrinde g\u00f6r\u00fcn!\u201cNeleri bilmedi\u011fini bilen \u00e7oktur. G\u00fc\u00e7l\u00fck, neleri hi\u00e7bir zaman bilemeyece\u011fini bilmektir.\u201cCahil halk\u0131n her kusurundan toplumu \u00fcst tabakas\u0131 sorumludur!<\/p>\n","protected":false},"featured_media":0,"template":"","meta":{"_monsterinsights_skip_tracking":false,"_monsterinsights_sitenote_active":false,"_monsterinsights_sitenote_note":"","_monsterinsights_sitenote_category":0},"product_brand":[],"product_cat":[12777,12291],"product_tag":[],"class_list":{"0":"post-757964","1":"product","2":"type-product","3":"status-publish","5":"product_cat-deneme","6":"product_cat-edebiyat","7":"pa_cilt-ciltsiz","8":"pa_tur-kitap","9":"pa_yayinevi-dekalog-yayinlari","10":"pa_yazar-cenap-sehabettin","12":"first","13":"instock","14":"sale","15":"shipping-taxable","16":"purchasable","17":"product-type-simple"},"_links":{"self":[{"href":"https:\/\/roveyayinevi.com.tr\/index.php\/wp-json\/wp\/v2\/product\/757964","targetHints":{"allow":["GET"]}}],"collection":[{"href":"https:\/\/roveyayinevi.com.tr\/index.php\/wp-json\/wp\/v2\/product"}],"about":[{"href":"https:\/\/roveyayinevi.com.tr\/index.php\/wp-json\/wp\/v2\/types\/product"}],"wp:attachment":[{"href":"https:\/\/roveyayinevi.com.tr\/index.php\/wp-json\/wp\/v2\/media?parent=757964"}],"wp:term":[{"taxonomy":"product_brand","embeddable":true,"href":"https:\/\/roveyayinevi.com.tr\/index.php\/wp-json\/wp\/v2\/product_brand?post=757964"},{"taxonomy":"product_cat","embeddable":true,"href":"https:\/\/roveyayinevi.com.tr\/index.php\/wp-json\/wp\/v2\/product_cat?post=757964"},{"taxonomy":"product_tag","embeddable":true,"href":"https:\/\/roveyayinevi.com.tr\/index.php\/wp-json\/wp\/v2\/product_tag?post=757964"}],"curies":[{"name":"wp","href":"https:\/\/api.w.org\/{rel}","templated":true}]}}