{"id":757963,"date":"2025-08-28T07:50:55","date_gmt":"2025-08-28T04:50:55","guid":{"rendered":"https:\/\/roveyayinevi.com.tr\/index.php\/urun\/insanciklar-cep-boy\/"},"modified":"2026-04-16T03:11:14","modified_gmt":"2026-04-16T00:11:14","slug":"insanciklar-cep-boy","status":"publish","type":"product","link":"https:\/\/roveyayinevi.com.tr\/index.php\/urun\/insanciklar-cep-boy\/","title":{"rendered":"\u0130nsanc\u0131klar (Cep Boy)"},"content":{"rendered":"<p>Benim e\u015fsiz varvara alekseyevna&#8217;m! D\u00fcn \u00e7ok mutlu oldum, daha fazla olunamayacak kadar \u00e7ok mutlu oldum! \u0130nat\u00e7\u0131 birisi olman\u0131za ra\u011fmen hayat\u0131n\u0131zda en az\u0131ndan bir kez olsun bana kulak vermi\u015fsiniz. Ak\u015fam sekizde uyand\u0131m (bilirsiniz, i\u015ften d\u00f6nd\u00fc\u011f\u00fcmde birka\u00e7 saat uyumay\u0131 severim), bir mum ald\u0131m, k\u00e2\u011f\u0131d\u0131m\u0131 ve kalemimi haz\u0131rlad\u0131m; sonra aniden, bir tesad\u00fcf sonucu g\u00f6zlerimi yukar\u0131 \u00e7evirdim. O an kalbim yerinden \u00e7\u0131kacak gibi atmaya ba\u015flad\u0131! Ne istedi\u011fimi, kalbimden ne ge\u00e7ti\u011fini tamamen anlam\u0131\u015fs\u0131n\u0131z!<\/p>\n","protected":false},"excerpt":{"rendered":"<p>Benim e\u015fsiz varvara alekseyevna&#8217;m! D\u00fcn \u00e7ok mutlu oldum, daha fazla olunamayacak kadar \u00e7ok mutlu oldum! \u0130nat\u00e7\u0131 birisi olman\u0131za ra\u011fmen hayat\u0131n\u0131zda en az\u0131ndan bir kez olsun bana<span class=\"excerpt-hellip\"> [\u2026]<\/span><\/p>\n","protected":false},"featured_media":0,"template":"","meta":{"_monsterinsights_skip_tracking":false,"_monsterinsights_sitenote_active":false,"_monsterinsights_sitenote_note":"","_monsterinsights_sitenote_category":0},"product_brand":[],"product_cat":[12291,12711],"product_tag":[],"class_list":{"0":"post-757963","1":"product","2":"type-product","3":"status-publish","5":"product_cat-edebiyat","6":"product_cat-roman-oyku","7":"pa_cilt-ciltsiz","8":"pa_tur-kitap","9":"pa_yayinevi-dekalog-yayinlari","10":"pa_yazar-fyodor-mihaylovic-dostoyevski","12":"first","13":"instock","14":"sale","15":"shipping-taxable","16":"purchasable","17":"product-type-simple"},"_links":{"self":[{"href":"https:\/\/roveyayinevi.com.tr\/index.php\/wp-json\/wp\/v2\/product\/757963","targetHints":{"allow":["GET"]}}],"collection":[{"href":"https:\/\/roveyayinevi.com.tr\/index.php\/wp-json\/wp\/v2\/product"}],"about":[{"href":"https:\/\/roveyayinevi.com.tr\/index.php\/wp-json\/wp\/v2\/types\/product"}],"wp:attachment":[{"href":"https:\/\/roveyayinevi.com.tr\/index.php\/wp-json\/wp\/v2\/media?parent=757963"}],"wp:term":[{"taxonomy":"product_brand","embeddable":true,"href":"https:\/\/roveyayinevi.com.tr\/index.php\/wp-json\/wp\/v2\/product_brand?post=757963"},{"taxonomy":"product_cat","embeddable":true,"href":"https:\/\/roveyayinevi.com.tr\/index.php\/wp-json\/wp\/v2\/product_cat?post=757963"},{"taxonomy":"product_tag","embeddable":true,"href":"https:\/\/roveyayinevi.com.tr\/index.php\/wp-json\/wp\/v2\/product_tag?post=757963"}],"curies":[{"name":"wp","href":"https:\/\/api.w.org\/{rel}","templated":true}]}}