{"id":757961,"date":"2025-08-28T07:50:51","date_gmt":"2025-08-28T04:50:51","guid":{"rendered":"https:\/\/roveyayinevi.com.tr\/index.php\/urun\/sehir-mektuplari-cep-boy\/"},"modified":"2026-04-16T03:11:14","modified_gmt":"2026-04-16T00:11:14","slug":"sehir-mektuplari-cep-boy","status":"publish","type":"product","link":"https:\/\/roveyayinevi.com.tr\/index.php\/urun\/sehir-mektuplari-cep-boy\/","title":{"rendered":"\u015eehir Mektuplar\u0131 (CEP BOY)"},"content":{"rendered":"<p>Ne dersiniz? Bahar\u0131n saadetli g\u00fcnleri, birbiri ard\u0131 s\u0131ra gelen ya\u011fmurlarla do\u011fal tazeli\u011fini kaybetmi\u015f, s\u00fcmb\u00fclleri peri\u015fan, ruhlar\u0131 solgun, a\u011flam\u0131\u015f g\u00fczel bir bakireyi and\u0131r\u0131rd\u0131. Her sabah g\u00fcl dal\u0131nda \u015febnem aray\u0131\u015f\u0131yla gizli manalar pe\u015findeki \u015fairlerimiz galiba erkenden sicim gibi d\u00fc\u015fen ya\u011fmura tutularak bu akla gelenleri yok eden k\u0131rbac\u0131n etkisiyle b\u00fct\u00fcn b\u00fct\u00fcn dilsiz oldular.Bu sene \u00e7aresiz b\u00fclb\u00fcl\u00fc dinleyemedim, taze bir g\u00fcl koklayamad\u0131m diye \u00fcz\u00fcnt\u00fclerini belirten \u015fairin birine sonbahar\u0131 tavsiye ettim.<\/p>\n","protected":false},"excerpt":{"rendered":"<p>Ne dersiniz? Bahar\u0131n saadetli g\u00fcnleri, birbiri ard\u0131 s\u0131ra gelen ya\u011fmurlarla do\u011fal tazeli\u011fini kaybetmi\u015f, s\u00fcmb\u00fclleri peri\u015fan, ruhlar\u0131 solgun, a\u011flam\u0131\u015f g\u00fczel bir bakireyi and\u0131r\u0131rd\u0131. Her sabah g\u00fcl dal\u0131nda<span class=\"excerpt-hellip\"> [\u2026]<\/span><\/p>\n","protected":false},"featured_media":0,"template":"","meta":{"_monsterinsights_skip_tracking":false,"_monsterinsights_sitenote_active":false,"_monsterinsights_sitenote_note":"","_monsterinsights_sitenote_category":0},"product_brand":[],"product_cat":[12777,12291],"product_tag":[],"class_list":{"0":"post-757961","1":"product","2":"type-product","3":"status-publish","5":"product_cat-deneme","6":"product_cat-edebiyat","7":"pa_cilt-ciltsiz","8":"pa_tur-kitap","9":"pa_yayinevi-dekalog-yayinlari","10":"pa_yazar-ahmet-rasim","12":"first","13":"instock","14":"sale","15":"shipping-taxable","16":"purchasable","17":"product-type-simple"},"_links":{"self":[{"href":"https:\/\/roveyayinevi.com.tr\/index.php\/wp-json\/wp\/v2\/product\/757961","targetHints":{"allow":["GET"]}}],"collection":[{"href":"https:\/\/roveyayinevi.com.tr\/index.php\/wp-json\/wp\/v2\/product"}],"about":[{"href":"https:\/\/roveyayinevi.com.tr\/index.php\/wp-json\/wp\/v2\/types\/product"}],"wp:attachment":[{"href":"https:\/\/roveyayinevi.com.tr\/index.php\/wp-json\/wp\/v2\/media?parent=757961"}],"wp:term":[{"taxonomy":"product_brand","embeddable":true,"href":"https:\/\/roveyayinevi.com.tr\/index.php\/wp-json\/wp\/v2\/product_brand?post=757961"},{"taxonomy":"product_cat","embeddable":true,"href":"https:\/\/roveyayinevi.com.tr\/index.php\/wp-json\/wp\/v2\/product_cat?post=757961"},{"taxonomy":"product_tag","embeddable":true,"href":"https:\/\/roveyayinevi.com.tr\/index.php\/wp-json\/wp\/v2\/product_tag?post=757961"}],"curies":[{"name":"wp","href":"https:\/\/api.w.org\/{rel}","templated":true}]}}