{"id":757960,"date":"2025-08-28T07:50:49","date_gmt":"2025-08-28T04:50:49","guid":{"rendered":"https:\/\/roveyayinevi.com.tr\/index.php\/urun\/icimizdeki-seytan-cep-boy\/"},"modified":"2026-04-16T03:11:14","modified_gmt":"2026-04-16T00:11:14","slug":"icimizdeki-seytan-cep-boy","status":"publish","type":"product","link":"https:\/\/roveyayinevi.com.tr\/index.php\/urun\/icimizdeki-seytan-cep-boy\/","title":{"rendered":"\u0130\u00e7imizdeki \u015eeytan (CEP BOY)"},"content":{"rendered":"<p>\u00d6\u011fleden evvel saat on birde Kad\u0131k\u00f6y&#8217;\u00fcnden K\u00f6pr\u00fc&#8217;ye hareket eden vapurun g\u00fcvertesinde iki gen\u00e7 yan yana oturmu\u015f konu\u015fuyorlard\u0131. Deniz taraf\u0131nda bulunan\u0131 \u015fi\u015fmanca, a\u00e7\u0131k kumral sa\u00e7l\u0131, beyaz y\u00fczl\u00fc bir delikanl\u0131 idi. Ba\u011fa bir g\u00f6zl\u00fc\u011f\u00fcn alt\u0131nda daima yar\u0131 kapal\u0131 gibi duran ve e\u015fya \u00fczerinde a\u011f\u0131r a\u011f\u0131r dola\u015fan kahverengi miyop g\u00f6zlerini vakit vakit arkada\u015f\u0131na ve solda, g\u00fcne\u015fin ziyas\u0131 alt\u0131nda uzanan denize \u00e7eviriyordu. D\u00fcz ve biraz uzunca sa\u00e7lar\u0131, arkaya at\u0131lm\u0131\u015f olan \u015fapkas\u0131n\u0131n alt\u0131ndan d\u00f6k\u00fclerek sa\u011f ka\u015f\u0131n\u0131 ve g\u00f6zkapa\u011f\u0131n\u0131n bir k\u0131sm\u0131n\u0131 \u00f6rt\u00fcyordu. \u00c7ok \u00e7abuk konu\u015fuyor ve s\u00f6z s\u00f6ylerken dudaklar\u0131 hafif\u00e7e b\u00fcz\u00fclerek a\u011fz\u0131 g\u00fczel bir \u015fekil al\u0131yordu.<\/p>\n","protected":false},"excerpt":{"rendered":"<p>\u00d6\u011fleden evvel saat on birde Kad\u0131k\u00f6y&#8217;\u00fcnden K\u00f6pr\u00fc&#8217;ye hareket eden vapurun g\u00fcvertesinde iki gen\u00e7 yan yana oturmu\u015f konu\u015fuyorlard\u0131. Deniz taraf\u0131nda bulunan\u0131 \u015fi\u015fmanca, a\u00e7\u0131k kumral sa\u00e7l\u0131, beyaz y\u00fczl\u00fc<span class=\"excerpt-hellip\"> [\u2026]<\/span><\/p>\n","protected":false},"featured_media":0,"template":"","meta":{"_monsterinsights_skip_tracking":false,"_monsterinsights_sitenote_active":false,"_monsterinsights_sitenote_note":"","_monsterinsights_sitenote_category":0},"product_brand":[],"product_cat":[12291,12711],"product_tag":[],"class_list":{"0":"post-757960","1":"product","2":"type-product","3":"status-publish","5":"product_cat-edebiyat","6":"product_cat-roman-oyku","7":"pa_cilt-ciltsiz","8":"pa_tur-kitap","9":"pa_yayinevi-dekalog-yayinlari","10":"pa_yazar-sabahattin-ali","12":"first","13":"instock","14":"sale","15":"shipping-taxable","16":"purchasable","17":"product-type-simple"},"_links":{"self":[{"href":"https:\/\/roveyayinevi.com.tr\/index.php\/wp-json\/wp\/v2\/product\/757960","targetHints":{"allow":["GET"]}}],"collection":[{"href":"https:\/\/roveyayinevi.com.tr\/index.php\/wp-json\/wp\/v2\/product"}],"about":[{"href":"https:\/\/roveyayinevi.com.tr\/index.php\/wp-json\/wp\/v2\/types\/product"}],"wp:attachment":[{"href":"https:\/\/roveyayinevi.com.tr\/index.php\/wp-json\/wp\/v2\/media?parent=757960"}],"wp:term":[{"taxonomy":"product_brand","embeddable":true,"href":"https:\/\/roveyayinevi.com.tr\/index.php\/wp-json\/wp\/v2\/product_brand?post=757960"},{"taxonomy":"product_cat","embeddable":true,"href":"https:\/\/roveyayinevi.com.tr\/index.php\/wp-json\/wp\/v2\/product_cat?post=757960"},{"taxonomy":"product_tag","embeddable":true,"href":"https:\/\/roveyayinevi.com.tr\/index.php\/wp-json\/wp\/v2\/product_tag?post=757960"}],"curies":[{"name":"wp","href":"https:\/\/api.w.org\/{rel}","templated":true}]}}