{"id":757958,"date":"2025-08-28T07:50:45","date_gmt":"2025-08-28T04:50:45","guid":{"rendered":"https:\/\/roveyayinevi.com.tr\/index.php\/urun\/sokratesin-savunmasi-cep-boy\/"},"modified":"2026-03-11T03:33:22","modified_gmt":"2026-03-11T00:33:22","slug":"sokratesin-savunmasi-cep-boy","status":"publish","type":"product","link":"https:\/\/roveyayinevi.com.tr\/index.php\/urun\/sokratesin-savunmasi-cep-boy\/","title":{"rendered":"Sokrates\u2019in Savunmas\u0131 (CEP BOY)"},"content":{"rendered":"<p>Siz Atinal\u0131lar! Nas\u0131l olurda bana y\u00f6neltilen ithamlardan etkilenirsiniz! Bilemiyorum, \u00f6yle ikna edici konu\u015ftular ki ben kendim bile az kals\u0131n onlar\u0131n s\u00f6ylediklerine inan\u0131yordum. Ama emin olun ki konu\u015fmalar\u0131 tek kelime bile do\u011fruluk i\u00e7ermiyordu. Uydurduklar\u0131 yalanlar aras\u0131nda beni en \u00e7ok \u015fa\u015f\u0131rtan\u0131; benim usta bir konu\u015fmac\u0131 oldu\u011fumu ve s\u00f6zlerimin g\u00fczelli\u011fini iddia etmeleriydi.A\u011fz\u0131m\u0131 a\u00e7ar a\u00e7maz konu\u015fmalar\u0131m\u0131n pek g\u00fczel olmad\u0131\u011f\u0131n\u0131 anlayacaks\u0131n\u0131z, asl\u0131nda bu yalanlar\u0131 uydurmak i\u00e7in \u00e7ok utanmaz olmak gerek.<\/p>\n","protected":false},"excerpt":{"rendered":"<p>Siz Atinal\u0131lar! Nas\u0131l olurda bana y\u00f6neltilen ithamlardan etkilenirsiniz! Bilemiyorum, \u00f6yle ikna edici konu\u015ftular ki ben kendim bile az kals\u0131n onlar\u0131n s\u00f6ylediklerine inan\u0131yordum. Ama emin olun ki<span class=\"excerpt-hellip\"> [\u2026]<\/span><\/p>\n","protected":false},"featured_media":0,"template":"","meta":{"_monsterinsights_skip_tracking":false,"_monsterinsights_sitenote_active":false,"_monsterinsights_sitenote_note":"","_monsterinsights_sitenote_category":0},"product_brand":[],"product_cat":[12777,12291],"product_tag":[],"class_list":{"0":"post-757958","1":"product","2":"type-product","3":"status-publish","5":"product_cat-deneme","6":"product_cat-edebiyat","7":"pa_cilt-ciltsiz","8":"pa_tur-kitap","9":"pa_yayinevi-dekalog-yayinlari","10":"pa_yazar-platon","12":"first","13":"instock","14":"sale","15":"shipping-taxable","16":"purchasable","17":"product-type-simple"},"_links":{"self":[{"href":"https:\/\/roveyayinevi.com.tr\/index.php\/wp-json\/wp\/v2\/product\/757958","targetHints":{"allow":["GET"]}}],"collection":[{"href":"https:\/\/roveyayinevi.com.tr\/index.php\/wp-json\/wp\/v2\/product"}],"about":[{"href":"https:\/\/roveyayinevi.com.tr\/index.php\/wp-json\/wp\/v2\/types\/product"}],"wp:attachment":[{"href":"https:\/\/roveyayinevi.com.tr\/index.php\/wp-json\/wp\/v2\/media?parent=757958"}],"wp:term":[{"taxonomy":"product_brand","embeddable":true,"href":"https:\/\/roveyayinevi.com.tr\/index.php\/wp-json\/wp\/v2\/product_brand?post=757958"},{"taxonomy":"product_cat","embeddable":true,"href":"https:\/\/roveyayinevi.com.tr\/index.php\/wp-json\/wp\/v2\/product_cat?post=757958"},{"taxonomy":"product_tag","embeddable":true,"href":"https:\/\/roveyayinevi.com.tr\/index.php\/wp-json\/wp\/v2\/product_tag?post=757958"}],"curies":[{"name":"wp","href":"https:\/\/api.w.org\/{rel}","templated":true}]}}