{"id":757955,"date":"2025-08-28T07:50:39","date_gmt":"2025-08-28T04:50:39","guid":{"rendered":"https:\/\/roveyayinevi.com.tr\/index.php\/urun\/gulnihal-cep-boy\/"},"modified":"2026-04-16T03:11:14","modified_gmt":"2026-04-16T00:11:14","slug":"gulnihal-cep-boy","status":"publish","type":"product","link":"https:\/\/roveyayinevi.com.tr\/index.php\/urun\/gulnihal-cep-boy\/","title":{"rendered":"G\u00fclnihal (CEP BOY)"},"content":{"rendered":"<p>G\u00fclnihal &#8211; G\u00fczel k\u0131z\u0131m! Tekrar s\u00f6yl\u00fcyorum: Muhtar Bey can\u0131n\u0131 korusun. Korumazsa ba\u015f\u0131na k\u00f6t\u00fc \u015feyler gelir. Vallahi gelir. Billahi gelir! \u0130smet &#8211; Neler s\u00f6yl\u00fcyorsun kad\u0131n, yoksa \u00e7\u0131ld\u0131rd\u0131n m\u0131? Ben, daha d\u00fcn konaktayd\u0131m. Han\u0131mefendi gayet iyiydi ve ferahl\u0131k y\u00fcz\u00fcnden ak\u0131yordu. Dudaklar\u0131 tebess\u00fcmle ayd\u0131nlan\u0131yordu. G\u00f6nl\u00fc ne ho\u015ftu. G\u00f6rmedin mi, o\u011flu ne kadar rahatm\u0131\u015f, ne kadar mutluymu\u015f, hepsini bir bir anlat\u0131yordu. Duymad\u0131n m\u0131? Sense tutturmu\u015fsun Muhtar&#8217;\u0131n can\u0131na k\u0131yacaklar diyorsun. Cana k\u0131ymak isteyen bir ki\u015finin surat\u0131 \u00f6yle g\u00fcle\u00e7 olur mu?<\/p>\n","protected":false},"excerpt":{"rendered":"<p>G\u00fclnihal &#8211; G\u00fczel k\u0131z\u0131m! Tekrar s\u00f6yl\u00fcyorum: Muhtar Bey can\u0131n\u0131 korusun. Korumazsa ba\u015f\u0131na k\u00f6t\u00fc \u015feyler gelir. Vallahi gelir. Billahi gelir! \u0130smet &#8211; Neler s\u00f6yl\u00fcyorsun kad\u0131n, yoksa \u00e7\u0131ld\u0131rd\u0131n<span class=\"excerpt-hellip\"> [\u2026]<\/span><\/p>\n","protected":false},"featured_media":0,"template":"","meta":{"_monsterinsights_skip_tracking":false,"_monsterinsights_sitenote_active":false,"_monsterinsights_sitenote_note":"","_monsterinsights_sitenote_category":0},"product_brand":[],"product_cat":[12291,12711],"product_tag":[],"class_list":{"0":"post-757955","1":"product","2":"type-product","3":"status-publish","5":"product_cat-edebiyat","6":"product_cat-roman-oyku","7":"pa_cilt-ciltsiz","8":"pa_tur-kitap","9":"pa_yayinevi-dekalog-yayinlari","10":"pa_yazar-namik-kemal","12":"first","13":"instock","14":"sale","15":"shipping-taxable","16":"purchasable","17":"product-type-simple"},"_links":{"self":[{"href":"https:\/\/roveyayinevi.com.tr\/index.php\/wp-json\/wp\/v2\/product\/757955","targetHints":{"allow":["GET"]}}],"collection":[{"href":"https:\/\/roveyayinevi.com.tr\/index.php\/wp-json\/wp\/v2\/product"}],"about":[{"href":"https:\/\/roveyayinevi.com.tr\/index.php\/wp-json\/wp\/v2\/types\/product"}],"wp:attachment":[{"href":"https:\/\/roveyayinevi.com.tr\/index.php\/wp-json\/wp\/v2\/media?parent=757955"}],"wp:term":[{"taxonomy":"product_brand","embeddable":true,"href":"https:\/\/roveyayinevi.com.tr\/index.php\/wp-json\/wp\/v2\/product_brand?post=757955"},{"taxonomy":"product_cat","embeddable":true,"href":"https:\/\/roveyayinevi.com.tr\/index.php\/wp-json\/wp\/v2\/product_cat?post=757955"},{"taxonomy":"product_tag","embeddable":true,"href":"https:\/\/roveyayinevi.com.tr\/index.php\/wp-json\/wp\/v2\/product_tag?post=757955"}],"curies":[{"name":"wp","href":"https:\/\/api.w.org\/{rel}","templated":true}]}}