{"id":757953,"date":"2025-08-28T07:50:34","date_gmt":"2025-08-28T04:50:34","guid":{"rendered":"https:\/\/roveyayinevi.com.tr\/index.php\/urun\/gurebahane-i-laklakan-cep-boy\/"},"modified":"2026-04-16T03:11:14","modified_gmt":"2026-04-16T00:11:14","slug":"gurebahane-i-laklakan-cep-boy","status":"publish","type":"product","link":"https:\/\/roveyayinevi.com.tr\/index.php\/urun\/gurebahane-i-laklakan-cep-boy\/","title":{"rendered":"Gurebahane-i Laklakan (CEP BOY)"},"content":{"rendered":"<p>On, on be\u015f sene evvel, bir tatil haftas\u0131n\u0131 ge\u00e7irmek i\u00e7in Bursa&#8217;ya gitmi\u015ftim. \u00dc\u00e7 d\u00f6rt saatlik hazin, kirli, e\u011flencesiz bir vapur seyahatinden sonra, ovalar i\u00e7inde iri bir t\u0131rt\u0131l a\u011f\u0131rl\u0131\u011f\u0131yla s\u00fcr\u00fcklenen ufak bir \u015fimendifer, beni ayn\u0131 g\u00fcn\u00fcn ak\u015fam\u0131nda, karanl\u0131k bir duvar gibi semalara kadar y\u00fckselen Ke\u015fi\u015f&#8217;in ete\u011findeki ye\u015fil \u015fehre b\u0131rakm\u0131\u015ft\u0131. O s\u0131rada \u0130stanbul&#8217;un okur-yazar gen\u00e7ler aras\u0131nda \u201cmimar\u00ee\u201d bir milliyetperverlik h\u00fck\u00fcm s\u00fcr\u00fcyordu.<\/p>\n","protected":false},"excerpt":{"rendered":"<p>On, on be\u015f sene evvel, bir tatil haftas\u0131n\u0131 ge\u00e7irmek i\u00e7in Bursa&#8217;ya gitmi\u015ftim. \u00dc\u00e7 d\u00f6rt saatlik hazin, kirli, e\u011flencesiz bir vapur seyahatinden sonra, ovalar i\u00e7inde iri bir<span class=\"excerpt-hellip\"> [\u2026]<\/span><\/p>\n","protected":false},"featured_media":0,"template":"","meta":{"_monsterinsights_skip_tracking":false,"_monsterinsights_sitenote_active":false,"_monsterinsights_sitenote_note":"","_monsterinsights_sitenote_category":0},"product_brand":[],"product_cat":[12291,12711],"product_tag":[],"class_list":{"0":"post-757953","1":"product","2":"type-product","3":"status-publish","5":"product_cat-edebiyat","6":"product_cat-roman-oyku","7":"pa_cilt-ciltsiz","8":"pa_tur-kitap","9":"pa_yayinevi-dekalog-yayinlari","10":"pa_yazar-ahmet-hasim","12":"first","13":"instock","14":"sale","15":"shipping-taxable","16":"purchasable","17":"product-type-simple"},"_links":{"self":[{"href":"https:\/\/roveyayinevi.com.tr\/index.php\/wp-json\/wp\/v2\/product\/757953","targetHints":{"allow":["GET"]}}],"collection":[{"href":"https:\/\/roveyayinevi.com.tr\/index.php\/wp-json\/wp\/v2\/product"}],"about":[{"href":"https:\/\/roveyayinevi.com.tr\/index.php\/wp-json\/wp\/v2\/types\/product"}],"wp:attachment":[{"href":"https:\/\/roveyayinevi.com.tr\/index.php\/wp-json\/wp\/v2\/media?parent=757953"}],"wp:term":[{"taxonomy":"product_brand","embeddable":true,"href":"https:\/\/roveyayinevi.com.tr\/index.php\/wp-json\/wp\/v2\/product_brand?post=757953"},{"taxonomy":"product_cat","embeddable":true,"href":"https:\/\/roveyayinevi.com.tr\/index.php\/wp-json\/wp\/v2\/product_cat?post=757953"},{"taxonomy":"product_tag","embeddable":true,"href":"https:\/\/roveyayinevi.com.tr\/index.php\/wp-json\/wp\/v2\/product_tag?post=757953"}],"curies":[{"name":"wp","href":"https:\/\/api.w.org\/{rel}","templated":true}]}}