{"id":757948,"date":"2025-08-28T07:50:23","date_gmt":"2025-08-28T04:50:23","guid":{"rendered":"https:\/\/roveyayinevi.com.tr\/index.php\/urun\/gomulu-samdan-cep-boy\/"},"modified":"2026-04-16T03:11:14","modified_gmt":"2026-04-16T00:11:14","slug":"gomulu-samdan-cep-boy","status":"publish","type":"product","link":"https:\/\/roveyayinevi.com.tr\/index.php\/urun\/gomulu-samdan-cep-boy\/","title":{"rendered":"G\u00f6m\u00fcl\u00fc \u015eamdan (CEP BOY)"},"content":{"rendered":"<p>455 y\u0131l\u0131n\u0131n g\u00fczel bir haziran g\u00fcn\u00fc Circus Maximus&#8217;ta iki uzun Herul ile s\u00fcr\u00fc h\u00e2lindeki Hyrkanyal\u0131 yaban domuzlar\u0131 aras\u0131ndaki sava\u015f kanl\u0131 bir sona ermi\u015f, \u00f6\u011fleden sonra saat \u00fc\u00e7 civar\u0131 alandaki binlerce seyircide huzursuzluk ba\u015f g\u00f6stermi\u015fti. \u0130lk ba\u015fta sadece imparatorun mevkiine yak\u0131n oturanlar fark etmi\u015fti bir \u015feyin eksik oldu\u011funu. Uzun ve zahmetli bir yolculuk sonras\u0131 \u00fcst\u00fc kir pas i\u00e7indeki bir s\u00fcvari, iki taraf\u0131 heykellerle s\u00fcslenmi\u015f merdivenlerden inmi\u015f ve \u00e7evresi saray memurlar\u0131yla sar\u0131lm\u0131\u015f \u0130mparator Maximus&#8217;un yan\u0131na sokulmu\u015ftu.<\/p>\n","protected":false},"excerpt":{"rendered":"<p>455 y\u0131l\u0131n\u0131n g\u00fczel bir haziran g\u00fcn\u00fc Circus Maximus&#8217;ta iki uzun Herul ile s\u00fcr\u00fc h\u00e2lindeki Hyrkanyal\u0131 yaban domuzlar\u0131 aras\u0131ndaki sava\u015f kanl\u0131 bir sona ermi\u015f, \u00f6\u011fleden sonra saat<span class=\"excerpt-hellip\"> [\u2026]<\/span><\/p>\n","protected":false},"featured_media":0,"template":"","meta":{"_monsterinsights_skip_tracking":false,"_monsterinsights_sitenote_active":false,"_monsterinsights_sitenote_note":"","_monsterinsights_sitenote_category":0},"product_brand":[],"product_cat":[12291,12711],"product_tag":[],"class_list":{"0":"post-757948","1":"product","2":"type-product","3":"status-publish","5":"product_cat-edebiyat","6":"product_cat-roman-oyku","7":"pa_cilt-ciltsiz","8":"pa_tur-kitap","9":"pa_yayinevi-dekalog-yayinlari","10":"pa_yazar-stefan-zweig","12":"first","13":"instock","14":"sale","15":"shipping-taxable","16":"purchasable","17":"product-type-simple"},"_links":{"self":[{"href":"https:\/\/roveyayinevi.com.tr\/index.php\/wp-json\/wp\/v2\/product\/757948","targetHints":{"allow":["GET"]}}],"collection":[{"href":"https:\/\/roveyayinevi.com.tr\/index.php\/wp-json\/wp\/v2\/product"}],"about":[{"href":"https:\/\/roveyayinevi.com.tr\/index.php\/wp-json\/wp\/v2\/types\/product"}],"wp:attachment":[{"href":"https:\/\/roveyayinevi.com.tr\/index.php\/wp-json\/wp\/v2\/media?parent=757948"}],"wp:term":[{"taxonomy":"product_brand","embeddable":true,"href":"https:\/\/roveyayinevi.com.tr\/index.php\/wp-json\/wp\/v2\/product_brand?post=757948"},{"taxonomy":"product_cat","embeddable":true,"href":"https:\/\/roveyayinevi.com.tr\/index.php\/wp-json\/wp\/v2\/product_cat?post=757948"},{"taxonomy":"product_tag","embeddable":true,"href":"https:\/\/roveyayinevi.com.tr\/index.php\/wp-json\/wp\/v2\/product_tag?post=757948"}],"curies":[{"name":"wp","href":"https:\/\/api.w.org\/{rel}","templated":true}]}}