{"id":757946,"date":"2025-08-28T07:50:19","date_gmt":"2025-08-28T04:50:19","guid":{"rendered":"https:\/\/roveyayinevi.com.tr\/index.php\/urun\/goriot-baba-cep-boy\/"},"modified":"2026-04-16T03:11:14","modified_gmt":"2026-04-16T00:11:14","slug":"goriot-baba-cep-boy","status":"publish","type":"product","link":"https:\/\/roveyayinevi.com.tr\/index.php\/urun\/goriot-baba-cep-boy\/","title":{"rendered":"Goriot Baba (CEP BOY)"},"content":{"rendered":"<p>Madam vauquer, gen\u00e7 k\u0131zl\u0131\u011f\u0131nda da Coflens ismini ta\u015f\u0131yan ve Paris&#8217;te, Quartier-Latin ile Saint-Marcel aras\u0131ndaki Yeni Saint-Genevieve Soka\u011f\u0131&#8217;nda, orta tabakadan insanlara has bir pansiyonu k\u0131rk y\u0131ld\u0131r \u00e7al\u0131\u015ft\u0131ran bir kad\u0131nd\u0131r. Vauquer Evi ad\u0131yla an\u0131lan bu pansiyon, insanlar\u0131 gen\u00e7, ya\u015fl\u0131 ay\u0131rdetmeden kabul eder, ancak bu pansiyonun bu nedenle, ciddiyetine ve \u015ferefine kar\u015f\u0131 tek bir k\u00f6t\u00fc s\u00f6z s\u00f6ylenmemi\u015ftir. Otuz y\u0131ld\u0131r burada gen\u00e7 biri g\u00f6r\u00fclmemi\u015ftir ve bir delikanl\u0131n\u0131n burada oturmas\u0131 i\u00e7in ailesinin kendisine en az bir ayl\u0131k vermesi yeterlidir.<\/p>\n","protected":false},"excerpt":{"rendered":"<p>Madam vauquer, gen\u00e7 k\u0131zl\u0131\u011f\u0131nda da Coflens ismini ta\u015f\u0131yan ve Paris&#8217;te, Quartier-Latin ile Saint-Marcel aras\u0131ndaki Yeni Saint-Genevieve Soka\u011f\u0131&#8217;nda, orta tabakadan insanlara has bir pansiyonu k\u0131rk y\u0131ld\u0131r \u00e7al\u0131\u015ft\u0131ran<span class=\"excerpt-hellip\"> [\u2026]<\/span><\/p>\n","protected":false},"featured_media":0,"template":"","meta":{"_monsterinsights_skip_tracking":false,"_monsterinsights_sitenote_active":false,"_monsterinsights_sitenote_note":"","_monsterinsights_sitenote_category":0},"product_brand":[],"product_cat":[12291,12711],"product_tag":[],"class_list":{"0":"post-757946","1":"product","2":"type-product","3":"status-publish","5":"product_cat-edebiyat","6":"product_cat-roman-oyku","7":"pa_cilt-ciltsiz","8":"pa_tur-kitap","9":"pa_yayinevi-dekalog-yayinlari","10":"pa_yazar-honore-de-balzac","12":"first","13":"instock","14":"sale","15":"shipping-taxable","16":"purchasable","17":"product-type-simple"},"_links":{"self":[{"href":"https:\/\/roveyayinevi.com.tr\/index.php\/wp-json\/wp\/v2\/product\/757946","targetHints":{"allow":["GET"]}}],"collection":[{"href":"https:\/\/roveyayinevi.com.tr\/index.php\/wp-json\/wp\/v2\/product"}],"about":[{"href":"https:\/\/roveyayinevi.com.tr\/index.php\/wp-json\/wp\/v2\/types\/product"}],"wp:attachment":[{"href":"https:\/\/roveyayinevi.com.tr\/index.php\/wp-json\/wp\/v2\/media?parent=757946"}],"wp:term":[{"taxonomy":"product_brand","embeddable":true,"href":"https:\/\/roveyayinevi.com.tr\/index.php\/wp-json\/wp\/v2\/product_brand?post=757946"},{"taxonomy":"product_cat","embeddable":true,"href":"https:\/\/roveyayinevi.com.tr\/index.php\/wp-json\/wp\/v2\/product_cat?post=757946"},{"taxonomy":"product_tag","embeddable":true,"href":"https:\/\/roveyayinevi.com.tr\/index.php\/wp-json\/wp\/v2\/product_tag?post=757946"}],"curies":[{"name":"wp","href":"https:\/\/api.w.org\/{rel}","templated":true}]}}