{"id":757944,"date":"2025-08-28T07:50:16","date_gmt":"2025-08-28T04:50:16","guid":{"rendered":"https:\/\/roveyayinevi.com.tr\/index.php\/urun\/gezgin-cep-boy\/"},"modified":"2026-04-16T03:11:14","modified_gmt":"2026-04-16T00:11:14","slug":"gezgin-cep-boy","status":"publish","type":"product","link":"https:\/\/roveyayinevi.com.tr\/index.php\/urun\/gezgin-cep-boy\/","title":{"rendered":"Gezgin (CEP BOY)"},"content":{"rendered":"<p>Pelerinli, bastonlu ve y\u00fcz\u00fcnde ac\u0131 maskesi olan bu adamla kav\u015fakta kar\u015f\u0131la\u015ft\u0131m. Birbirimizle tan\u0131\u015ft\u0131k, ben ona \u201cEvime gel ve misafirim ol.\u201d dedim. Geldi. Kar\u0131m ve \u00e7ocuklar\u0131m bizi e\u015fikte kar\u015f\u0131lad\u0131, adam onlara g\u00fcl\u00fcmsedi ve onlar da adam\u0131n geli\u015fine memnun oldular.<\/p>\n","protected":false},"excerpt":{"rendered":"<p>Pelerinli, bastonlu ve y\u00fcz\u00fcnde ac\u0131 maskesi olan bu adamla kav\u015fakta kar\u015f\u0131la\u015ft\u0131m. Birbirimizle tan\u0131\u015ft\u0131k, ben ona \u201cEvime gel ve misafirim ol.\u201d dedim. Geldi. Kar\u0131m ve \u00e7ocuklar\u0131m bizi<span class=\"excerpt-hellip\"> [\u2026]<\/span><\/p>\n","protected":false},"featured_media":0,"template":"","meta":{"_monsterinsights_skip_tracking":false,"_monsterinsights_sitenote_active":false,"_monsterinsights_sitenote_note":"","_monsterinsights_sitenote_category":0},"product_brand":[],"product_cat":[12388],"product_tag":[],"class_list":{"0":"post-757944","1":"product","2":"type-product","3":"status-publish","5":"product_cat-felsefe","6":"pa_cilt-ciltsiz","7":"pa_tur-kitap","8":"pa_yayinevi-dekalog-yayinlari","9":"pa_yazar-halil-cibran","11":"first","12":"instock","13":"sale","14":"shipping-taxable","15":"purchasable","16":"product-type-simple"},"_links":{"self":[{"href":"https:\/\/roveyayinevi.com.tr\/index.php\/wp-json\/wp\/v2\/product\/757944","targetHints":{"allow":["GET"]}}],"collection":[{"href":"https:\/\/roveyayinevi.com.tr\/index.php\/wp-json\/wp\/v2\/product"}],"about":[{"href":"https:\/\/roveyayinevi.com.tr\/index.php\/wp-json\/wp\/v2\/types\/product"}],"wp:attachment":[{"href":"https:\/\/roveyayinevi.com.tr\/index.php\/wp-json\/wp\/v2\/media?parent=757944"}],"wp:term":[{"taxonomy":"product_brand","embeddable":true,"href":"https:\/\/roveyayinevi.com.tr\/index.php\/wp-json\/wp\/v2\/product_brand?post=757944"},{"taxonomy":"product_cat","embeddable":true,"href":"https:\/\/roveyayinevi.com.tr\/index.php\/wp-json\/wp\/v2\/product_cat?post=757944"},{"taxonomy":"product_tag","embeddable":true,"href":"https:\/\/roveyayinevi.com.tr\/index.php\/wp-json\/wp\/v2\/product_tag?post=757944"}],"curies":[{"name":"wp","href":"https:\/\/api.w.org\/{rel}","templated":true}]}}