{"id":757943,"date":"2025-08-28T07:50:14","date_gmt":"2025-08-28T04:50:14","guid":{"rendered":"https:\/\/roveyayinevi.com.tr\/index.php\/urun\/genc-wertherin-acilari-cep-boy\/"},"modified":"2026-04-16T03:11:14","modified_gmt":"2026-04-16T00:11:14","slug":"genc-wertherin-acilari-cep-boy","status":"publish","type":"product","link":"https:\/\/roveyayinevi.com.tr\/index.php\/urun\/genc-wertherin-acilari-cep-boy\/","title":{"rendered":"Gen\u00e7 Werther&#8217;in Ac\u0131lar\u0131 (Cep Boy)"},"content":{"rendered":"<p>Ne kadar mutluyum gitmekten bir bilsen! Aziz dostum, insan kalbi ne tuhaf bir \u015fey! \u00d6ylesine \u00e7ok sevdi\u011fim ve hi\u00e7 ayr\u0131lamad\u0131\u011f\u0131m senden, \u015fimdi ayr\u0131ld\u0131\u011f\u0131ma sevinmek! Ya\u015fad\u0131\u011f\u0131m di\u011fer b\u00fct\u00fcn ili\u015fkilerimin benimki gibi bir kalbi \u00fcrk\u00fctmesi kaderin bir cilvesi de\u011fil de nedir? Zavall\u0131 Leonore! Yine de benim bunda bir su\u00e7um yok. Karde\u015finin cilveleri g\u00f6nl\u00fcm\u00fc ho\u015f ederken onun bana ba\u011flanmas\u0131na engel olabilir miydim? Ancak yine de tamamen su\u00e7suz muyum? Ben de onun duygular\u0131na kar\u015f\u0131l\u0131k vermedim mi?<\/p>\n","protected":false},"excerpt":{"rendered":"<p>Ne kadar mutluyum gitmekten bir bilsen! Aziz dostum, insan kalbi ne tuhaf bir \u015fey! \u00d6ylesine \u00e7ok sevdi\u011fim ve hi\u00e7 ayr\u0131lamad\u0131\u011f\u0131m senden, \u015fimdi ayr\u0131ld\u0131\u011f\u0131ma sevinmek! Ya\u015fad\u0131\u011f\u0131m di\u011fer<span class=\"excerpt-hellip\"> [\u2026]<\/span><\/p>\n","protected":false},"featured_media":0,"template":"","meta":{"_monsterinsights_skip_tracking":false,"_monsterinsights_sitenote_active":false,"_monsterinsights_sitenote_note":"","_monsterinsights_sitenote_category":0},"product_brand":[],"product_cat":[12291,12711],"product_tag":[],"class_list":{"0":"post-757943","1":"product","2":"type-product","3":"status-publish","5":"product_cat-edebiyat","6":"product_cat-roman-oyku","7":"pa_cilt-ciltsiz","8":"pa_tur-kitap","9":"pa_yayinevi-dekalog-yayinlari","10":"pa_yazar-johann-wolfang-von-goethe","12":"first","13":"instock","14":"sale","15":"shipping-taxable","16":"purchasable","17":"product-type-simple"},"_links":{"self":[{"href":"https:\/\/roveyayinevi.com.tr\/index.php\/wp-json\/wp\/v2\/product\/757943","targetHints":{"allow":["GET"]}}],"collection":[{"href":"https:\/\/roveyayinevi.com.tr\/index.php\/wp-json\/wp\/v2\/product"}],"about":[{"href":"https:\/\/roveyayinevi.com.tr\/index.php\/wp-json\/wp\/v2\/types\/product"}],"wp:attachment":[{"href":"https:\/\/roveyayinevi.com.tr\/index.php\/wp-json\/wp\/v2\/media?parent=757943"}],"wp:term":[{"taxonomy":"product_brand","embeddable":true,"href":"https:\/\/roveyayinevi.com.tr\/index.php\/wp-json\/wp\/v2\/product_brand?post=757943"},{"taxonomy":"product_cat","embeddable":true,"href":"https:\/\/roveyayinevi.com.tr\/index.php\/wp-json\/wp\/v2\/product_cat?post=757943"},{"taxonomy":"product_tag","embeddable":true,"href":"https:\/\/roveyayinevi.com.tr\/index.php\/wp-json\/wp\/v2\/product_tag?post=757943"}],"curies":[{"name":"wp","href":"https:\/\/api.w.org\/{rel}","templated":true}]}}