{"id":757942,"date":"2025-08-28T07:50:13","date_gmt":"2025-08-28T04:50:13","guid":{"rendered":"https:\/\/roveyayinevi.com.tr\/index.php\/urun\/frankfurt-seyahatnamesi-cep-boy\/"},"modified":"2026-04-16T03:11:13","modified_gmt":"2026-04-16T00:11:13","slug":"frankfurt-seyahatnamesi-cep-boy","status":"publish","type":"product","link":"https:\/\/roveyayinevi.com.tr\/index.php\/urun\/frankfurt-seyahatnamesi-cep-boy\/","title":{"rendered":"Frankfurt Seyahatnamesi (Cep Boy)"},"content":{"rendered":"<p>Bu bir hastan\u0131n yol notlar\u0131, r\u00fczg\u00e2rl\u0131, karanl\u0131k bir sonbahar gecesiyle ba\u015flar.\u0130stanbul&#8217;un denizini sinirli, ufuklar\u0131n\u0131 m\u00fcrekkep gibi siyah ve \u00dcsk\u00fcdar taraflar\u0131n\u0131n g\u00f6klerini uzak bir yang\u0131n\u0131n hafif k\u0131rm\u0131z\u0131l\u0131klar\u0131na boyanm\u0131\u015f b\u0131rakt\u0131m. Onun i\u00e7in zifiri bir karanl\u0131kta tren Sirkeci&#8217;den ayr\u0131l\u0131rken sinirlerim iyi de\u011fildi. \u0130nsan, geceleyin nas\u0131l yola \u00e7\u0131kmaya cesaret eder? Bunu, bir k\u00f6\u015fesinde b\u00fcz\u00fcl\u00fcp kald\u0131\u011f\u0131m kompart\u0131man\u0131mda siyah siyah d\u00fc\u015f\u00fcnmeye koyuldum.<\/p>\n","protected":false},"excerpt":{"rendered":"<p>Bu bir hastan\u0131n yol notlar\u0131, r\u00fczg\u00e2rl\u0131, karanl\u0131k bir sonbahar gecesiyle ba\u015flar.\u0130stanbul&#8217;un denizini sinirli, ufuklar\u0131n\u0131 m\u00fcrekkep gibi siyah ve \u00dcsk\u00fcdar taraflar\u0131n\u0131n g\u00f6klerini uzak bir yang\u0131n\u0131n hafif k\u0131rm\u0131z\u0131l\u0131klar\u0131na<span class=\"excerpt-hellip\"> [\u2026]<\/span><\/p>\n","protected":false},"featured_media":0,"template":"","meta":{"_monsterinsights_skip_tracking":false,"_monsterinsights_sitenote_active":false,"_monsterinsights_sitenote_note":"","_monsterinsights_sitenote_category":0},"product_brand":[],"product_cat":[13054],"product_tag":[],"class_list":{"0":"post-757942","1":"product","2":"type-product","3":"status-publish","5":"product_cat-gezi-ve-rehber-kitaplari","6":"pa_cilt-ciltsiz","7":"pa_tur-kitap","8":"pa_yayinevi-dekalog-yayinlari","9":"pa_yazar-ahmet-hasim","11":"first","12":"instock","13":"sale","14":"shipping-taxable","15":"purchasable","16":"product-type-simple"},"_links":{"self":[{"href":"https:\/\/roveyayinevi.com.tr\/index.php\/wp-json\/wp\/v2\/product\/757942","targetHints":{"allow":["GET"]}}],"collection":[{"href":"https:\/\/roveyayinevi.com.tr\/index.php\/wp-json\/wp\/v2\/product"}],"about":[{"href":"https:\/\/roveyayinevi.com.tr\/index.php\/wp-json\/wp\/v2\/types\/product"}],"wp:attachment":[{"href":"https:\/\/roveyayinevi.com.tr\/index.php\/wp-json\/wp\/v2\/media?parent=757942"}],"wp:term":[{"taxonomy":"product_brand","embeddable":true,"href":"https:\/\/roveyayinevi.com.tr\/index.php\/wp-json\/wp\/v2\/product_brand?post=757942"},{"taxonomy":"product_cat","embeddable":true,"href":"https:\/\/roveyayinevi.com.tr\/index.php\/wp-json\/wp\/v2\/product_cat?post=757942"},{"taxonomy":"product_tag","embeddable":true,"href":"https:\/\/roveyayinevi.com.tr\/index.php\/wp-json\/wp\/v2\/product_tag?post=757942"}],"curies":[{"name":"wp","href":"https:\/\/api.w.org\/{rel}","templated":true}]}}