{"id":757941,"date":"2025-08-28T07:50:11","date_gmt":"2025-08-28T04:50:11","guid":{"rendered":"https:\/\/roveyayinevi.com.tr\/index.php\/urun\/felatun-bey-ile-rakim-efendi-cep-boy\/"},"modified":"2026-04-16T03:11:13","modified_gmt":"2026-04-16T00:11:13","slug":"felatun-bey-ile-rakim-efendi-cep-boy","status":"publish","type":"product","link":"https:\/\/roveyayinevi.com.tr\/index.php\/urun\/felatun-bey-ile-rakim-efendi-cep-boy\/","title":{"rendered":"Felatun Bey \u0130le Rak\u0131m Efendi (CEP BOY)"},"content":{"rendered":"<p>Fel\u00e2tun Bey&#8217;i tan\u0131r m\u0131s\u0131n\u0131z? Hani \u015fu Mustafa Merak\u00ee Efendiz\u00e2de Fel\u00e2tun Bey! Galiba tan\u0131yamad\u0131n\u0131z. Kendisi pek tan\u0131nacak biridir. Mustafa Merak\u00ee Efendi Tophane&#8217;nin Beyo\u011flu&#8217;na yak\u0131nca bir mahallesinde oturur. Oturdu\u011fu mahalleyi a\u00e7\u0131k\u00e7a s\u00f6ylemek pek m\u00fcnasip olmaz, anlad\u0131n\u0131z ya! \u015eimdilik bu kadar\u0131yla kifayet ediniz.<\/p>\n","protected":false},"excerpt":{"rendered":"<p>Fel\u00e2tun Bey&#8217;i tan\u0131r m\u0131s\u0131n\u0131z? Hani \u015fu Mustafa Merak\u00ee Efendiz\u00e2de Fel\u00e2tun Bey! Galiba tan\u0131yamad\u0131n\u0131z. Kendisi pek tan\u0131nacak biridir. Mustafa Merak\u00ee Efendi Tophane&#8217;nin Beyo\u011flu&#8217;na yak\u0131nca bir mahallesinde oturur.<span class=\"excerpt-hellip\"> [\u2026]<\/span><\/p>\n","protected":false},"featured_media":0,"template":"","meta":{"_monsterinsights_skip_tracking":false,"_monsterinsights_sitenote_active":false,"_monsterinsights_sitenote_note":"","_monsterinsights_sitenote_category":0},"product_brand":[],"product_cat":[12291,12711],"product_tag":[],"class_list":{"0":"post-757941","1":"product","2":"type-product","3":"status-publish","5":"product_cat-edebiyat","6":"product_cat-roman-oyku","7":"pa_cilt-ciltsiz","8":"pa_tur-kitap","9":"pa_yayinevi-dekalog-yayinlari","10":"pa_yazar-ahmet-mithat-efendi","12":"first","13":"instock","14":"sale","15":"shipping-taxable","16":"purchasable","17":"product-type-simple"},"_links":{"self":[{"href":"https:\/\/roveyayinevi.com.tr\/index.php\/wp-json\/wp\/v2\/product\/757941","targetHints":{"allow":["GET"]}}],"collection":[{"href":"https:\/\/roveyayinevi.com.tr\/index.php\/wp-json\/wp\/v2\/product"}],"about":[{"href":"https:\/\/roveyayinevi.com.tr\/index.php\/wp-json\/wp\/v2\/types\/product"}],"wp:attachment":[{"href":"https:\/\/roveyayinevi.com.tr\/index.php\/wp-json\/wp\/v2\/media?parent=757941"}],"wp:term":[{"taxonomy":"product_brand","embeddable":true,"href":"https:\/\/roveyayinevi.com.tr\/index.php\/wp-json\/wp\/v2\/product_brand?post=757941"},{"taxonomy":"product_cat","embeddable":true,"href":"https:\/\/roveyayinevi.com.tr\/index.php\/wp-json\/wp\/v2\/product_cat?post=757941"},{"taxonomy":"product_tag","embeddable":true,"href":"https:\/\/roveyayinevi.com.tr\/index.php\/wp-json\/wp\/v2\/product_tag?post=757941"}],"curies":[{"name":"wp","href":"https:\/\/api.w.org\/{rel}","templated":true}]}}