{"id":757939,"date":"2025-08-28T07:50:07","date_gmt":"2025-08-28T04:50:07","guid":{"rendered":"https:\/\/roveyayinevi.com.tr\/index.php\/urun\/falaka-cep-boy\/"},"modified":"2026-04-16T03:11:13","modified_gmt":"2026-04-16T00:11:13","slug":"falaka-cep-boy","status":"publish","type":"product","link":"https:\/\/roveyayinevi.com.tr\/index.php\/urun\/falaka-cep-boy\/","title":{"rendered":"Falaka (Cep Boy)"},"content":{"rendered":"<p>Ben bu korkuyu yar\u0131m as\u0131r \u00f6nce, \u015fehirde yar\u0131 yar\u0131ya kaplam\u0131\u015f yayg\u0131n bir durumda, g\u00f6r\u00fcp ya\u015fad\u0131m. \u00c7ocuklar, hem gittikleri mektebin hocas\u0131ndan, hem de ba\u015fka bir mektebin hocas\u0131 oldu\u011funu bildi\u011fi ki\u015fiden korkard\u0131. Bana \u00f6yle geliyor ki her mektebin kalfas\u0131ndan, kap\u0131c\u0131s\u0131ndan, aminciba\u015f\u0131s\u0131ndan da&#8230; Annenin: Haf\u0131z\u0131ndan da korkarlard\u0131. \u00c7ocuklar az\u0131c\u0131k b\u00fcy\u00fcy\u00fcnce annelerin yak\u0131nmas\u0131 ba\u015flard\u0131:\u201cHi\u00e7 olmazsa g\u00fcnd\u00fczleri ba\u015f\u0131mdan gitsin. B\u0131kt\u0131m bu o\u011flan\u0131n elinden. Ne durmas\u0131n\u0131 bilir ne de oturmas\u0131n\u0131!\u201d<\/p>\n","protected":false},"excerpt":{"rendered":"<p>Ben bu korkuyu yar\u0131m as\u0131r \u00f6nce, \u015fehirde yar\u0131 yar\u0131ya kaplam\u0131\u015f yayg\u0131n bir durumda, g\u00f6r\u00fcp ya\u015fad\u0131m. \u00c7ocuklar, hem gittikleri mektebin hocas\u0131ndan, hem de ba\u015fka bir mektebin hocas\u0131<span class=\"excerpt-hellip\"> [\u2026]<\/span><\/p>\n","protected":false},"featured_media":0,"template":"","meta":{"_monsterinsights_skip_tracking":false,"_monsterinsights_sitenote_active":false,"_monsterinsights_sitenote_note":"","_monsterinsights_sitenote_category":0},"product_brand":[],"product_cat":[12291,12711],"product_tag":[],"class_list":{"0":"post-757939","1":"product","2":"type-product","3":"status-publish","5":"product_cat-edebiyat","6":"product_cat-roman-oyku","7":"pa_cilt-ciltsiz","8":"pa_tur-kitap","9":"pa_yayinevi-dekalog-yayinlari","10":"pa_yazar-ahmet-rasim","12":"first","13":"instock","14":"sale","15":"shipping-taxable","16":"purchasable","17":"product-type-simple"},"_links":{"self":[{"href":"https:\/\/roveyayinevi.com.tr\/index.php\/wp-json\/wp\/v2\/product\/757939","targetHints":{"allow":["GET"]}}],"collection":[{"href":"https:\/\/roveyayinevi.com.tr\/index.php\/wp-json\/wp\/v2\/product"}],"about":[{"href":"https:\/\/roveyayinevi.com.tr\/index.php\/wp-json\/wp\/v2\/types\/product"}],"wp:attachment":[{"href":"https:\/\/roveyayinevi.com.tr\/index.php\/wp-json\/wp\/v2\/media?parent=757939"}],"wp:term":[{"taxonomy":"product_brand","embeddable":true,"href":"https:\/\/roveyayinevi.com.tr\/index.php\/wp-json\/wp\/v2\/product_brand?post=757939"},{"taxonomy":"product_cat","embeddable":true,"href":"https:\/\/roveyayinevi.com.tr\/index.php\/wp-json\/wp\/v2\/product_cat?post=757939"},{"taxonomy":"product_tag","embeddable":true,"href":"https:\/\/roveyayinevi.com.tr\/index.php\/wp-json\/wp\/v2\/product_tag?post=757939"}],"curies":[{"name":"wp","href":"https:\/\/api.w.org\/{rel}","templated":true}]}}