{"id":757937,"date":"2025-08-28T07:50:03","date_gmt":"2025-08-28T04:50:03","guid":{"rendered":"https:\/\/roveyayinevi.com.tr\/index.php\/urun\/eylul-cep-boy\/"},"modified":"2026-04-16T03:11:13","modified_gmt":"2026-04-16T00:11:13","slug":"eylul-cep-boy","status":"publish","type":"product","link":"https:\/\/roveyayinevi.com.tr\/index.php\/urun\/eylul-cep-boy\/","title":{"rendered":"Eyl\u00fcl (CEP BOY)"},"content":{"rendered":"<p>Salonda, bah\u00e7edekilerin kahkahalar\u0131 i\u015fitilebiliyordu. S\u00fcreyya can\u0131 s\u0131k\u0131lanlara \u00f6zg\u00fc bir tahamm\u00fcls\u00fczl\u00fckle, \u201c\u00c7\u0131lg\u0131n k\u0131z!\u201d diye s\u00f6ylendi. Balkona a\u00e7\u0131lan b\u00fcy\u00fck kap\u0131dan parmakl\u0131\u011fa dayanm\u0131\u015f, d\u0131\u015far\u0131ya bakt\u0131\u011f\u0131 g\u00f6r\u00fclen kar\u0131s\u0131 d\u00f6n\u00fcp, \u201cAma bu gece hava ne g\u00fczel!\u201d dedi. Bu nisan g\u00fcn\u00fcn\u00fcn saat on birde ba\u015flayan ya\u011fmuru, yar\u0131m saat sonra dinmi\u015fti; nemli bir ye\u015filli\u011fin \u00fcst\u00fcnde \u015fimdi alt\u0131n gibi incileriyle lacivert g\u00f6ky\u00fcz\u00fc titriyordu; topraktan, a\u011fa\u00e7lardan yay\u0131lan nemli havada yo\u011fun bir tesir vard\u0131.<\/p>\n","protected":false},"excerpt":{"rendered":"<p>Salonda, bah\u00e7edekilerin kahkahalar\u0131 i\u015fitilebiliyordu. S\u00fcreyya can\u0131 s\u0131k\u0131lanlara \u00f6zg\u00fc bir tahamm\u00fcls\u00fczl\u00fckle, \u201c\u00c7\u0131lg\u0131n k\u0131z!\u201d diye s\u00f6ylendi. Balkona a\u00e7\u0131lan b\u00fcy\u00fck kap\u0131dan parmakl\u0131\u011fa dayanm\u0131\u015f, d\u0131\u015far\u0131ya bakt\u0131\u011f\u0131 g\u00f6r\u00fclen kar\u0131s\u0131 d\u00f6n\u00fcp, \u201cAma<span class=\"excerpt-hellip\"> [\u2026]<\/span><\/p>\n","protected":false},"featured_media":0,"template":"","meta":{"_monsterinsights_skip_tracking":false,"_monsterinsights_sitenote_active":false,"_monsterinsights_sitenote_note":"","_monsterinsights_sitenote_category":0},"product_brand":[],"product_cat":[12291,12711],"product_tag":[],"class_list":{"0":"post-757937","1":"product","2":"type-product","3":"status-publish","5":"product_cat-edebiyat","6":"product_cat-roman-oyku","7":"pa_cilt-ciltsiz","8":"pa_tur-kitap","9":"pa_yayinevi-dekalog-yayinlari","10":"pa_yazar-mehmet-rauf","12":"first","13":"instock","14":"sale","15":"shipping-taxable","16":"purchasable","17":"product-type-simple"},"_links":{"self":[{"href":"https:\/\/roveyayinevi.com.tr\/index.php\/wp-json\/wp\/v2\/product\/757937","targetHints":{"allow":["GET"]}}],"collection":[{"href":"https:\/\/roveyayinevi.com.tr\/index.php\/wp-json\/wp\/v2\/product"}],"about":[{"href":"https:\/\/roveyayinevi.com.tr\/index.php\/wp-json\/wp\/v2\/types\/product"}],"wp:attachment":[{"href":"https:\/\/roveyayinevi.com.tr\/index.php\/wp-json\/wp\/v2\/media?parent=757937"}],"wp:term":[{"taxonomy":"product_brand","embeddable":true,"href":"https:\/\/roveyayinevi.com.tr\/index.php\/wp-json\/wp\/v2\/product_brand?post=757937"},{"taxonomy":"product_cat","embeddable":true,"href":"https:\/\/roveyayinevi.com.tr\/index.php\/wp-json\/wp\/v2\/product_cat?post=757937"},{"taxonomy":"product_tag","embeddable":true,"href":"https:\/\/roveyayinevi.com.tr\/index.php\/wp-json\/wp\/v2\/product_tag?post=757937"}],"curies":[{"name":"wp","href":"https:\/\/api.w.org\/{rel}","templated":true}]}}