{"id":757933,"date":"2025-08-28T07:49:56","date_gmt":"2025-08-28T04:49:56","guid":{"rendered":"https:\/\/roveyayinevi.com.tr\/index.php\/urun\/ermis-cep-boy\/"},"modified":"2026-04-16T03:11:13","modified_gmt":"2026-04-16T00:11:13","slug":"ermis-cep-boy","status":"publish","type":"product","link":"https:\/\/roveyayinevi.com.tr\/index.php\/urun\/ermis-cep-boy\/","title":{"rendered":"Ermi\u015f (CEP BOY)"},"content":{"rendered":"<p>Se\u00e7ilmi\u015f ve sevilen, kendi g\u00fcn\u00fcn\u00fcn \u015fafa\u011f\u0131 El-Mustafa, on iki y\u0131l Orphalese \u015fehrinde gemisini bekledi. Gemi ona geri d\u00f6necek ve kendisini do\u011fdu\u011fu adaya geri g\u00f6t\u00fcrecekti. On ikinci y\u0131lda, eyl\u00fcl\u00fcn yedinci g\u00fcn\u00fcnde, hasat\u0131n oldu\u011fu ay, kent surlar\u0131n\u0131n d\u0131\u015f\u0131ndaki tepeye t\u0131rmand\u0131 ve denize do\u011fru bakt\u0131\u2026 Ve sislerin aras\u0131nda ilerleyen gemisini g\u00f6rd\u00fc.<\/p>\n","protected":false},"excerpt":{"rendered":"<p>Se\u00e7ilmi\u015f ve sevilen, kendi g\u00fcn\u00fcn\u00fcn \u015fafa\u011f\u0131 El-Mustafa, on iki y\u0131l Orphalese \u015fehrinde gemisini bekledi. Gemi ona geri d\u00f6necek ve kendisini do\u011fdu\u011fu adaya geri g\u00f6t\u00fcrecekti. On ikinci<span class=\"excerpt-hellip\"> [\u2026]<\/span><\/p>\n","protected":false},"featured_media":0,"template":"","meta":{"_monsterinsights_skip_tracking":false,"_monsterinsights_sitenote_active":false,"_monsterinsights_sitenote_note":"","_monsterinsights_sitenote_category":0},"product_brand":[],"product_cat":[20351,12388],"product_tag":[],"class_list":{"0":"post-757933","1":"product","2":"type-product","3":"status-publish","5":"product_cat-dusunce","6":"product_cat-felsefe","7":"pa_cilt-ciltsiz","8":"pa_tur-kitap","9":"pa_yayinevi-dekalog-yayinlari","10":"pa_yazar-halil-cibran","12":"first","13":"instock","14":"sale","15":"shipping-taxable","16":"purchasable","17":"product-type-simple"},"_links":{"self":[{"href":"https:\/\/roveyayinevi.com.tr\/index.php\/wp-json\/wp\/v2\/product\/757933","targetHints":{"allow":["GET"]}}],"collection":[{"href":"https:\/\/roveyayinevi.com.tr\/index.php\/wp-json\/wp\/v2\/product"}],"about":[{"href":"https:\/\/roveyayinevi.com.tr\/index.php\/wp-json\/wp\/v2\/types\/product"}],"wp:attachment":[{"href":"https:\/\/roveyayinevi.com.tr\/index.php\/wp-json\/wp\/v2\/media?parent=757933"}],"wp:term":[{"taxonomy":"product_brand","embeddable":true,"href":"https:\/\/roveyayinevi.com.tr\/index.php\/wp-json\/wp\/v2\/product_brand?post=757933"},{"taxonomy":"product_cat","embeddable":true,"href":"https:\/\/roveyayinevi.com.tr\/index.php\/wp-json\/wp\/v2\/product_cat?post=757933"},{"taxonomy":"product_tag","embeddable":true,"href":"https:\/\/roveyayinevi.com.tr\/index.php\/wp-json\/wp\/v2\/product_tag?post=757933"}],"curies":[{"name":"wp","href":"https:\/\/api.w.org\/{rel}","templated":true}]}}