{"id":757930,"date":"2025-08-28T07:49:50","date_gmt":"2025-08-28T04:49:50","guid":{"rendered":"https:\/\/roveyayinevi.com.tr\/index.php\/urun\/duka-ile-karisi-cep-boy\/"},"modified":"2026-04-12T03:14:56","modified_gmt":"2026-04-12T00:14:56","slug":"duka-ile-karisi-cep-boy","status":"publish","type":"product","link":"https:\/\/roveyayinevi.com.tr\/index.php\/urun\/duka-ile-karisi-cep-boy\/","title":{"rendered":"Duka ile Kar\u0131s\u0131 ( CEP BOY)"},"content":{"rendered":"<p>Bu, Berlin G\u00fczel Sanatlar Akademisi&#8217;nin 1816 y\u0131l\u0131 Eyl\u00fcl&#8217;\u00fcnde a\u00e7t\u0131\u011f\u0131 sergide ki bir tablonun ismiydi. Akademi azas\u0131ndan k\u0131ymetli ve gayretli C. Kolbe&#8217;nin eseri olan resim, herkesi \u00f6yle bir sihirle kendine ba\u011fl\u0131yordu ki, \u00f6n\u00fc hemen hemen hi\u00e7 bo\u015f kalm\u0131yordu. Zengin, muhte\u015fem elbiseler giymi\u015f bir Venedik Dukas\u0131, yan\u0131nda ayn\u0131 derece bol s\u00fcslenmi\u015f kar\u0131s\u0131yla beraber, parmakl\u0131kl\u0131 bir avlunun \u00f6n\u00fcne do\u011fru ilerliyordu; kendisi k\u0131r sakall\u0131 bir ihtiyard\u0131, bazen kuvvet, bazen zaaf, bazen gurur ve kibir, bazen m\u00fclayimlik ifade eden esmer k\u0131rm\u0131z\u0131 \u00e7ehresinini acayip \u015fekilde birbirlerine kar\u0131\u015fm\u0131\u015f hatlar\u0131 vard\u0131.<\/p>\n","protected":false},"excerpt":{"rendered":"<p>Bu, Berlin G\u00fczel Sanatlar Akademisi&#8217;nin 1816 y\u0131l\u0131 Eyl\u00fcl&#8217;\u00fcnde a\u00e7t\u0131\u011f\u0131 sergide ki bir tablonun ismiydi. Akademi azas\u0131ndan k\u0131ymetli ve gayretli C. Kolbe&#8217;nin eseri olan resim, herkesi \u00f6yle<span class=\"excerpt-hellip\"> [\u2026]<\/span><\/p>\n","protected":false},"featured_media":0,"template":"","meta":{"_monsterinsights_skip_tracking":false,"_monsterinsights_sitenote_active":false,"_monsterinsights_sitenote_note":"","_monsterinsights_sitenote_category":0},"product_brand":[],"product_cat":[12291,12711],"product_tag":[],"class_list":{"0":"post-757930","1":"product","2":"type-product","3":"status-publish","5":"product_cat-edebiyat","6":"product_cat-roman-oyku","7":"pa_cilt-ciltsiz","8":"pa_tur-kitap","9":"pa_yayinevi-dekalog-yayinlari","10":"pa_yazar-e-t-a-hoffmann","12":"first","13":"instock","14":"sale","15":"shipping-taxable","16":"purchasable","17":"product-type-simple"},"_links":{"self":[{"href":"https:\/\/roveyayinevi.com.tr\/index.php\/wp-json\/wp\/v2\/product\/757930","targetHints":{"allow":["GET"]}}],"collection":[{"href":"https:\/\/roveyayinevi.com.tr\/index.php\/wp-json\/wp\/v2\/product"}],"about":[{"href":"https:\/\/roveyayinevi.com.tr\/index.php\/wp-json\/wp\/v2\/types\/product"}],"wp:attachment":[{"href":"https:\/\/roveyayinevi.com.tr\/index.php\/wp-json\/wp\/v2\/media?parent=757930"}],"wp:term":[{"taxonomy":"product_brand","embeddable":true,"href":"https:\/\/roveyayinevi.com.tr\/index.php\/wp-json\/wp\/v2\/product_brand?post=757930"},{"taxonomy":"product_cat","embeddable":true,"href":"https:\/\/roveyayinevi.com.tr\/index.php\/wp-json\/wp\/v2\/product_cat?post=757930"},{"taxonomy":"product_tag","embeddable":true,"href":"https:\/\/roveyayinevi.com.tr\/index.php\/wp-json\/wp\/v2\/product_tag?post=757930"}],"curies":[{"name":"wp","href":"https:\/\/api.w.org\/{rel}","templated":true}]}}