{"id":757928,"date":"2025-08-28T07:49:46","date_gmt":"2025-08-28T04:49:46","guid":{"rendered":"https:\/\/roveyayinevi.com.tr\/index.php\/urun\/dr-jekyll-ve-mr-hyde-cep-boy\/"},"modified":"2026-04-12T03:14:55","modified_gmt":"2026-04-12T00:14:55","slug":"dr-jekyll-ve-mr-hyde-cep-boy","status":"publish","type":"product","link":"https:\/\/roveyayinevi.com.tr\/index.php\/urun\/dr-jekyll-ve-mr-hyde-cep-boy\/","title":{"rendered":"Dr. Jekyll ve Mr. Hyde (CEP BOY)"},"content":{"rendered":"<p>Noter Utterson, k\u0131rk y\u0131lda bir olsun g\u00fcl\u00fcmsemeyen, ters y\u00fczl\u00fc, s\u00f6yle\u015fisi so\u011fuk oldu\u011fu denli k\u0131t, tutuk bir adamd\u0131. Pek duygulu de\u011fildi; zay\u0131f yap\u0131l\u0131, uzun boylu, donuk y\u00fczl\u00fcyd\u00fc. Ama bezgin g\u00f6r\u00fcnmesine kar\u015f\u0131n yine de sevimli bir g\u00f6r\u00fcn\u00fc\u015f\u00fc vard\u0131. E\u015f dost toplant\u0131lar\u0131nda, hele \u015farap da sevdi\u011fi \u015faraplardan olursa, g\u00f6zlerinde iyilik p\u0131r\u0131ldard\u0131; bu y\u00f6n\u00fc hi\u00e7bir zaman s\u00f6zlerinden anla\u015f\u0131lmaz, ama \u015f\u00f6lenin sonlar\u0131nda y\u00fcz\u00fcnden okunmakla kalmaz, davran\u0131\u015flar\u0131nda da daha belirgin g\u00f6r\u00fcn\u00fcrd\u00fc.<\/p>\n","protected":false},"excerpt":{"rendered":"<p>Noter Utterson, k\u0131rk y\u0131lda bir olsun g\u00fcl\u00fcmsemeyen, ters y\u00fczl\u00fc, s\u00f6yle\u015fisi so\u011fuk oldu\u011fu denli k\u0131t, tutuk bir adamd\u0131. Pek duygulu de\u011fildi; zay\u0131f yap\u0131l\u0131, uzun boylu, donuk y\u00fczl\u00fcyd\u00fc.<span class=\"excerpt-hellip\"> [\u2026]<\/span><\/p>\n","protected":false},"featured_media":0,"template":"","meta":{"_monsterinsights_skip_tracking":false,"_monsterinsights_sitenote_active":false,"_monsterinsights_sitenote_note":"","_monsterinsights_sitenote_category":0},"product_brand":[],"product_cat":[12291,12711],"product_tag":[],"class_list":{"0":"post-757928","1":"product","2":"type-product","3":"status-publish","5":"product_cat-edebiyat","6":"product_cat-roman-oyku","7":"pa_cilt-ciltsiz","8":"pa_tur-kitap","9":"pa_yayinevi-dekalog-yayinlari","10":"pa_yazar-robert-louis-stevenson","12":"first","13":"instock","14":"sale","15":"shipping-taxable","16":"purchasable","17":"product-type-simple"},"_links":{"self":[{"href":"https:\/\/roveyayinevi.com.tr\/index.php\/wp-json\/wp\/v2\/product\/757928","targetHints":{"allow":["GET"]}}],"collection":[{"href":"https:\/\/roveyayinevi.com.tr\/index.php\/wp-json\/wp\/v2\/product"}],"about":[{"href":"https:\/\/roveyayinevi.com.tr\/index.php\/wp-json\/wp\/v2\/types\/product"}],"wp:attachment":[{"href":"https:\/\/roveyayinevi.com.tr\/index.php\/wp-json\/wp\/v2\/media?parent=757928"}],"wp:term":[{"taxonomy":"product_brand","embeddable":true,"href":"https:\/\/roveyayinevi.com.tr\/index.php\/wp-json\/wp\/v2\/product_brand?post=757928"},{"taxonomy":"product_cat","embeddable":true,"href":"https:\/\/roveyayinevi.com.tr\/index.php\/wp-json\/wp\/v2\/product_cat?post=757928"},{"taxonomy":"product_tag","embeddable":true,"href":"https:\/\/roveyayinevi.com.tr\/index.php\/wp-json\/wp\/v2\/product_tag?post=757928"}],"curies":[{"name":"wp","href":"https:\/\/api.w.org\/{rel}","templated":true}]}}