{"id":757926,"date":"2025-08-28T07:49:43","date_gmt":"2025-08-28T04:49:43","guid":{"rendered":"https:\/\/roveyayinevi.com.tr\/index.php\/urun\/romeo-ve-juliet-cep-boy9\/"},"modified":"2026-04-16T03:11:13","modified_gmt":"2026-04-16T00:11:13","slug":"romeo-ve-juliet-cep-boy9","status":"publish","type":"product","link":"https:\/\/roveyayinevi.com.tr\/index.php\/urun\/romeo-ve-juliet-cep-boy9\/","title":{"rendered":"Romeo ve Juliet (CEP BOY9"},"content":{"rendered":"<p>Birbirinden soylu iki ev halk\u0131,Bu g\u00fczel Verona&#8217;da a\u00e7\u0131yoruz sahnemizi,Eski bir nefretten gelen kin,Vatanda\u015flar\u0131n kan\u0131 vatanda\u015flar\u0131n elini kirletir.\u00d6l\u00fcm\u00fcne d\u00fc\u015fman bu iki ailenin yavrular\u0131 olarakBedbaht bir \u00e7ift a\u015f\u0131k do\u011farAc\u0131nas\u0131 talihsizlikleriyleB\u00fcy\u00fcklerinin arbedelerini g\u00f6mer topra\u011fa.\u00d6l\u00fcmleriyle m\u00fch\u00fcrlenen a\u015fk ge\u00e7idiVe b\u00fcy\u00fcklerinin bitmeyen \u00f6fkesi,\u00c7ocuklar\u0131n\u0131n son verdi\u011fi fakat ortadan kald\u0131ramad\u0131\u011f\u0131,Sahnemizin iki saatlik ak\u0131\u015f\u0131n\u0131 olu\u015fturacakt\u0131r;Dikkatle dinlerseniz s\u00f6ylenenleri,Ka\u00e7\u0131rd\u0131klar\u0131m\u0131z\u0131 da yakalars\u0131n\u0131z.<\/p>\n","protected":false},"excerpt":{"rendered":"<p>Birbirinden soylu iki ev halk\u0131,Bu g\u00fczel Verona&#8217;da a\u00e7\u0131yoruz sahnemizi,Eski bir nefretten gelen kin,Vatanda\u015flar\u0131n kan\u0131 vatanda\u015flar\u0131n elini kirletir.\u00d6l\u00fcm\u00fcne d\u00fc\u015fman bu iki ailenin yavrular\u0131 olarakBedbaht bir \u00e7ift a\u015f\u0131k<span class=\"excerpt-hellip\"> [\u2026]<\/span><\/p>\n","protected":false},"featured_media":0,"template":"","meta":{"_monsterinsights_skip_tracking":false,"_monsterinsights_sitenote_active":false,"_monsterinsights_sitenote_note":"","_monsterinsights_sitenote_category":0},"product_brand":[],"product_cat":[12409,12408],"product_tag":[],"class_list":{"0":"post-757926","1":"product","2":"type-product","3":"status-publish","5":"product_cat-fotograf-sinema-tiyatro","6":"product_cat-sanat","7":"pa_cilt-ciltsiz","8":"pa_tur-kitap","9":"pa_yayinevi-dekalog-yayinlari","10":"pa_yazar-william-shakespeare","12":"first","13":"instock","14":"sale","15":"shipping-taxable","16":"purchasable","17":"product-type-simple"},"_links":{"self":[{"href":"https:\/\/roveyayinevi.com.tr\/index.php\/wp-json\/wp\/v2\/product\/757926","targetHints":{"allow":["GET"]}}],"collection":[{"href":"https:\/\/roveyayinevi.com.tr\/index.php\/wp-json\/wp\/v2\/product"}],"about":[{"href":"https:\/\/roveyayinevi.com.tr\/index.php\/wp-json\/wp\/v2\/types\/product"}],"wp:attachment":[{"href":"https:\/\/roveyayinevi.com.tr\/index.php\/wp-json\/wp\/v2\/media?parent=757926"}],"wp:term":[{"taxonomy":"product_brand","embeddable":true,"href":"https:\/\/roveyayinevi.com.tr\/index.php\/wp-json\/wp\/v2\/product_brand?post=757926"},{"taxonomy":"product_cat","embeddable":true,"href":"https:\/\/roveyayinevi.com.tr\/index.php\/wp-json\/wp\/v2\/product_cat?post=757926"},{"taxonomy":"product_tag","embeddable":true,"href":"https:\/\/roveyayinevi.com.tr\/index.php\/wp-json\/wp\/v2\/product_tag?post=757926"}],"curies":[{"name":"wp","href":"https:\/\/api.w.org\/{rel}","templated":true}]}}