{"id":757924,"date":"2025-08-28T07:49:40","date_gmt":"2025-08-28T04:49:40","guid":{"rendered":"https:\/\/roveyayinevi.com.tr\/index.php\/urun\/mustafa-kemal-2\/"},"modified":"2026-04-16T03:11:13","modified_gmt":"2026-04-16T00:11:13","slug":"mustafa-kemal-2","status":"publish","type":"product","link":"https:\/\/roveyayinevi.com.tr\/index.php\/urun\/mustafa-kemal-2\/","title":{"rendered":"Mustafa Kemal"},"content":{"rendered":"<p>B\u0130R ASKER\u0130 DEHA As\u0131rlar boyu d\u00fcnyaya y\u00f6n vermi\u015f, \u00e7a\u011flar a\u00e7m\u0131\u015f \u00e7a\u011flar kapatm\u0131\u015f, d\u00fcnyaya adalet ve ho\u015fg\u00f6r\u00fcyle h\u00fckmetmi\u015f olan T\u00fcrk Milleti i\u00e7in; \u201cOsmanl\u0131 art\u0131k bitti. T\u00fcrk\u2019\u00fc dize getirdik, esir ettik.\u201d diyordu zalimler. Oysa onu esir etmek isteyenler, ondan korkusuna setler yapm\u0131\u015flar, sa\u011flam kalelerin arkas\u0131na saklanm\u0131\u015flard\u0131. \u201cGeldiler Pa\u015fam, geldiler.\u201d dedi Salih Bey umutsuzca. Mustafa Kemal en ufak bir \u015f\u00fcphe duymadan, \u201cGeldikleri gibi giderler nas\u0131l olsa. Geldikleri gibi giderler\u2026\u201d dedi. G\u00fcc\u00fcn\u00fc iman\u0131ndan alan, komutanl\u0131\u011f\u0131n\u0131 da Mustafa Kemal\u2019in yapt\u0131\u011f\u0131 bu milletin ordusu en son 9 Eyl\u00fcl 1922\u2019de zalimleri Akdeniz\u2019in sular\u0131na g\u00f6md\u00fc. Ezelden beri h\u00fcr ya\u015fam\u0131\u015f ve h\u00fcr ya\u015fayacak olan bu millete zincir vurmak isteyenlere T\u00fcrk Milleti \u015f\u00f6yle sesleniyordu: \u201cGeldi\u011finiz gibi gidin \u00e7\u00f6pl\u00fc\u011f\u00fcn\u00fcze. Biz sa\u011f olduk\u00e7a, sizin pay\u0131n\u0131za hep ka\u00e7mak d\u00fc\u015fecek.\u201d  <\/p>\n","protected":false},"excerpt":{"rendered":"<p>B\u0130R ASKER\u0130 DEHA As\u0131rlar boyu d\u00fcnyaya y\u00f6n vermi\u015f, \u00e7a\u011flar a\u00e7m\u0131\u015f \u00e7a\u011flar kapatm\u0131\u015f, d\u00fcnyaya adalet ve ho\u015fg\u00f6r\u00fcyle h\u00fckmetmi\u015f olan T\u00fcrk Milleti i\u00e7in; \u201cOsmanl\u0131 art\u0131k bitti. T\u00fcrk\u2019\u00fc dize<span class=\"excerpt-hellip\"> [\u2026]<\/span><\/p>\n","protected":false},"featured_media":0,"template":"","meta":{"_monsterinsights_skip_tracking":false,"_monsterinsights_sitenote_active":false,"_monsterinsights_sitenote_note":"","_monsterinsights_sitenote_category":0},"product_brand":[],"product_cat":[13946,12304],"product_tag":[],"class_list":{"0":"post-757924","1":"product","2":"type-product","3":"status-publish","5":"product_cat-biyografi-otobiyografi","6":"product_cat-tarih","7":"pa_cilt-ciltsiz","8":"pa_tur-kitap","9":"pa_yayinevi-genc-hayat","10":"pa_yazar-yusuf-guldur","12":"first","13":"instock","14":"sale","15":"shipping-taxable","16":"purchasable","17":"product-type-simple"},"_links":{"self":[{"href":"https:\/\/roveyayinevi.com.tr\/index.php\/wp-json\/wp\/v2\/product\/757924","targetHints":{"allow":["GET"]}}],"collection":[{"href":"https:\/\/roveyayinevi.com.tr\/index.php\/wp-json\/wp\/v2\/product"}],"about":[{"href":"https:\/\/roveyayinevi.com.tr\/index.php\/wp-json\/wp\/v2\/types\/product"}],"wp:attachment":[{"href":"https:\/\/roveyayinevi.com.tr\/index.php\/wp-json\/wp\/v2\/media?parent=757924"}],"wp:term":[{"taxonomy":"product_brand","embeddable":true,"href":"https:\/\/roveyayinevi.com.tr\/index.php\/wp-json\/wp\/v2\/product_brand?post=757924"},{"taxonomy":"product_cat","embeddable":true,"href":"https:\/\/roveyayinevi.com.tr\/index.php\/wp-json\/wp\/v2\/product_cat?post=757924"},{"taxonomy":"product_tag","embeddable":true,"href":"https:\/\/roveyayinevi.com.tr\/index.php\/wp-json\/wp\/v2\/product_tag?post=757924"}],"curies":[{"name":"wp","href":"https:\/\/api.w.org\/{rel}","templated":true}]}}