{"id":757923,"date":"2025-08-28T07:49:38","date_gmt":"2025-08-28T04:49:38","guid":{"rendered":"https:\/\/roveyayinevi.com.tr\/index.php\/urun\/diyet-ve-diger-hikayeler-cep-boy\/"},"modified":"2026-04-16T03:11:13","modified_gmt":"2026-04-16T00:11:13","slug":"diyet-ve-diger-hikayeler-cep-boy","status":"publish","type":"product","link":"https:\/\/roveyayinevi.com.tr\/index.php\/urun\/diyet-ve-diger-hikayeler-cep-boy\/","title":{"rendered":"Diyet  ve Di\u011fer Hikayeler ( CEP BOY)"},"content":{"rendered":"<p>Cabi Efendi, \u00f6yle her ihtiyar gibi, sabahtan ak\u015fama kadar evinde pineklemezdi. Vak\u0131a yine ciddi bir i\u015fe elini s\u00fcrmez: \u201cYiyece\u011fim var, i\u00e7ece\u011fim var! \u0130\u015f benim neme gerek?\u201d derdi. Ama her sabah g\u00fcne\u015f do\u011fmadan kendini soka\u011fa atard\u0131.Yeg\u00e2ne merak\u0131 \u201cd\u00fcnyan\u0131n ahvalini\u201d tetkikti! \u201cOkuryazar\u201d g\u00fcruhundand\u0131. Fakat bu faziletini hi\u00e7 kullanm\u0131yordu. K\u00fct\u00fcphanelerin \u00f6n\u00fcnden ge\u00e7erken kendini tutamaz: \u201c\u0130\u015fte n\u00e2danlar\u0131n ak\u0131l ambar\u0131!\u201d diye g\u00fcl\u00fcmserdi.Mermer Tezg\u00e2h hikayesinden&#8230;<\/p>\n","protected":false},"excerpt":{"rendered":"<p>Cabi Efendi, \u00f6yle her ihtiyar gibi, sabahtan ak\u015fama kadar evinde pineklemezdi. Vak\u0131a yine ciddi bir i\u015fe elini s\u00fcrmez: \u201cYiyece\u011fim var, i\u00e7ece\u011fim var! \u0130\u015f benim neme gerek?\u201d<span class=\"excerpt-hellip\"> [\u2026]<\/span><\/p>\n","protected":false},"featured_media":0,"template":"","meta":{"_monsterinsights_skip_tracking":false,"_monsterinsights_sitenote_active":false,"_monsterinsights_sitenote_note":"","_monsterinsights_sitenote_category":0},"product_brand":[],"product_cat":[12291,18202],"product_tag":[],"class_list":{"0":"post-757923","1":"product","2":"type-product","3":"status-publish","5":"product_cat-edebiyat","6":"product_cat-hikaye","7":"pa_cilt-ciltsiz","8":"pa_tur-kitap","9":"pa_yayinevi-dekalog-yayinlari","10":"pa_yazar-omer-seyfettin","12":"first","13":"instock","14":"sale","15":"shipping-taxable","16":"purchasable","17":"product-type-simple"},"_links":{"self":[{"href":"https:\/\/roveyayinevi.com.tr\/index.php\/wp-json\/wp\/v2\/product\/757923","targetHints":{"allow":["GET"]}}],"collection":[{"href":"https:\/\/roveyayinevi.com.tr\/index.php\/wp-json\/wp\/v2\/product"}],"about":[{"href":"https:\/\/roveyayinevi.com.tr\/index.php\/wp-json\/wp\/v2\/types\/product"}],"wp:attachment":[{"href":"https:\/\/roveyayinevi.com.tr\/index.php\/wp-json\/wp\/v2\/media?parent=757923"}],"wp:term":[{"taxonomy":"product_brand","embeddable":true,"href":"https:\/\/roveyayinevi.com.tr\/index.php\/wp-json\/wp\/v2\/product_brand?post=757923"},{"taxonomy":"product_cat","embeddable":true,"href":"https:\/\/roveyayinevi.com.tr\/index.php\/wp-json\/wp\/v2\/product_cat?post=757923"},{"taxonomy":"product_tag","embeddable":true,"href":"https:\/\/roveyayinevi.com.tr\/index.php\/wp-json\/wp\/v2\/product_tag?post=757923"}],"curies":[{"name":"wp","href":"https:\/\/api.w.org\/{rel}","templated":true}]}}