{"id":757921,"date":"2025-08-28T07:49:34","date_gmt":"2025-08-28T04:49:34","guid":{"rendered":"https:\/\/roveyayinevi.com.tr\/index.php\/urun\/divan-siirinden-secmeler-cep-boy\/"},"modified":"2026-04-16T03:11:13","modified_gmt":"2026-04-16T00:11:13","slug":"divan-siirinden-secmeler-cep-boy","status":"publish","type":"product","link":"https:\/\/roveyayinevi.com.tr\/index.php\/urun\/divan-siirinden-secmeler-cep-boy\/","title":{"rendered":"Divan \u015eiiri&#8217;nden Se\u00e7meler (CEP BOY)"},"content":{"rendered":"<p>Bir kadehle bizi s\u00e2ki gaman \u00e2z\u00e2d eyledi\u015e\u00e2d olsun g\u00f6nl\u00fc an\u0131n g\u00f6nl\u00fcm\u00fc \u015f\u00e2d eylediBende idi bunca y\u0131llar kaddine serv-i rev\u00e2nDo\u011frulukla kulluk etti\u011fiy\u00e7\u00fcn \u00e2z\u00e2d eylediHusrev-i h\u00fbb\u00e2n eden sen dilber-i \u015f\u00eer\u00een-lebiB\u00ees\u00fct\u00fbn-i a\u015fk i\u00e7inde beni Ferh\u00e2d eylediOd ile korkutma v\u00e2&#8217;iz bizi kim l\u00e2&#8217;l-i Nig\u00e2rC\u00e2n\u0131m\u0131z biz\u00fcm oda yanma\u011fa mu&#8217;t\u00e2d eyledi\u0130ster isen m\u00fclk-i h\u00fcsn \u00e2b\u00e2d ola d\u00e2d eyle kimP\u00e2di\u015fehler d\u00e2d ile m\u00fclkini \u00e2b\u00e2d eylediHoca Denh\u00e2ni<\/p>\n","protected":false},"excerpt":{"rendered":"<p>Bir kadehle bizi s\u00e2ki gaman \u00e2z\u00e2d eyledi\u015e\u00e2d olsun g\u00f6nl\u00fc an\u0131n g\u00f6nl\u00fcm\u00fc \u015f\u00e2d eylediBende idi bunca y\u0131llar kaddine serv-i rev\u00e2nDo\u011frulukla kulluk etti\u011fiy\u00e7\u00fcn \u00e2z\u00e2d eylediHusrev-i h\u00fbb\u00e2n eden sen<span class=\"excerpt-hellip\"> [\u2026]<\/span><\/p>\n","protected":false},"featured_media":0,"template":"","meta":{"_monsterinsights_skip_tracking":false,"_monsterinsights_sitenote_active":false,"_monsterinsights_sitenote_note":"","_monsterinsights_sitenote_category":0},"product_brand":[],"product_cat":[12291,12509],"product_tag":[],"class_list":{"0":"post-757921","1":"product","2":"type-product","3":"status-publish","5":"product_cat-edebiyat","6":"product_cat-siir","7":"pa_cilt-ciltsiz","8":"pa_tur-kitap","9":"pa_yayinevi-dekalog-yayinlari","10":"pa_yazar-dekalog-kollektif","12":"first","13":"instock","14":"sale","15":"shipping-taxable","16":"purchasable","17":"product-type-simple"},"_links":{"self":[{"href":"https:\/\/roveyayinevi.com.tr\/index.php\/wp-json\/wp\/v2\/product\/757921","targetHints":{"allow":["GET"]}}],"collection":[{"href":"https:\/\/roveyayinevi.com.tr\/index.php\/wp-json\/wp\/v2\/product"}],"about":[{"href":"https:\/\/roveyayinevi.com.tr\/index.php\/wp-json\/wp\/v2\/types\/product"}],"wp:attachment":[{"href":"https:\/\/roveyayinevi.com.tr\/index.php\/wp-json\/wp\/v2\/media?parent=757921"}],"wp:term":[{"taxonomy":"product_brand","embeddable":true,"href":"https:\/\/roveyayinevi.com.tr\/index.php\/wp-json\/wp\/v2\/product_brand?post=757921"},{"taxonomy":"product_cat","embeddable":true,"href":"https:\/\/roveyayinevi.com.tr\/index.php\/wp-json\/wp\/v2\/product_cat?post=757921"},{"taxonomy":"product_tag","embeddable":true,"href":"https:\/\/roveyayinevi.com.tr\/index.php\/wp-json\/wp\/v2\/product_tag?post=757921"}],"curies":[{"name":"wp","href":"https:\/\/api.w.org\/{rel}","templated":true}]}}