{"id":757919,"date":"2025-08-28T07:49:30","date_gmt":"2025-08-28T04:49:30","guid":{"rendered":"https:\/\/roveyayinevi.com.tr\/index.php\/urun\/deniz-feneri-cep-boy\/"},"modified":"2026-04-08T03:19:06","modified_gmt":"2026-04-08T00:19:06","slug":"deniz-feneri-cep-boy","status":"publish","type":"product","link":"https:\/\/roveyayinevi.com.tr\/index.php\/urun\/deniz-feneri-cep-boy\/","title":{"rendered":"Deniz Feneri (Cep Boy)"},"content":{"rendered":"<p>\u201cYar\u0131n hava iyi olursa, tabii ki\u201d dedi Bayan Ramsay. \u201cFakat sabah erkenden kalkman gerekiyor\u201d diye ekledi.Bu s\u00f6zler o\u011fluna, sanki gezi kesinle\u015fmi\u015f, y\u0131llard\u0131r bekledi\u011fi mucize, bir gecenin karanl\u0131\u011f\u0131 ve bir g\u00fcnl\u00fck sandal yolculu\u011fundan ger\u00e7ekle\u015fmi\u015f gibi a\u015f\u0131r\u0131 keyif verdi. Alt\u0131 ya\u015f\u0131ndan beri bir duygusunu di\u011ferinden ay\u0131rt edemeyen, gelecekteki ihtimalleri \u00fcz\u00fcnt\u00fcs\u00fc ve sevinciyle elindeki \u00e2na yans\u0131tan o gruba dahil olmu\u015ftu, fakat bu t\u00fcr insanlar \u00e7ocukluklar\u0131n\u0131n erken d\u00f6nemlerinde bile kasvet ya da \u00fcz\u00fcnt\u00fcn\u00fcn \u00fczerine d\u00fc\u015ft\u00fc\u011f\u00fc \u00e2n\u0131 ay\u0131rt edip yans\u0131tma kabiliyetine sahiptir.<\/p>\n","protected":false},"excerpt":{"rendered":"<p>\u201cYar\u0131n hava iyi olursa, tabii ki\u201d dedi Bayan Ramsay. \u201cFakat sabah erkenden kalkman gerekiyor\u201d diye ekledi.Bu s\u00f6zler o\u011fluna, sanki gezi kesinle\u015fmi\u015f, y\u0131llard\u0131r bekledi\u011fi mucize, bir gecenin<span class=\"excerpt-hellip\"> [\u2026]<\/span><\/p>\n","protected":false},"featured_media":0,"template":"","meta":{"_monsterinsights_skip_tracking":false,"_monsterinsights_sitenote_active":false,"_monsterinsights_sitenote_note":"","_monsterinsights_sitenote_category":0},"product_brand":[],"product_cat":[12291,12711],"product_tag":[],"class_list":{"0":"post-757919","1":"product","2":"type-product","3":"status-publish","5":"product_cat-edebiyat","6":"product_cat-roman-oyku","7":"pa_cilt-ciltsiz","8":"pa_tur-kitap","9":"pa_yayinevi-dekalog-yayinlari","10":"pa_yazar-virginia-woolf","12":"first","13":"instock","14":"sale","15":"shipping-taxable","16":"purchasable","17":"product-type-simple"},"_links":{"self":[{"href":"https:\/\/roveyayinevi.com.tr\/index.php\/wp-json\/wp\/v2\/product\/757919","targetHints":{"allow":["GET"]}}],"collection":[{"href":"https:\/\/roveyayinevi.com.tr\/index.php\/wp-json\/wp\/v2\/product"}],"about":[{"href":"https:\/\/roveyayinevi.com.tr\/index.php\/wp-json\/wp\/v2\/types\/product"}],"wp:attachment":[{"href":"https:\/\/roveyayinevi.com.tr\/index.php\/wp-json\/wp\/v2\/media?parent=757919"}],"wp:term":[{"taxonomy":"product_brand","embeddable":true,"href":"https:\/\/roveyayinevi.com.tr\/index.php\/wp-json\/wp\/v2\/product_brand?post=757919"},{"taxonomy":"product_cat","embeddable":true,"href":"https:\/\/roveyayinevi.com.tr\/index.php\/wp-json\/wp\/v2\/product_cat?post=757919"},{"taxonomy":"product_tag","embeddable":true,"href":"https:\/\/roveyayinevi.com.tr\/index.php\/wp-json\/wp\/v2\/product_tag?post=757919"}],"curies":[{"name":"wp","href":"https:\/\/api.w.org\/{rel}","templated":true}]}}